{"id":137,"date":"2025-06-19T22:04:32","date_gmt":"2025-06-19T20:04:32","guid":{"rendered":"https:\/\/domisob.art\/?page_id=137"},"modified":"2026-03-31T22:36:07","modified_gmt":"2026-03-31T20:36:07","slug":"szept","status":"publish","type":"page","link":"https:\/\/domisob.art\/en\/szept\/","title":{"rendered":"Szept"},"content":{"rendered":"<style><\/style><style><\/style>\n<div style=\"height: 60px;\"><\/div>\n\n\n\n<div class=\"wp-block-media-text is-stacked-on-mobile\"><figure class=\"wp-block-media-text__media\"><img loading=\"lazy\" decoding=\"async\" width=\"1024\" height=\"1024\" src=\"https:\/\/domisob.art\/wp-content\/uploads\/2025\/12\/Szept-Logo-1024x1024.png\" alt=\"logo marki Szept zaprojektowane w ramach identyfikacji wizualnej domisob\" class=\"wp-image-1287 size-full\" srcset=\"https:\/\/domisob.art\/wp-content\/uploads\/2025\/12\/Szept-Logo-1024x1024.png 1024w, https:\/\/domisob.art\/wp-content\/uploads\/2025\/12\/Szept-Logo-900x900.png 900w, https:\/\/domisob.art\/wp-content\/uploads\/2025\/12\/Szept-Logo-800x800.png 800w, https:\/\/domisob.art\/wp-content\/uploads\/2025\/12\/Szept-Logo-768x768.png 768w, https:\/\/domisob.art\/wp-content\/uploads\/2025\/12\/Szept-Logo-1536x1536.png 1536w, https:\/\/domisob.art\/wp-content\/uploads\/2025\/12\/Szept-Logo-12x12.png 12w, https:\/\/domisob.art\/wp-content\/uploads\/2025\/12\/Szept-Logo.png 2000w\" sizes=\"auto, (max-width: 1024px) 100vw, 1024px\" \/><\/figure><div class=\"wp-block-media-text__content\">\n<p style=\"letter-spacing:0.2px\">Szept to koncepcyjna marka kosmetyk\u00f3w naturalnych oparta na idei rytua\u0142u i ciszy.<\/p>\n\n\n\n<p style=\"letter-spacing:0.2px\">Powsta\u0142a z przekonania, \u017ce prawdziwe pi\u0119kno nie zaczyna si\u0119 od efektu wizualnego, lecz od chwili zatrzymania. To marka, kt\u00f3ra przypomina, \u017ce codzienna piel\u0119gnacja jest form\u0105 troski o siebie, a nie obowi\u0105zkiem.<\/p>\n\n\n\n<p style=\"letter-spacing:0.2px\">Marka pokazuje, \u017ce pi\u0119kno zaczyna si\u0119 od szeptu czyli od spokojnego gestu, oddechu i uwa\u017cno\u015bci. Ka\u017cdy produkt staje si\u0119 cz\u0119\u015bci\u0105 rytua\u0142u, kt\u00f3ry buduje relacj\u0119 z w\u0142asnym cia\u0142em i emocjami. Marka nie krzyczy, nie dominuje form\u0105. Jej si\u0142\u0105 jest subtelno\u015b\u0107 i konsekwencja.<\/p>\n\n\n\n<p style=\"letter-spacing:0.2px\">Wizualny j\u0119zyk marki opiera si\u0119 na minimalizmie, mi\u0119kkiej typografii i wywa\u017conej palecie kolor\u00f3w. Motyw li\u015bcia symbolizuje regeneracj\u0119 i naturalny cykl odnowy, ale nie funkcjonuje jedynie jako ozdoba. Jest elementem systemowym brandingu, kt\u00f3ry jest obecny w ca\u0142ej komunikacji wizualnej marki.<\/p>\n<\/div><\/div>\n\n\n<style><\/style><style><\/style>\n<div style=\"height: 60px;\"><\/div>\n\n\n\n<h1 class=\"wp-block-heading has-text-align-center has-black-color has-text-color has-link-color wp-elements-2347b26a40264f89a404f0fd8805a022\" id=\"branding-w-przestrzeni\" style=\"letter-spacing:0.5px\">Branding w przestrzeni<\/h1>\n\n\n\n<div style=\"height: 25px;\"><\/div>\n\n\n\n<figure class=\"wp-block-gallery has-nested-images columns-1 is-cropped wp-block-gallery-1 is-layout-flex wp-block-gallery-is-layout-flex\">\n<figure class=\"wp-block-image size-full has-custom-border\"><img loading=\"lazy\" decoding=\"async\" width=\"2400\" height=\"1800\" data-id=\"1182\" src=\"https:\/\/domisob.art\/wp-content\/uploads\/2025\/11\/szept-1.png\" alt=\"\" class=\"wp-image-1182\" style=\"border-top-left-radius:25px;border-top-right-radius:25px;border-bottom-left-radius:25px;border-bottom-right-radius:25px\" srcset=\"https:\/\/domisob.art\/wp-content\/uploads\/2025\/11\/szept-1.png 2400w, https:\/\/domisob.art\/wp-content\/uploads\/2025\/11\/szept-1-900x675.png 900w, https:\/\/domisob.art\/wp-content\/uploads\/2025\/11\/szept-1-1024x768.png 1024w, https:\/\/domisob.art\/wp-content\/uploads\/2025\/11\/szept-1-768x576.png 768w\" sizes=\"auto, (max-width: 2400px) 100vw, 2400px\" \/><\/figure>\n\n\n\n<figure class=\"wp-block-image size-full has-custom-border\"><img loading=\"lazy\" decoding=\"async\" width=\"2560\" height=\"2560\" data-id=\"141\" src=\"https:\/\/domisob.art\/wp-content\/uploads\/2025\/06\/szept-2.png\" alt=\"\" class=\"wp-image-141\" style=\"border-top-left-radius:25px;border-top-right-radius:25px;border-bottom-left-radius:25px;border-bottom-right-radius:25px\" srcset=\"https:\/\/domisob.art\/wp-content\/uploads\/2025\/06\/szept-2.png 2560w, https:\/\/domisob.art\/wp-content\/uploads\/2025\/06\/szept-2-900x900.png 900w, https:\/\/domisob.art\/wp-content\/uploads\/2025\/06\/szept-2-1024x1024.png 1024w, https:\/\/domisob.art\/wp-content\/uploads\/2025\/06\/szept-2-800x800.png 800w, https:\/\/domisob.art\/wp-content\/uploads\/2025\/06\/szept-2-768x768.png 768w, https:\/\/domisob.art\/wp-content\/uploads\/2025\/06\/szept-2-1536x1536.png 1536w, https:\/\/domisob.art\/wp-content\/uploads\/2025\/06\/szept-2-2048x2048.png 2048w, https:\/\/domisob.art\/wp-content\/uploads\/2025\/06\/szept-2-12x12.png 12w\" sizes=\"auto, (max-width: 2560px) 100vw, 2560px\" \/><\/figure>\n\n\n\n<figure class=\"wp-block-image size-full has-custom-border\"><img loading=\"lazy\" decoding=\"async\" width=\"2560\" height=\"1920\" data-id=\"1183\" src=\"https:\/\/domisob.art\/wp-content\/uploads\/2025\/11\/szept-3.png\" alt=\"\" class=\"wp-image-1183\" style=\"border-top-left-radius:25px;border-top-right-radius:25px;border-bottom-left-radius:25px;border-bottom-right-radius:25px\" srcset=\"https:\/\/domisob.art\/wp-content\/uploads\/2025\/11\/szept-3.png 2560w, https:\/\/domisob.art\/wp-content\/uploads\/2025\/11\/szept-3-900x675.png 900w, https:\/\/domisob.art\/wp-content\/uploads\/2025\/11\/szept-3-1024x768.png 1024w, https:\/\/domisob.art\/wp-content\/uploads\/2025\/11\/szept-3-768x576.png 768w, https:\/\/domisob.art\/wp-content\/uploads\/2025\/11\/szept-3-1536x1152.png 1536w, https:\/\/domisob.art\/wp-content\/uploads\/2025\/11\/szept-3-2048x1536.png 2048w, https:\/\/domisob.art\/wp-content\/uploads\/2025\/11\/szept-3-16x12.png 16w\" sizes=\"auto, (max-width: 2560px) 100vw, 2560px\" \/><\/figure>\n\n\n\n<figure class=\"wp-block-image size-full has-custom-border\"><img loading=\"lazy\" decoding=\"async\" width=\"2560\" height=\"2304\" data-id=\"2188\" src=\"https:\/\/domisob.art\/wp-content\/uploads\/2026\/02\/scene-18-88-scaled.png\" alt=\"\" class=\"wp-image-2188\" style=\"border-top-left-radius:25px;border-top-right-radius:25px;border-bottom-left-radius:25px;border-bottom-right-radius:25px\" srcset=\"https:\/\/domisob.art\/wp-content\/uploads\/2026\/02\/scene-18-88-scaled.png 2560w, https:\/\/domisob.art\/wp-content\/uploads\/2026\/02\/scene-18-88-900x810.png 900w, https:\/\/domisob.art\/wp-content\/uploads\/2026\/02\/scene-18-88-1024x922.png 1024w, https:\/\/domisob.art\/wp-content\/uploads\/2026\/02\/scene-18-88-768x691.png 768w, https:\/\/domisob.art\/wp-content\/uploads\/2026\/02\/scene-18-88-1536x1383.png 1536w, https:\/\/domisob.art\/wp-content\/uploads\/2026\/02\/scene-18-88-2048x1843.png 2048w, https:\/\/domisob.art\/wp-content\/uploads\/2026\/02\/scene-18-88-13x12.png 13w\" sizes=\"auto, (max-width: 2560px) 100vw, 2560px\" \/><\/figure>\n\n\n\n<figure class=\"wp-block-image size-full has-custom-border\"><img loading=\"lazy\" decoding=\"async\" width=\"2550\" height=\"2550\" data-id=\"409\" src=\"https:\/\/domisob.art\/wp-content\/uploads\/2025\/08\/szept-5.png\" alt=\"\" class=\"wp-image-409\" style=\"border-top-left-radius:25px;border-top-right-radius:25px;border-bottom-left-radius:25px;border-bottom-right-radius:25px\" srcset=\"https:\/\/domisob.art\/wp-content\/uploads\/2025\/08\/szept-5.png 2550w, https:\/\/domisob.art\/wp-content\/uploads\/2025\/08\/szept-5-300x300.png 300w, https:\/\/domisob.art\/wp-content\/uploads\/2025\/08\/szept-5-1024x1024.png 1024w, https:\/\/domisob.art\/wp-content\/uploads\/2025\/08\/szept-5-150x150.png 150w, https:\/\/domisob.art\/wp-content\/uploads\/2025\/08\/szept-5-768x768.png 768w\" sizes=\"auto, (max-width: 2550px) 100vw, 2550px\" \/><\/figure>\n\n\n\n<figure class=\"wp-block-image size-full has-custom-border\"><img loading=\"lazy\" decoding=\"async\" width=\"2560\" height=\"2560\" data-id=\"143\" src=\"https:\/\/domisob.art\/wp-content\/uploads\/2025\/06\/szept-6.png\" alt=\"\" class=\"wp-image-143\" style=\"border-top-left-radius:25px;border-top-right-radius:25px;border-bottom-left-radius:25px;border-bottom-right-radius:25px\" srcset=\"https:\/\/domisob.art\/wp-content\/uploads\/2025\/06\/szept-6.png 2560w, https:\/\/domisob.art\/wp-content\/uploads\/2025\/06\/szept-6-900x900.png 900w, https:\/\/domisob.art\/wp-content\/uploads\/2025\/06\/szept-6-1024x1024.png 1024w, https:\/\/domisob.art\/wp-content\/uploads\/2025\/06\/szept-6-800x800.png 800w, https:\/\/domisob.art\/wp-content\/uploads\/2025\/06\/szept-6-768x768.png 768w, https:\/\/domisob.art\/wp-content\/uploads\/2025\/06\/szept-6-1536x1536.png 1536w, https:\/\/domisob.art\/wp-content\/uploads\/2025\/06\/szept-6-2048x2048.png 2048w, https:\/\/domisob.art\/wp-content\/uploads\/2025\/06\/szept-6-12x12.png 12w\" sizes=\"auto, (max-width: 2560px) 100vw, 2560px\" \/><\/figure>\n\n\n\n<figure class=\"wp-block-image size-full has-custom-border\"><img loading=\"lazy\" decoding=\"async\" width=\"2560\" height=\"2560\" data-id=\"142\" src=\"https:\/\/domisob.art\/wp-content\/uploads\/2025\/06\/szept-7.png\" alt=\"\" class=\"wp-image-142\" style=\"border-top-left-radius:25px;border-top-right-radius:25px;border-bottom-left-radius:25px;border-bottom-right-radius:25px\" srcset=\"https:\/\/domisob.art\/wp-content\/uploads\/2025\/06\/szept-7.png 2560w, https:\/\/domisob.art\/wp-content\/uploads\/2025\/06\/szept-7-900x900.png 900w, https:\/\/domisob.art\/wp-content\/uploads\/2025\/06\/szept-7-1024x1024.png 1024w, https:\/\/domisob.art\/wp-content\/uploads\/2025\/06\/szept-7-800x800.png 800w, https:\/\/domisob.art\/wp-content\/uploads\/2025\/06\/szept-7-768x768.png 768w, https:\/\/domisob.art\/wp-content\/uploads\/2025\/06\/szept-7-1536x1536.png 1536w, https:\/\/domisob.art\/wp-content\/uploads\/2025\/06\/szept-7-2048x2048.png 2048w, https:\/\/domisob.art\/wp-content\/uploads\/2025\/06\/szept-7-12x12.png 12w\" sizes=\"auto, (max-width: 2560px) 100vw, 2560px\" \/><\/figure>\n\n\n\n<figure class=\"wp-block-image size-full has-custom-border\"><img loading=\"lazy\" decoding=\"async\" width=\"1919\" height=\"1919\" data-id=\"1185\" src=\"https:\/\/domisob.art\/wp-content\/uploads\/2025\/11\/szept-8.png\" alt=\"\" class=\"wp-image-1185\" style=\"border-top-left-radius:25px;border-top-right-radius:25px;border-bottom-left-radius:25px;border-bottom-right-radius:25px\" srcset=\"https:\/\/domisob.art\/wp-content\/uploads\/2025\/11\/szept-8.png 1919w, https:\/\/domisob.art\/wp-content\/uploads\/2025\/11\/szept-8-900x900.png 900w, https:\/\/domisob.art\/wp-content\/uploads\/2025\/11\/szept-8-1024x1024.png 1024w, https:\/\/domisob.art\/wp-content\/uploads\/2025\/11\/szept-8-800x800.png 800w, https:\/\/domisob.art\/wp-content\/uploads\/2025\/11\/szept-8-768x768.png 768w, https:\/\/domisob.art\/wp-content\/uploads\/2025\/11\/szept-8-1536x1536.png 1536w, https:\/\/domisob.art\/wp-content\/uploads\/2025\/11\/szept-8-12x12.png 12w\" sizes=\"auto, (max-width: 1919px) 100vw, 1919px\" \/><\/figure>\n\n\n\n<figure class=\"wp-block-image size-full has-custom-border\"><img loading=\"lazy\" decoding=\"async\" width=\"1934\" height=\"1934\" data-id=\"145\" src=\"https:\/\/domisob.art\/wp-content\/uploads\/2025\/06\/szept-9.png\" alt=\"\" class=\"wp-image-145\" style=\"border-top-left-radius:25px;border-top-right-radius:25px;border-bottom-left-radius:25px;border-bottom-right-radius:25px\" srcset=\"https:\/\/domisob.art\/wp-content\/uploads\/2025\/06\/szept-9.png 1934w, https:\/\/domisob.art\/wp-content\/uploads\/2025\/06\/szept-9-300x300.png 300w, https:\/\/domisob.art\/wp-content\/uploads\/2025\/06\/szept-9-1024x1024.png 1024w, https:\/\/domisob.art\/wp-content\/uploads\/2025\/06\/szept-9-150x150.png 150w, https:\/\/domisob.art\/wp-content\/uploads\/2025\/06\/szept-9-768x768.png 768w, https:\/\/domisob.art\/wp-content\/uploads\/2025\/06\/szept-9-1536x1536.png 1536w, https:\/\/domisob.art\/wp-content\/uploads\/2025\/06\/szept-9-12x12.png 12w\" sizes=\"auto, (max-width: 1934px) 100vw, 1934px\" \/><\/figure>\n<\/figure>\n\n\n<style><\/style><style><\/style>\n<div style=\"height: 60px;\"><\/div>\n\n\n\n<h1 class=\"wp-block-heading has-text-align-center has-black-color has-text-color has-link-color wp-elements-d0f009c58b76ef15a1bbee0f0a50e8af\" id=\"fundament-brandingu\" style=\"letter-spacing:0.5px\">Fundament brandingu<\/h1>\n\n\n\n<div style=\"height: 25px;\"><\/div>\n\n\n\n<p style=\"letter-spacing:0.2px\">Branding marki Szept zosta\u0142 zbudowany wok\u00f3\u0142 idei rytua\u0142u i \u015bwiadomego zatrzymania. Kluczowe by\u0142o stworzenie struktury, kt\u00f3ra pozwoli marce komunikowa\u0107 cisz\u0119 i elegancj\u0119 bez utraty wyrazisto\u015bci. Motyw li\u015bcia pe\u0142ni funkcj\u0119 znaku r\u00f3wnowagi i oddechu nie jako dekoracja, lecz jako element porz\u0105dkuj\u0105cy kompozycj\u0119 i nadaj\u0105cy jej kierunek. O\u015b systemu stanowi typografia Playfair Display, kt\u00f3ra wprowadza ponadczasowo\u015b\u0107 i subteln\u0105 emocjonalno\u015b\u0107. Sp\u00f3jna, ograniczona paleta kolorystyczna oparta na g\u0142\u0119bokiej \u015bliwce i pudrowym r\u00f3\u017cu, kt\u00f3ra buduje atmosfer\u0119 intymno\u015bci i wyciszenia.<\/p>\n\n\n\n<div style=\"height: 60px;\"><\/div>\n\n\n\n<h1 class=\"wp-block-heading has-text-align-center has-black-color has-text-color has-link-color wp-elements-593fe7c00f98fcb224910f17d7841101\" id=\"system-typografii-i-koloru\" style=\"letter-spacing:0.5px\">System typografii i koloru<\/h1>\n\n\n\n<div style=\"height: 25px;\"><\/div>\n\n\n\n<div class=\"wp-block-columns is-layout-flex wp-container-core-columns-is-layout-28f84493 wp-block-columns-is-layout-flex\">\n<div class=\"wp-block-column is-layout-flow wp-block-column-is-layout-flow\">\n<figure class=\"wp-block-image size-full\"><img loading=\"lazy\" decoding=\"async\" width=\"1414\" height=\"2000\" src=\"https:\/\/domisob.art\/wp-content\/uploads\/2025\/06\/szept-czcionki.png\" alt=\"\" class=\"wp-image-138\" srcset=\"https:\/\/domisob.art\/wp-content\/uploads\/2025\/06\/szept-czcionki.png 1414w, https:\/\/domisob.art\/wp-content\/uploads\/2025\/06\/szept-czcionki-212x300.png 212w, https:\/\/domisob.art\/wp-content\/uploads\/2025\/06\/szept-czcionki-724x1024.png 724w, https:\/\/domisob.art\/wp-content\/uploads\/2025\/06\/szept-czcionki-768x1086.png 768w, https:\/\/domisob.art\/wp-content\/uploads\/2025\/06\/szept-czcionki-1086x1536.png 1086w, https:\/\/domisob.art\/wp-content\/uploads\/2025\/06\/szept-czcionki-8x12.png 8w\" sizes=\"auto, (max-width: 1414px) 100vw, 1414px\" \/><\/figure>\n<\/div>\n\n\n\n<div class=\"wp-block-column is-layout-flow wp-block-column-is-layout-flow\">\n<figure class=\"wp-block-image size-large\"><img loading=\"lazy\" decoding=\"async\" width=\"724\" height=\"1024\" src=\"https:\/\/domisob.art\/wp-content\/uploads\/2025\/06\/Szept-paleta-3-724x1024.png\" alt=\"\" class=\"wp-image-246\" srcset=\"https:\/\/domisob.art\/wp-content\/uploads\/2025\/06\/Szept-paleta-3-724x1024.png 724w, https:\/\/domisob.art\/wp-content\/uploads\/2025\/06\/Szept-paleta-3-212x300.png 212w, https:\/\/domisob.art\/wp-content\/uploads\/2025\/06\/Szept-paleta-3-768x1086.png 768w, https:\/\/domisob.art\/wp-content\/uploads\/2025\/06\/Szept-paleta-3-1086x1536.png 1086w, https:\/\/domisob.art\/wp-content\/uploads\/2025\/06\/Szept-paleta-3-8x12.png 8w, https:\/\/domisob.art\/wp-content\/uploads\/2025\/06\/Szept-paleta-3.png 1414w\" sizes=\"auto, (max-width: 724px) 100vw, 724px\" \/><\/figure>\n<\/div>\n<\/div>\n\n\n\n<div style=\"height: 5px;\"><\/div>\n\n\n\n<h1 class=\"wp-block-heading has-text-align-center has-black-color has-text-color has-link-color wp-elements-bf721149109294d06fc4fc05d53ba617\" id=\"efekt-brandingu\" style=\"letter-spacing:0.5px\">Efekt brandingu<\/h1>\n\n\n\n<div style=\"height: 25px;\"><\/div\n\n\n\n<p><a href=\"https:\/\/domisob.art\/en\/mruczek-cafe\/\" target=\"_blank\" rel=\"noreferrer noopener\"><\/a>Efektem jest sp\u00f3jna marka, kt\u00f3ra buduje do\u015bwiadczenie marki oparte na rytuale i uwa\u017cno\u015bci. Szept nie opiera swojej si\u0142y na intensywno\u015bci przekazu, lecz na konsekwencji i harmonii. Ka\u017cdy element od logo po opakowania i komunikacj\u0119 cyfrow\u0105 wspiera ide\u0119 codziennego zatrzymania. Projekt pokazuje, \u017ce branding mo\u017ce by\u0107 cichy, a jednocze\u015bnie wyrazisty.<\/p>","protected":false},"excerpt":{"rendered":"<p>Szept to koncepcyjna marka kosmetyk\u00f3w naturalnych oparta na idei rytua\u0142u i ciszy. Powsta\u0142a z przekonania, \u017ce prawdziwe pi\u0119kno nie zaczyna [&hellip;]<\/p>\n","protected":false},"author":1,"featured_media":0,"parent":0,"menu_order":0,"comment_status":"closed","ping_status":"closed","template":"","meta":{"_gspb_post_css":"","site-sidebar-layout":"default","site-content-layout":"","ast-site-content-layout":"","site-content-style":"default","site-sidebar-style":"default","ast-global-header-display":"","ast-banner-title-visibility":"","ast-main-header-display":"","ast-hfb-above-header-display":"","ast-hfb-below-header-display":"","ast-hfb-mobile-header-display":"","site-post-title":"disabled","ast-breadcrumbs-content":"","ast-featured-img":"","footer-sml-layout":"","theme-transparent-header-meta":"","adv-header-id-meta":"","stick-header-meta":"","header-above-stick-meta":"","header-main-stick-meta":"","header-below-stick-meta":"","astra-migrate-meta-layouts":"default","ast-page-background-enabled":"default","ast-page-background-meta":{"desktop":{"background-color":"var(--ast-global-color-5)","background-image":"","background-repeat":"repeat","background-position":"center center","background-size":"auto","background-attachment":"scroll","background-type":"","background-media":"","overlay-type":"","overlay-color":"","overlay-opacity":"","overlay-gradient":""},"tablet":{"background-color":"","background-image":"","background-repeat":"repeat","background-position":"center center","background-size":"auto","background-attachment":"scroll","background-type":"","background-media":"","overlay-type":"","overlay-color":"","overlay-opacity":"","overlay-gradient":""},"mobile":{"background-color":"","background-image":"","background-repeat":"repeat","background-position":"center center","background-size":"auto","background-attachment":"scroll","background-type":"","background-media":"","overlay-type":"","overlay-color":"","overlay-opacity":"","overlay-gradient":""}},"ast-content-background-meta":{"desktop":{"background-color":"var(--ast-global-color-4)","background-image":"","background-repeat":"repeat","background-position":"center center","background-size":"auto","background-attachment":"scroll","background-type":"","background-media":"","overlay-type":"","overlay-color":"","overlay-opacity":"","overlay-gradient":""},"tablet":{"background-color":"var(--ast-global-color-4)","background-image":"","background-repeat":"repeat","background-position":"center center","background-size":"auto","background-attachment":"scroll","background-type":"","background-media":"","overlay-type":"","overlay-color":"","overlay-opacity":"","overlay-gradient":""},"mobile":{"background-color":"var(--ast-global-color-4)","background-image":"","background-repeat":"repeat","background-position":"center center","background-size":"auto","background-attachment":"scroll","background-type":"","background-media":"","overlay-type":"","overlay-color":"","overlay-opacity":"","overlay-gradient":""}},"footnotes":""},"class_list":["post-137","page","type-page","status-publish","hentry"],"yoast_head":"<!-- This site is optimized with the Yoast SEO plugin v27.4 - https:\/\/yoast.com\/product\/yoast-seo-wordpress\/ -->\n<title>Szept<\/title>\n<meta name=\"robots\" content=\"index, follow, max-snippet:-1, max-image-preview:large, max-video-preview:-1\" \/>\n<link rel=\"canonical\" href=\"https:\/\/domisob.art\/en\/szept\/\" \/>\n<meta property=\"og:locale\" content=\"en_US\" \/>\n<meta property=\"og:type\" content=\"article\" \/>\n<meta property=\"og:title\" content=\"Szept\" \/>\n<meta property=\"og:description\" content=\"Szept to koncepcyjna marka kosmetyk\u00f3w naturalnych oparta na idei rytua\u0142u i ciszy. Powsta\u0142a z przekonania, \u017ce prawdziwe pi\u0119kno nie zaczyna [&hellip;]\" \/>\n<meta property=\"og:url\" content=\"https:\/\/domisob.art\/en\/szept\/\" \/>\n<meta property=\"article:modified_time\" content=\"2026-03-31T20:36:07+00:00\" \/>\n<meta property=\"og:image\" content=\"https:\/\/domisob.art\/wp-content\/uploads\/2025\/12\/Szept-Logo.png\" \/>\n\t<meta property=\"og:image:width\" content=\"2000\" \/>\n\t<meta property=\"og:image:height\" content=\"2000\" \/>\n\t<meta property=\"og:image:type\" content=\"image\/png\" \/>\n<meta name=\"twitter:card\" content=\"summary_large_image\" \/>\n<meta name=\"twitter:label1\" content=\"Est. reading time\" \/>\n\t<meta name=\"twitter:data1\" content=\"4 minutes\" \/>\n<script type=\"application\/ld+json\" class=\"yoast-schema-graph\">{\"@context\":\"https:\\\/\\\/schema.org\",\"@graph\":[{\"@type\":\"WebPage\",\"@id\":\"https:\\\/\\\/domisob.art\\\/szept\\\/\",\"url\":\"https:\\\/\\\/domisob.art\\\/szept\\\/\",\"name\":\"Szept\",\"isPartOf\":{\"@id\":\"https:\\\/\\\/domisob.art\\\/#website\"},\"primaryImageOfPage\":{\"@id\":\"https:\\\/\\\/domisob.art\\\/szept\\\/#primaryimage\"},\"image\":{\"@id\":\"https:\\\/\\\/domisob.art\\\/szept\\\/#primaryimage\"},\"thumbnailUrl\":\"https:\\\/\\\/domisob.art\\\/wp-content\\\/uploads\\\/2025\\\/12\\\/Szept-Logo-1024x1024.png\",\"datePublished\":\"2025-06-19T20:04:32+00:00\",\"dateModified\":\"2026-03-31T20:36:07+00:00\",\"breadcrumb\":{\"@id\":\"https:\\\/\\\/domisob.art\\\/szept\\\/#breadcrumb\"},\"inLanguage\":\"en-US\",\"potentialAction\":[{\"@type\":\"ReadAction\",\"target\":[\"https:\\\/\\\/domisob.art\\\/szept\\\/\"]}]},{\"@type\":\"ImageObject\",\"inLanguage\":\"en-US\",\"@id\":\"https:\\\/\\\/domisob.art\\\/szept\\\/#primaryimage\",\"url\":\"https:\\\/\\\/domisob.art\\\/wp-content\\\/uploads\\\/2025\\\/12\\\/Szept-Logo-1024x1024.png\",\"contentUrl\":\"https:\\\/\\\/domisob.art\\\/wp-content\\\/uploads\\\/2025\\\/12\\\/Szept-Logo-1024x1024.png\"},{\"@type\":\"BreadcrumbList\",\"@id\":\"https:\\\/\\\/domisob.art\\\/szept\\\/#breadcrumb\",\"itemListElement\":[{\"@type\":\"ListItem\",\"position\":1,\"name\":\"Strona g\u0142\u00f3wna\",\"item\":\"https:\\\/\\\/domisob.art\\\/\"},{\"@type\":\"ListItem\",\"position\":2,\"name\":\"Szept\"}]},{\"@type\":\"WebSite\",\"@id\":\"https:\\\/\\\/domisob.art\\\/#website\",\"url\":\"https:\\\/\\\/domisob.art\\\/\",\"name\":\"domisob\",\"description\":\"\",\"publisher\":{\"@id\":\"https:\\\/\\\/domisob.art\\\/#organization\"},\"potentialAction\":[{\"@type\":\"SearchAction\",\"target\":{\"@type\":\"EntryPoint\",\"urlTemplate\":\"https:\\\/\\\/domisob.art\\\/?s={search_term_string}\"},\"query-input\":{\"@type\":\"PropertyValueSpecification\",\"valueRequired\":true,\"valueName\":\"search_term_string\"}}],\"inLanguage\":\"en-US\"},{\"@type\":\"Organization\",\"@id\":\"https:\\\/\\\/domisob.art\\\/#organization\",\"name\":\"domisob\",\"url\":\"https:\\\/\\\/domisob.art\\\/\",\"logo\":{\"@type\":\"ImageObject\",\"inLanguage\":\"en-US\",\"@id\":\"https:\\\/\\\/domisob.art\\\/#\\\/schema\\\/logo\\\/image\\\/\",\"url\":\"https:\\\/\\\/domisob.art\\\/wp-content\\\/uploads\\\/2025\\\/10\\\/logo-domisob.png\",\"contentUrl\":\"https:\\\/\\\/domisob.art\\\/wp-content\\\/uploads\\\/2025\\\/10\\\/logo-domisob.png\",\"width\":998,\"height\":334,\"caption\":\"domisob\"},\"image\":{\"@id\":\"https:\\\/\\\/domisob.art\\\/#\\\/schema\\\/logo\\\/image\\\/\"}}]}<\/script>\n<!-- \/ Yoast SEO plugin. -->","yoast_head_json":{"title":"Szept","robots":{"index":"index","follow":"follow","max-snippet":"max-snippet:-1","max-image-preview":"max-image-preview:large","max-video-preview":"max-video-preview:-1"},"canonical":"https:\/\/domisob.art\/en\/szept\/","og_locale":"en_US","og_type":"article","og_title":"Szept","og_description":"Szept to koncepcyjna marka kosmetyk\u00f3w naturalnych oparta na idei rytua\u0142u i ciszy. Powsta\u0142a z przekonania, \u017ce prawdziwe pi\u0119kno nie zaczyna [&hellip;]","og_url":"https:\/\/domisob.art\/en\/szept\/","article_modified_time":"2026-03-31T20:36:07+00:00","og_image":[{"width":2000,"height":2000,"url":"https:\/\/domisob.art\/wp-content\/uploads\/2025\/12\/Szept-Logo.png","type":"image\/png"}],"twitter_card":"summary_large_image","twitter_misc":{"Est. reading time":"4 minutes"},"schema":{"@context":"https:\/\/schema.org","@graph":[{"@type":"WebPage","@id":"https:\/\/domisob.art\/szept\/","url":"https:\/\/domisob.art\/szept\/","name":"Szept","isPartOf":{"@id":"https:\/\/domisob.art\/#website"},"primaryImageOfPage":{"@id":"https:\/\/domisob.art\/szept\/#primaryimage"},"image":{"@id":"https:\/\/domisob.art\/szept\/#primaryimage"},"thumbnailUrl":"https:\/\/domisob.art\/wp-content\/uploads\/2025\/12\/Szept-Logo-1024x1024.png","datePublished":"2025-06-19T20:04:32+00:00","dateModified":"2026-03-31T20:36:07+00:00","breadcrumb":{"@id":"https:\/\/domisob.art\/szept\/#breadcrumb"},"inLanguage":"en-US","potentialAction":[{"@type":"ReadAction","target":["https:\/\/domisob.art\/szept\/"]}]},{"@type":"ImageObject","inLanguage":"en-US","@id":"https:\/\/domisob.art\/szept\/#primaryimage","url":"https:\/\/domisob.art\/wp-content\/uploads\/2025\/12\/Szept-Logo-1024x1024.png","contentUrl":"https:\/\/domisob.art\/wp-content\/uploads\/2025\/12\/Szept-Logo-1024x1024.png"},{"@type":"BreadcrumbList","@id":"https:\/\/domisob.art\/szept\/#breadcrumb","itemListElement":[{"@type":"ListItem","position":1,"name":"Strona g\u0142\u00f3wna","item":"https:\/\/domisob.art\/"},{"@type":"ListItem","position":2,"name":"Szept"}]},{"@type":"WebSite","@id":"https:\/\/domisob.art\/#website","url":"https:\/\/domisob.art\/","name":"domisob","description":"","publisher":{"@id":"https:\/\/domisob.art\/#organization"},"potentialAction":[{"@type":"SearchAction","target":{"@type":"EntryPoint","urlTemplate":"https:\/\/domisob.art\/?s={search_term_string}"},"query-input":{"@type":"PropertyValueSpecification","valueRequired":true,"valueName":"search_term_string"}}],"inLanguage":"en-US"},{"@type":"Organization","@id":"https:\/\/domisob.art\/#organization","name":"domisob","url":"https:\/\/domisob.art\/","logo":{"@type":"ImageObject","inLanguage":"en-US","@id":"https:\/\/domisob.art\/#\/schema\/logo\/image\/","url":"https:\/\/domisob.art\/wp-content\/uploads\/2025\/10\/logo-domisob.png","contentUrl":"https:\/\/domisob.art\/wp-content\/uploads\/2025\/10\/logo-domisob.png","width":998,"height":334,"caption":"domisob"},"image":{"@id":"https:\/\/domisob.art\/#\/schema\/logo\/image\/"}}]}},"_links":{"self":[{"href":"https:\/\/domisob.art\/en\/wp-json\/wp\/v2\/pages\/137","targetHints":{"allow":["GET"]}}],"collection":[{"href":"https:\/\/domisob.art\/en\/wp-json\/wp\/v2\/pages"}],"about":[{"href":"https:\/\/domisob.art\/en\/wp-json\/wp\/v2\/types\/page"}],"author":[{"embeddable":true,"href":"https:\/\/domisob.art\/en\/wp-json\/wp\/v2\/users\/1"}],"replies":[{"embeddable":true,"href":"https:\/\/domisob.art\/en\/wp-json\/wp\/v2\/comments?post=137"}],"version-history":[{"count":62,"href":"https:\/\/domisob.art\/en\/wp-json\/wp\/v2\/pages\/137\/revisions"}],"predecessor-version":[{"id":4426,"href":"https:\/\/domisob.art\/en\/wp-json\/wp\/v2\/pages\/137\/revisions\/4426"}],"wp:attachment":[{"href":"https:\/\/domisob.art\/en\/wp-json\/wp\/v2\/media?parent=137"}],"curies":[{"name":"wp","href":"https:\/\/api.w.org\/{rel}","templated":true}]}}