{"id":220,"date":"2025-06-21T12:33:28","date_gmt":"2025-06-21T10:33:28","guid":{"rendered":"https:\/\/domisob.art\/?page_id=220"},"modified":"2026-04-09T16:16:40","modified_gmt":"2026-04-09T14:16:40","slug":"marki","status":"publish","type":"page","link":"https:\/\/domisob.art\/en\/marki\/","title":{"rendered":"Marki"},"content":{"rendered":"<style>.kb-row-layout-id220_ecd3c5-35 > .kt-row-column-wrap{align-content:center;}:where(.kb-row-layout-id220_ecd3c5-35 > .kt-row-column-wrap) > .wp-block-kadence-column{justify-content:center;}.kb-row-layout-id220_ecd3c5-35 > .kt-row-column-wrap{column-gap:var(--global-kb-gap-md, 2rem);row-gap:var(--global-kb-gap-md, 2rem);max-width:var(--wp--style--global--content-size);min-height:40vh;grid-template-columns:minmax(0, 1fr);}.kb-row-layout-id220_ecd3c5-35 > .kt-row-layout-overlay{opacity:0.30;}@media all and (max-width: 1024px){.kb-row-layout-id220_ecd3c5-35 > .kt-row-column-wrap{min-height:40vh;grid-template-columns:minmax(0, 1fr);}}@media all and (max-width: 767px){.kb-row-layout-id220_ecd3c5-35 > .kt-row-column-wrap{min-height:40vh;grid-template-columns:minmax(0, 1fr);}}<\/style><div class=\"kb-row-layout-wrap kb-row-layout-id220_ecd3c5-35 alignnone kt-row-has-bg dark-toggle wp-block-kadence-rowlayout\"><div class=\"kt-blocks-carousel kb-blocks-bg-slider kt-carousel-container-dotstyle-dark\"><div class=\"kt-blocks-carousel-init splide kb-blocks-bg-slider-init kt-carousel-arrowstyle-none kt-carousel-dotstyle-dark\" data-slider-anim-speed=\"400\" data-slider-type=\"slider\" data-slider-scroll=\"1\" data-slider-arrows=\"false\" data-slider-fade=\"true\" data-slider-dots=\"true\" data-slider-hover-pause=\"false\" data-slider-auto=\"false\" data-slider-speed=\"7000\" data-show-pause-button=\"false\"><div class=\"splide__track\"><ul class=\"splide__list\"><li class=\"splide__slide kb-bg-slide-contain\"><div  class=\"kb-bg-slide kb-bg-slide-0\" style=\"background-image:url(https:\/\/domisob.art\/wp-content\/uploads\/2026\/03\/gradeint.png); background-size:cover; background-position:center center; background-repeat:no-repeat;\"><\/div><\/li><\/ul><\/div><\/div><\/div><div class=\"kt-row-column-wrap kt-has-1-columns kt-row-layout-equal kt-tab-layout-inherit kt-mobile-layout-row kt-row-valign-middle kb-theme-content-width\">\n<style>.kadence-column220_ed1368-c0 > .kt-inside-inner-col,.kadence-column220_ed1368-c0 > .kt-inside-inner-col:before{border-top-left-radius:0px;border-top-right-radius:0px;border-bottom-right-radius:0px;border-bottom-left-radius:0px;}.kadence-column220_ed1368-c0 > .kt-inside-inner-col{column-gap:var(--global-kb-gap-sm, 1rem);}.kadence-column220_ed1368-c0 > .kt-inside-inner-col{flex-direction:column;}.kadence-column220_ed1368-c0 > .kt-inside-inner-col > .aligncenter{width:100%;}.kadence-column220_ed1368-c0 > .kt-inside-inner-col:before{opacity:0.3;}.kadence-column220_ed1368-c0, .kadence-column220_ed1368-c0 h1, .kadence-column220_ed1368-c0 h2, .kadence-column220_ed1368-c0 h3, .kadence-column220_ed1368-c0 h4, .kadence-column220_ed1368-c0 h5, .kadence-column220_ed1368-c0 h6{color:var(--ast-global-color-4);}.kadence-column220_ed1368-c0:hover, .kadence-column220_ed1368-c0:hover h1, .kadence-column220_ed1368-c0:hover h2, .kadence-column220_ed1368-c0:hover h3, .kadence-column220_ed1368-c0:hover h4, .kadence-column220_ed1368-c0:hover h5, .kadence-column220_ed1368-c0:hover h6{color:var(--ast-global-color-4);}.kadence-column220_ed1368-c0{position:relative;}@media all and (max-width: 1024px){.kadence-column220_ed1368-c0 > .kt-inside-inner-col{flex-direction:column;justify-content:center;}}@media all and (max-width: 767px){.kadence-column220_ed1368-c0 > .kt-inside-inner-col{flex-direction:column;justify-content:center;}}<\/style>\n<div class=\"wp-block-kadence-column kadence-column220_ed1368-c0\"><div class=\"kt-inside-inner-col\">\n<h1 class=\"gsbp-5ca132b\">Marki<\/h1>\n\n\n\n<style>\n  .domisob-customers-small{\n    text-align: center;\n    margin: 4px 0 16px;\n    font-family: Inter, system-ui, sans-serif;\n    font-size: 15.5px;\n    letter-spacing: .04em;\n    opacity: 0.85;\n    max-width: 820px;\n    margin-left: auto;\n    margin-right: auto;\n  }\n\n  \/* MOBILE *\/\n  @media (max-width: 640px){\n    .domisob-customers-small{\n      font-size: 13px;\n      letter-spacing: .14em;\n      line-height: 1.5;\n      padding: 0 18px;\n    }\n  }\n<\/style>\n\n<div class=\"domisob-customers-small\">\nMarki, kt\u00f3re zaufa\u0142y domisob.\n<\/div>\n<\/div><\/div>\n\n<\/div><\/div>\n\n\n<div style=\"height:20px;\"><\/div>\n\n\n<style>.kb-row-layout-id220_096877-d2 > .kt-row-column-wrap{align-content:start;}:where(.kb-row-layout-id220_096877-d2 > .kt-row-column-wrap) > .wp-block-kadence-column{justify-content:start;}.kb-row-layout-id220_096877-d2 > .kt-row-column-wrap{column-gap:var(--global-kb-gap-md, 2rem);row-gap:var(--global-kb-gap-md, 2rem);padding-top:var(--global-kb-spacing-xs, 1rem);padding-right:var(--global-kb-spacing-sm, 1.5rem);padding-bottom:var(--global-kb-spacing-xs, 1rem);padding-left:var(--global-kb-spacing-sm, 1.5rem);grid-template-columns:minmax(0, 1fr);}.kb-row-layout-id220_096877-d2 > .kt-row-layout-overlay{opacity:0.30;}@media all and (max-width: 1024px){.kb-row-layout-id220_096877-d2 > .kt-row-column-wrap{padding-top:var(--global-kb-spacing-xs, 1rem);padding-right:var(--global-kb-spacing-sm, 1.5rem);padding-bottom:var(--global-kb-spacing-xs, 1rem);padding-left:var(--global-kb-spacing-sm, 1.5rem);grid-template-columns:minmax(0, 1fr);}}@media all and (max-width: 767px){.kb-row-layout-id220_096877-d2 > .kt-row-column-wrap{padding-top:var(--global-kb-spacing-xs, 1rem);padding-right:var(--global-kb-spacing-sm, 1.5rem);padding-bottom:var(--global-kb-spacing-xs, 1rem);padding-left:var(--global-kb-spacing-sm, 1.5rem);grid-template-columns:minmax(0, 1fr);}}<\/style><div class=\"kb-row-layout-wrap kb-row-layout-id220_096877-d2 alignnone wp-block-kadence-rowlayout\"><div class=\"kt-row-column-wrap kt-has-1-columns kt-row-layout-equal kt-tab-layout-inherit kt-mobile-layout-row kt-row-valign-top\">\n<style>.kadence-column220_d8484f-c3 > .kt-inside-inner-col,.kadence-column220_d8484f-c3 > .kt-inside-inner-col:before{border-top-left-radius:0px;border-top-right-radius:0px;border-bottom-right-radius:0px;border-bottom-left-radius:0px;}.kadence-column220_d8484f-c3 > .kt-inside-inner-col{column-gap:var(--global-kb-gap-sm, 1rem);}.kadence-column220_d8484f-c3 > .kt-inside-inner-col{flex-direction:column;}.kadence-column220_d8484f-c3 > .kt-inside-inner-col > .aligncenter{width:100%;}.kadence-column220_d8484f-c3 > .kt-inside-inner-col:before{opacity:0.3;}.kadence-column220_d8484f-c3{position:relative;}@media all and (max-width: 1024px){.kadence-column220_d8484f-c3 > .kt-inside-inner-col{flex-direction:column;justify-content:center;}}@media all and (max-width: 767px){.kadence-column220_d8484f-c3 > .kt-inside-inner-col{flex-direction:column;justify-content:center;}}<\/style>\n<div class=\"wp-block-kadence-column kadence-column220_d8484f-c3\"><div class=\"kt-inside-inner-col\">\n<div class=\"ds-clients\">\n  <div class=\"clients-grid\">\n\n    <article class=\"client-card\">\n      <a class=\"client-cover\" href=\"\/en\/klienci-valeria-gembara\/\" aria-label=\"Zobacz wsp\u00f3\u0142prac\u0119: Valeria Gembara\">\n        <img decoding=\"async\" src=\"https:\/\/domisob.art\/wp-content\/uploads\/2026\/02\/valeria-2.png\" alt=\"Valeria Gembara, ok\u0142adka realizacji sp\u00f3jnej identyfikacji wizualnej dla marki osobistej w stonowanej kolorystyce\">\n      <\/a>\n\n      <div class=\"client-meta\">\n        <h3 class=\"client-name\">Valeria Gembara<\/h3>\n        <p class=\"client-short\">Kompleksowa oprawa wizualna marki online.<\/p>\n\n        <a class=\"ds-btn ds-btn-ghost\" href=\"\/en\/klienci-valeria-gembara\/\">Explore the results<\/a>\n      <\/div>\n    <\/article>\n\n    <article class=\"client-card\">\n      <a class=\"client-cover\" href=\"https:\/\/domisob.art\/en\/klienci-flora-art\/\" aria-label=\"Zobacz realizacj\u0119: Flora Art\">\n        <img decoding=\"async\" src=\"https:\/\/domisob.art\/wp-content\/uploads\/2026\/02\/ulotka-art.png\" alt=\"Flora Art, ok\u0142adka realizacji sp\u00f3jnej identyfikacji wizualnej dla kwiaciarni, kt\u00f3ra podkre\u015bla naturalny charakter marki florystycznej\">\n      <\/a>\n\n      <div class=\"client-meta\">\n        <h3 class=\"client-name\">Flora Art<\/h3>\n        <p class=\"client-short\">Materia\u0142y reklamowe dla lokalnej kwiaciarni.<\/p>\n\n        <a class=\"ds-btn ds-btn-ghost\" href=\"https:\/\/domisob.art\/en\/klienci-flora-art\/\">Explore the results<\/a>\n      <\/div>\n    <\/article>\n\n    <article class=\"client-card\">\n      <a class=\"client-cover\" href=\"\/en\/klienci-kancelaria-kardasz\/\" aria-label=\"Zobacz realizacj\u0119: Kancelaria Kardasz\">\n        <img decoding=\"async\" src=\"https:\/\/domisob.art\/wp-content\/uploads\/2026\/03\/filizanka-kardasz.png\" alt=\"Kancelaria Kardasz, ok\u0142adka realizacji sp\u00f3jnej identyfikacji wizualnej dla kancelarii prawniczej\">\n      <\/a>\n\n      <div class=\"client-meta\">\n        <h3 class=\"client-name\">Kancelaria Kardasz<\/h3>\n        <p class=\"client-short\">Materia\u0142y promocyjne i sp\u00f3jno\u015b\u0107 wizualna.<\/p>\n\n        <a class=\"ds-btn ds-btn-ghost\" href=\"\/en\/klienci-kancelaria-kardasz\/\">Explore the results<\/a>\n      <\/div>\n    <\/article>\n\n\n  <\/div>\n<\/div>\n<\/div><\/div>\n\n<\/div><\/div>","protected":false},"excerpt":{"rendered":"<p>Marki, kt\u00f3re zaufa\u0142y domisob. Valeria Gembara Kompleksowa oprawa wizualna marki online. Zobacz efekty wsp\u00f3\u0142pracy Flora Art Materia\u0142y reklamowe dla lokalnej [&hellip;]<\/p>\n","protected":false},"author":1,"featured_media":0,"parent":0,"menu_order":0,"comment_status":"closed","ping_status":"closed","template":"","meta":{"_gspb_post_css":".gsbp-5ca132b{text-align:center;color:var(--wp--preset--color--ast-global-color-4, var(--ast-global-color-4));position:relative}","site-sidebar-layout":"default","site-content-layout":"","ast-site-content-layout":"full-width-container","site-content-style":"default","site-sidebar-style":"default","ast-global-header-display":"","ast-banner-title-visibility":"","ast-main-header-display":"","ast-hfb-above-header-display":"","ast-hfb-below-header-display":"","ast-hfb-mobile-header-display":"","site-post-title":"disabled","ast-breadcrumbs-content":"","ast-featured-img":"","footer-sml-layout":"","theme-transparent-header-meta":"","adv-header-id-meta":"","stick-header-meta":"","header-above-stick-meta":"","header-main-stick-meta":"","header-below-stick-meta":"","astra-migrate-meta-layouts":"default","ast-page-background-enabled":"default","ast-page-background-meta":{"desktop":{"background-color":"var(--ast-global-color-5)","background-image":"","background-repeat":"repeat","background-position":"center center","background-size":"auto","background-attachment":"scroll","background-type":"","background-media":"","overlay-type":"","overlay-color":"","overlay-opacity":"","overlay-gradient":""},"tablet":{"background-color":"","background-image":"","background-repeat":"repeat","background-position":"center center","background-size":"auto","background-attachment":"scroll","background-type":"","background-media":"","overlay-type":"","overlay-color":"","overlay-opacity":"","overlay-gradient":""},"mobile":{"background-color":"","background-image":"","background-repeat":"repeat","background-position":"center center","background-size":"auto","background-attachment":"scroll","background-type":"","background-media":"","overlay-type":"","overlay-color":"","overlay-opacity":"","overlay-gradient":""}},"ast-content-background-meta":{"desktop":{"background-color":"var(--ast-global-color-4)","background-image":"","background-repeat":"repeat","background-position":"center center","background-size":"auto","background-attachment":"scroll","background-type":"","background-media":"","overlay-type":"","overlay-color":"","overlay-opacity":"","overlay-gradient":""},"tablet":{"background-color":"var(--ast-global-color-4)","background-image":"","background-repeat":"repeat","background-position":"center center","background-size":"auto","background-attachment":"scroll","background-type":"","background-media":"","overlay-type":"","overlay-color":"","overlay-opacity":"","overlay-gradient":""},"mobile":{"background-color":"var(--ast-global-color-4)","background-image":"","background-repeat":"repeat","background-position":"center center","background-size":"auto","background-attachment":"scroll","background-type":"","background-media":"","overlay-type":"","overlay-color":"","overlay-opacity":"","overlay-gradient":""}},"footnotes":""},"class_list":["post-220","page","type-page","status-publish","hentry"],"yoast_head":"<!-- This site is optimized with the Yoast SEO plugin v27.4 - https:\/\/yoast.com\/product\/yoast-seo-wordpress\/ -->\n<title>Marki<\/title>\n<meta name=\"description\" content=\"Projekty brandingowe stworzone we wsp\u00f3\u0142pracy z klientami. Design oparty na estetyce, funkcjonalno\u015bci i charakterze marki.\" \/>\n<meta name=\"robots\" content=\"index, follow, max-snippet:-1, max-image-preview:large, max-video-preview:-1\" \/>\n<link rel=\"canonical\" href=\"https:\/\/domisob.art\/en\/marki\/\" \/>\n<meta property=\"og:locale\" content=\"en_US\" \/>\n<meta property=\"og:type\" content=\"article\" \/>\n<meta property=\"og:title\" content=\"Marki\" \/>\n<meta property=\"og:description\" content=\"Projekty brandingowe stworzone we wsp\u00f3\u0142pracy z klientami. Design oparty na estetyce, funkcjonalno\u015bci i charakterze marki.\" \/>\n<meta property=\"og:url\" content=\"https:\/\/domisob.art\/en\/marki\/\" \/>\n<meta property=\"article:modified_time\" content=\"2026-04-09T14:16:40+00:00\" \/>\n<meta property=\"og:image\" content=\"https:\/\/domisob.art\/wp-content\/uploads\/2026\/02\/valeria-2.png\" \/>\n<meta name=\"twitter:card\" content=\"summary_large_image\" \/>\n<meta name=\"twitter:label1\" content=\"Est. reading time\" \/>\n\t<meta name=\"twitter:data1\" content=\"1 minute\" \/>\n<script type=\"application\/ld+json\" class=\"yoast-schema-graph\">{\"@context\":\"https:\\\/\\\/schema.org\",\"@graph\":[{\"@type\":\"WebPage\",\"@id\":\"https:\\\/\\\/domisob.art\\\/marki\\\/\",\"url\":\"https:\\\/\\\/domisob.art\\\/marki\\\/\",\"name\":\"Marki\",\"isPartOf\":{\"@id\":\"https:\\\/\\\/domisob.art\\\/#website\"},\"primaryImageOfPage\":{\"@id\":\"https:\\\/\\\/domisob.art\\\/marki\\\/#primaryimage\"},\"image\":{\"@id\":\"https:\\\/\\\/domisob.art\\\/marki\\\/#primaryimage\"},\"thumbnailUrl\":\"https:\\\/\\\/domisob.art\\\/wp-content\\\/uploads\\\/2026\\\/02\\\/valeria-2.png\",\"datePublished\":\"2025-06-21T10:33:28+00:00\",\"dateModified\":\"2026-04-09T14:16:40+00:00\",\"description\":\"Projekty brandingowe stworzone we wsp\u00f3\u0142pracy z klientami. Design oparty na estetyce, funkcjonalno\u015bci i charakterze marki.\",\"breadcrumb\":{\"@id\":\"https:\\\/\\\/domisob.art\\\/marki\\\/#breadcrumb\"},\"inLanguage\":\"en-US\",\"potentialAction\":[{\"@type\":\"ReadAction\",\"target\":[\"https:\\\/\\\/domisob.art\\\/marki\\\/\"]}]},{\"@type\":\"ImageObject\",\"inLanguage\":\"en-US\",\"@id\":\"https:\\\/\\\/domisob.art\\\/marki\\\/#primaryimage\",\"url\":\"https:\\\/\\\/domisob.art\\\/wp-content\\\/uploads\\\/2026\\\/02\\\/valeria-2.png\",\"contentUrl\":\"https:\\\/\\\/domisob.art\\\/wp-content\\\/uploads\\\/2026\\\/02\\\/valeria-2.png\"},{\"@type\":\"BreadcrumbList\",\"@id\":\"https:\\\/\\\/domisob.art\\\/marki\\\/#breadcrumb\",\"itemListElement\":[{\"@type\":\"ListItem\",\"position\":1,\"name\":\"Strona g\u0142\u00f3wna\",\"item\":\"https:\\\/\\\/domisob.art\\\/\"},{\"@type\":\"ListItem\",\"position\":2,\"name\":\"Marki\"}]},{\"@type\":\"WebSite\",\"@id\":\"https:\\\/\\\/domisob.art\\\/#website\",\"url\":\"https:\\\/\\\/domisob.art\\\/\",\"name\":\"domisob\",\"description\":\"\",\"publisher\":{\"@id\":\"https:\\\/\\\/domisob.art\\\/#organization\"},\"potentialAction\":[{\"@type\":\"SearchAction\",\"target\":{\"@type\":\"EntryPoint\",\"urlTemplate\":\"https:\\\/\\\/domisob.art\\\/?s={search_term_string}\"},\"query-input\":{\"@type\":\"PropertyValueSpecification\",\"valueRequired\":true,\"valueName\":\"search_term_string\"}}],\"inLanguage\":\"en-US\"},{\"@type\":\"Organization\",\"@id\":\"https:\\\/\\\/domisob.art\\\/#organization\",\"name\":\"domisob\",\"url\":\"https:\\\/\\\/domisob.art\\\/\",\"logo\":{\"@type\":\"ImageObject\",\"inLanguage\":\"en-US\",\"@id\":\"https:\\\/\\\/domisob.art\\\/#\\\/schema\\\/logo\\\/image\\\/\",\"url\":\"https:\\\/\\\/domisob.art\\\/wp-content\\\/uploads\\\/2025\\\/10\\\/logo-domisob.png\",\"contentUrl\":\"https:\\\/\\\/domisob.art\\\/wp-content\\\/uploads\\\/2025\\\/10\\\/logo-domisob.png\",\"width\":998,\"height\":334,\"caption\":\"domisob\"},\"image\":{\"@id\":\"https:\\\/\\\/domisob.art\\\/#\\\/schema\\\/logo\\\/image\\\/\"}}]}<\/script>\n<!-- \/ Yoast SEO plugin. -->","yoast_head_json":{"title":"Marki","description":"Projekty brandingowe stworzone we wsp\u00f3\u0142pracy z klientami. Design oparty na estetyce, funkcjonalno\u015bci i charakterze marki.","robots":{"index":"index","follow":"follow","max-snippet":"max-snippet:-1","max-image-preview":"max-image-preview:large","max-video-preview":"max-video-preview:-1"},"canonical":"https:\/\/domisob.art\/en\/marki\/","og_locale":"en_US","og_type":"article","og_title":"Marki","og_description":"Projekty brandingowe stworzone we wsp\u00f3\u0142pracy z klientami. Design oparty na estetyce, funkcjonalno\u015bci i charakterze marki.","og_url":"https:\/\/domisob.art\/en\/marki\/","article_modified_time":"2026-04-09T14:16:40+00:00","og_image":[{"url":"https:\/\/domisob.art\/wp-content\/uploads\/2026\/02\/valeria-2.png","type":"","width":"","height":""}],"twitter_card":"summary_large_image","twitter_misc":{"Est. reading time":"1 minute"},"schema":{"@context":"https:\/\/schema.org","@graph":[{"@type":"WebPage","@id":"https:\/\/domisob.art\/marki\/","url":"https:\/\/domisob.art\/marki\/","name":"Marki","isPartOf":{"@id":"https:\/\/domisob.art\/#website"},"primaryImageOfPage":{"@id":"https:\/\/domisob.art\/marki\/#primaryimage"},"image":{"@id":"https:\/\/domisob.art\/marki\/#primaryimage"},"thumbnailUrl":"https:\/\/domisob.art\/wp-content\/uploads\/2026\/02\/valeria-2.png","datePublished":"2025-06-21T10:33:28+00:00","dateModified":"2026-04-09T14:16:40+00:00","description":"Projekty brandingowe stworzone we wsp\u00f3\u0142pracy z klientami. Design oparty na estetyce, funkcjonalno\u015bci i charakterze marki.","breadcrumb":{"@id":"https:\/\/domisob.art\/marki\/#breadcrumb"},"inLanguage":"en-US","potentialAction":[{"@type":"ReadAction","target":["https:\/\/domisob.art\/marki\/"]}]},{"@type":"ImageObject","inLanguage":"en-US","@id":"https:\/\/domisob.art\/marki\/#primaryimage","url":"https:\/\/domisob.art\/wp-content\/uploads\/2026\/02\/valeria-2.png","contentUrl":"https:\/\/domisob.art\/wp-content\/uploads\/2026\/02\/valeria-2.png"},{"@type":"BreadcrumbList","@id":"https:\/\/domisob.art\/marki\/#breadcrumb","itemListElement":[{"@type":"ListItem","position":1,"name":"Strona g\u0142\u00f3wna","item":"https:\/\/domisob.art\/"},{"@type":"ListItem","position":2,"name":"Marki"}]},{"@type":"WebSite","@id":"https:\/\/domisob.art\/#website","url":"https:\/\/domisob.art\/","name":"domisob","description":"","publisher":{"@id":"https:\/\/domisob.art\/#organization"},"potentialAction":[{"@type":"SearchAction","target":{"@type":"EntryPoint","urlTemplate":"https:\/\/domisob.art\/?s={search_term_string}"},"query-input":{"@type":"PropertyValueSpecification","valueRequired":true,"valueName":"search_term_string"}}],"inLanguage":"en-US"},{"@type":"Organization","@id":"https:\/\/domisob.art\/#organization","name":"domisob","url":"https:\/\/domisob.art\/","logo":{"@type":"ImageObject","inLanguage":"en-US","@id":"https:\/\/domisob.art\/#\/schema\/logo\/image\/","url":"https:\/\/domisob.art\/wp-content\/uploads\/2025\/10\/logo-domisob.png","contentUrl":"https:\/\/domisob.art\/wp-content\/uploads\/2025\/10\/logo-domisob.png","width":998,"height":334,"caption":"domisob"},"image":{"@id":"https:\/\/domisob.art\/#\/schema\/logo\/image\/"}}]}},"_links":{"self":[{"href":"https:\/\/domisob.art\/en\/wp-json\/wp\/v2\/pages\/220","targetHints":{"allow":["GET"]}}],"collection":[{"href":"https:\/\/domisob.art\/en\/wp-json\/wp\/v2\/pages"}],"about":[{"href":"https:\/\/domisob.art\/en\/wp-json\/wp\/v2\/types\/page"}],"author":[{"embeddable":true,"href":"https:\/\/domisob.art\/en\/wp-json\/wp\/v2\/users\/1"}],"replies":[{"embeddable":true,"href":"https:\/\/domisob.art\/en\/wp-json\/wp\/v2\/comments?post=220"}],"version-history":[{"count":162,"href":"https:\/\/domisob.art\/en\/wp-json\/wp\/v2\/pages\/220\/revisions"}],"predecessor-version":[{"id":4557,"href":"https:\/\/domisob.art\/en\/wp-json\/wp\/v2\/pages\/220\/revisions\/4557"}],"wp:attachment":[{"href":"https:\/\/domisob.art\/en\/wp-json\/wp\/v2\/media?parent=220"}],"curies":[{"name":"wp","href":"https:\/\/api.w.org\/{rel}","templated":true}]}}