{"id":2734,"date":"2026-02-22T15:25:07","date_gmt":"2026-02-22T14:25:07","guid":{"rendered":"https:\/\/domisob.art\/?page_id=2734"},"modified":"2026-03-22T21:46:33","modified_gmt":"2026-03-22T20:46:33","slug":"klienci-flora-art","status":"publish","type":"page","link":"https:\/\/domisob.art\/en\/klienci-flora-art\/","title":{"rendered":"Flora Art"},"content":{"rendered":"<div style=\"height:80px;\"><\/div>\n\n\n\n<h1 class=\"wp-block-heading has-text-align-center has-ast-global-color-0-color has-text-color has-link-color wp-elements-4930f3461d1ea740d0184df8b1040a9f\" id=\"flora-art\">Flora Art<\/h1>\n\n\n\n<style>\n  .domisob-customers-small{\n    text-align: center;\n    margin: 4px 0 16px;\n    font-family: Inter, system-ui, sans-serif;\n    font-size: 14px;\n    letter-spacing: .14em;\n    text-transform: uppercase;\n    opacity: .65;\n  }\n<\/style>\n\n<div class=\"domisob-customers-small\">\nCelem wsp\u00f3\u0142pracy by\u0142o stworzenie eleganckiej, klasycznej oprawy wizualnej, kt\u00f3ra wyr\u00f3\u017cni mark\u0119 w przestrzeni miejskiej i podkre\u015bli jej estetyczny charakter.\n<\/div>\n\n\n\n<div style=\"height:35px;\"><\/div>\n\n\n\n<h2 class=\"wp-block-heading has-text-align-center has-ast-global-color-0-color has-text-color has-link-color wp-elements-6d0d6aac2d7cdd36cc10219348958ded\" id=\"spojnosc-marki-w-przestrzeni\">Sp\u00f3jno\u015b\u0107 marki w przestrzeni<\/h2>\n\n\n\n<div style=\"height:15px;\"><\/div>\n\n\n\n<figure class=\"wp-block-gallery has-nested-images columns-1 is-cropped wp-block-gallery-1 is-layout-flex wp-block-gallery-is-layout-flex\">\n<figure class=\"wp-block-image size-full has-custom-border is-style-default\"><img loading=\"lazy\" decoding=\"async\" width=\"2560\" height=\"1707\" data-id=\"2220\" src=\"https:\/\/domisob.art\/wp-content\/uploads\/2026\/02\/ulotka-art.png\" alt=\"\" class=\"wp-image-2220\" style=\"border-top-left-radius:25px;border-top-right-radius:25px;border-bottom-left-radius:25px;border-bottom-right-radius:25px\" srcset=\"https:\/\/domisob.art\/wp-content\/uploads\/2026\/02\/ulotka-art.png 2560w, https:\/\/domisob.art\/wp-content\/uploads\/2026\/02\/ulotka-art-900x600.png 900w, https:\/\/domisob.art\/wp-content\/uploads\/2026\/02\/ulotka-art-1024x683.png 1024w, https:\/\/domisob.art\/wp-content\/uploads\/2026\/02\/ulotka-art-768x512.png 768w, https:\/\/domisob.art\/wp-content\/uploads\/2026\/02\/ulotka-art-1536x1024.png 1536w, https:\/\/domisob.art\/wp-content\/uploads\/2026\/02\/ulotka-art-2048x1366.png 2048w, https:\/\/domisob.art\/wp-content\/uploads\/2026\/02\/ulotka-art-18x12.png 18w\" sizes=\"auto, (max-width: 2560px) 100vw, 2560px\" \/><\/figure>\n\n\n\n<figure class=\"wp-block-image size-full has-custom-border is-style-default\"><img loading=\"lazy\" decoding=\"async\" width=\"1920\" height=\"2560\" data-id=\"2221\" src=\"https:\/\/domisob.art\/wp-content\/uploads\/2026\/02\/okno-flora.png\" alt=\"\" class=\"wp-image-2221\" style=\"border-top-left-radius:25px;border-top-right-radius:25px;border-bottom-left-radius:25px;border-bottom-right-radius:25px\" srcset=\"https:\/\/domisob.art\/wp-content\/uploads\/2026\/02\/okno-flora.png 1920w, https:\/\/domisob.art\/wp-content\/uploads\/2026\/02\/okno-flora-675x900.png 675w, https:\/\/domisob.art\/wp-content\/uploads\/2026\/02\/okno-flora-768x1024.png 768w, https:\/\/domisob.art\/wp-content\/uploads\/2026\/02\/okno-flora-1152x1536.png 1152w, https:\/\/domisob.art\/wp-content\/uploads\/2026\/02\/okno-flora-1536x2048.png 1536w, https:\/\/domisob.art\/wp-content\/uploads\/2026\/02\/okno-flora-9x12.png 9w\" sizes=\"auto, (max-width: 1920px) 100vw, 1920px\" \/><\/figure>\n\n\n\n<figure class=\"wp-block-image size-full has-custom-border is-style-default\"><img loading=\"lazy\" decoding=\"async\" width=\"2560\" height=\"2560\" data-id=\"2219\" src=\"https:\/\/domisob.art\/wp-content\/uploads\/2026\/02\/flora-art-potykacz.png\" alt=\"\" class=\"wp-image-2219\" style=\"border-top-left-radius:25px;border-top-right-radius:25px;border-bottom-left-radius:25px;border-bottom-right-radius:25px\" srcset=\"https:\/\/domisob.art\/wp-content\/uploads\/2026\/02\/flora-art-potykacz.png 2560w, https:\/\/domisob.art\/wp-content\/uploads\/2026\/02\/flora-art-potykacz-900x900.png 900w, https:\/\/domisob.art\/wp-content\/uploads\/2026\/02\/flora-art-potykacz-1024x1024.png 1024w, https:\/\/domisob.art\/wp-content\/uploads\/2026\/02\/flora-art-potykacz-800x800.png 800w, https:\/\/domisob.art\/wp-content\/uploads\/2026\/02\/flora-art-potykacz-768x768.png 768w, https:\/\/domisob.art\/wp-content\/uploads\/2026\/02\/flora-art-potykacz-1536x1536.png 1536w, https:\/\/domisob.art\/wp-content\/uploads\/2026\/02\/flora-art-potykacz-2048x2048.png 2048w, https:\/\/domisob.art\/wp-content\/uploads\/2026\/02\/flora-art-potykacz-12x12.png 12w\" sizes=\"auto, (max-width: 2560px) 100vw, 2560px\" \/><\/figure>\n<\/figure>\n\n\n\n<div style=\"height:35px;\"><\/div>\n\n\n\n<h2 class=\"wp-block-heading has-text-align-center has-ast-global-color-0-color has-text-color has-link-color wp-elements-f20a9600e29aaf85bc700cfec3e31960\" id=\"kierunek-wizualny\">Kierunek wizualny<\/h2>\n\n\n\n<div style=\"height:15px;\"><\/div>\n\n\n\n<p style=\"letter-spacing:0.2px\">Projekt oparto na eleganckiej, klasycznej typografii zestawionej z subteln\u0105 ilustracj\u0105 kwiatow\u0105. Kompozycja zosta\u0142a zaprojektowana tak, aby przyci\u0105ga\u0107 uwag\u0119, a jednocze\u015bnie zachowa\u0107 lekko\u015b\u0107 i estetyczn\u0105 harmoni\u0119. Motyw kwiatowy nie pe\u0142ni funkcji dekoracyjnej przypadkowo, on wzmacnia przekaz marki i jednoznacznie komunikuje charakter dzia\u0142alno\u015bci.<\/p>\n\n\n\n<div style=\"height:35px;\"><\/div>\n\n\n\n<h2 class=\"wp-block-heading has-text-align-center has-ast-global-color-0-color has-text-color has-link-color wp-elements-641413e93d9e84c7dffa53fa50487858\" id=\"efekt-wspolpracy\">Efekt wsp\u00f3\u0142pracy<\/h2>\n\n\n\n<div style=\"height:15px;\"><\/div>\n\n\n\n<p style=\"letter-spacing:0.2px\">Efektem wsp\u00f3\u0142pracy jest elegancki i uporz\u0105dkowany zestaw materia\u0142\u00f3w reklamowych, kt\u00f3ry wzmacnia estetyczny charakter kwiaciarni i buduje jej wizualn\u0105 sp\u00f3jno\u015b\u0107.<\/p>\n\n\n\n<div style=\"height:35px;\"><\/div>\n\n\n\n<section class=\"domisob-opinie\">\n  <article class=\"domisob-opinie-karta\">\n    <div class=\"domisob-opinie-wnetrze\">\n      <h2>S\u0142owa klientki<\/h2>\n      <p class=\"domisob-opinie-tekst\">\n        <q>\n          Nasza kwiaciarnia rozkwit\u0142a jeszcze bardziej dzi\u0119ki temu projektowi!<br>\n          Wsp\u00f3\u0142praca pe\u0142na luzu, pasji i kolorowych pomys\u0142\u00f3w.<br>\n          Czu\u0107, \u017ce to co robi, p\u0142ynie prosto z serca. Cz\u0142owiek z dusz\u0105 artysty.<br>\n          Dzi\u0119kujemy za pi\u0119kne, kwitn\u0105ce efekty!<br>\n        <\/q>\n      <\/p>\n\n      <p class=\"domisob-opinie-autor\">Nikola, Flora Art<\/p>\n\n      <!-- OPCJONALNIE: przycisk, je\u015bli robisz stron\u0119 \/ chcesz pokaza\u0107 wdro\u017cenie -->\n      <!--\n      <div class=\"domisob-opinie-akcja\">\n        <a class=\"domisob-btn\" href=\"TU_WKLEJ_LINK\" target=\"_blank\" rel=\"noopener\">Zobacz realizacj\u0119<\/a>\n      <\/div>\n      -->\n    <\/div>\n  <\/article>\n<\/section>\n\n\n\n<p><\/p>","protected":false},"excerpt":{"rendered":"<p>Flora Art Celem wsp\u00f3\u0142pracy by\u0142o stworzenie eleganckiej, klasycznej oprawy wizualnej, kt\u00f3ra wyr\u00f3\u017cni mark\u0119 w przestrzeni miejskiej i podkre\u015bli jej estetyczny [&hellip;]<\/p>\n","protected":false},"author":1,"featured_media":0,"parent":0,"menu_order":0,"comment_status":"closed","ping_status":"closed","template":"","meta":{"_gspb_post_css":"","site-sidebar-layout":"default","site-content-layout":"","ast-site-content-layout":"","site-content-style":"default","site-sidebar-style":"default","ast-global-header-display":"","ast-banner-title-visibility":"","ast-main-header-display":"","ast-hfb-above-header-display":"","ast-hfb-below-header-display":"","ast-hfb-mobile-header-display":"","site-post-title":"disabled","ast-breadcrumbs-content":"","ast-featured-img":"","footer-sml-layout":"","theme-transparent-header-meta":"","adv-header-id-meta":"","stick-header-meta":"","header-above-stick-meta":"","header-main-stick-meta":"","header-below-stick-meta":"","astra-migrate-meta-layouts":"default","ast-page-background-enabled":"default","ast-page-background-meta":{"desktop":{"background-color":"var(--ast-global-color-5)","background-image":"","background-repeat":"repeat","background-position":"center center","background-size":"auto","background-attachment":"scroll","background-type":"","background-media":"","overlay-type":"","overlay-color":"","overlay-opacity":"","overlay-gradient":""},"tablet":{"background-color":"","background-image":"","background-repeat":"repeat","background-position":"center center","background-size":"auto","background-attachment":"scroll","background-type":"","background-media":"","overlay-type":"","overlay-color":"","overlay-opacity":"","overlay-gradient":""},"mobile":{"background-color":"","background-image":"","background-repeat":"repeat","background-position":"center center","background-size":"auto","background-attachment":"scroll","background-type":"","background-media":"","overlay-type":"","overlay-color":"","overlay-opacity":"","overlay-gradient":""}},"ast-content-background-meta":{"desktop":{"background-color":"var(--ast-global-color-4)","background-image":"","background-repeat":"repeat","background-position":"center center","background-size":"auto","background-attachment":"scroll","background-type":"","background-media":"","overlay-type":"","overlay-color":"","overlay-opacity":"","overlay-gradient":""},"tablet":{"background-color":"var(--ast-global-color-4)","background-image":"","background-repeat":"repeat","background-position":"center center","background-size":"auto","background-attachment":"scroll","background-type":"","background-media":"","overlay-type":"","overlay-color":"","overlay-opacity":"","overlay-gradient":""},"mobile":{"background-color":"var(--ast-global-color-4)","background-image":"","background-repeat":"repeat","background-position":"center center","background-size":"auto","background-attachment":"scroll","background-type":"","background-media":"","overlay-type":"","overlay-color":"","overlay-opacity":"","overlay-gradient":""}},"footnotes":""},"class_list":["post-2734","page","type-page","status-publish","hentry"],"yoast_head":"<!-- This site is optimized with the Yoast SEO plugin v27.4 - https:\/\/yoast.com\/product\/yoast-seo-wordpress\/ -->\n<title>Flora Art<\/title>\n<meta name=\"robots\" content=\"index, follow, max-snippet:-1, max-image-preview:large, max-video-preview:-1\" \/>\n<link rel=\"canonical\" href=\"https:\/\/domisob.art\/en\/klienci-flora-art\/\" \/>\n<meta property=\"og:locale\" content=\"en_US\" \/>\n<meta property=\"og:type\" content=\"article\" \/>\n<meta property=\"og:title\" content=\"Flora Art\" \/>\n<meta property=\"og:description\" content=\"Flora Art Celem wsp\u00f3\u0142pracy by\u0142o stworzenie eleganckiej, klasycznej oprawy wizualnej, kt\u00f3ra wyr\u00f3\u017cni mark\u0119 w przestrzeni miejskiej i podkre\u015bli jej estetyczny [&hellip;]\" \/>\n<meta property=\"og:url\" content=\"https:\/\/domisob.art\/en\/klienci-flora-art\/\" \/>\n<meta property=\"article:modified_time\" content=\"2026-03-22T20:46:33+00:00\" \/>\n<meta property=\"og:image\" content=\"https:\/\/domisob.art\/wp-content\/uploads\/2026\/02\/ulotka-art-1024x683.png\" \/>\n\t<meta property=\"og:image:width\" content=\"1024\" \/>\n\t<meta property=\"og:image:height\" content=\"683\" \/>\n\t<meta property=\"og:image:type\" content=\"image\/png\" \/>\n<meta name=\"twitter:card\" content=\"summary_large_image\" \/>\n<meta name=\"twitter:label1\" content=\"Est. reading time\" \/>\n\t<meta name=\"twitter:data1\" content=\"2 minutes\" \/>\n<script type=\"application\/ld+json\" class=\"yoast-schema-graph\">{\"@context\":\"https:\\\/\\\/schema.org\",\"@graph\":[{\"@type\":\"WebPage\",\"@id\":\"https:\\\/\\\/domisob.art\\\/klienci-flora-art\\\/\",\"url\":\"https:\\\/\\\/domisob.art\\\/klienci-flora-art\\\/\",\"name\":\"Flora Art\",\"isPartOf\":{\"@id\":\"https:\\\/\\\/domisob.art\\\/#website\"},\"primaryImageOfPage\":{\"@id\":\"https:\\\/\\\/domisob.art\\\/klienci-flora-art\\\/#primaryimage\"},\"image\":{\"@id\":\"https:\\\/\\\/domisob.art\\\/klienci-flora-art\\\/#primaryimage\"},\"thumbnailUrl\":\"https:\\\/\\\/domisob.art\\\/wp-content\\\/uploads\\\/2026\\\/02\\\/ulotka-art.png\",\"datePublished\":\"2026-02-22T14:25:07+00:00\",\"dateModified\":\"2026-03-22T20:46:33+00:00\",\"breadcrumb\":{\"@id\":\"https:\\\/\\\/domisob.art\\\/klienci-flora-art\\\/#breadcrumb\"},\"inLanguage\":\"en-US\",\"potentialAction\":[{\"@type\":\"ReadAction\",\"target\":[\"https:\\\/\\\/domisob.art\\\/klienci-flora-art\\\/\"]}]},{\"@type\":\"ImageObject\",\"inLanguage\":\"en-US\",\"@id\":\"https:\\\/\\\/domisob.art\\\/klienci-flora-art\\\/#primaryimage\",\"url\":\"https:\\\/\\\/domisob.art\\\/wp-content\\\/uploads\\\/2026\\\/02\\\/ulotka-art.png\",\"contentUrl\":\"https:\\\/\\\/domisob.art\\\/wp-content\\\/uploads\\\/2026\\\/02\\\/ulotka-art.png\"},{\"@type\":\"BreadcrumbList\",\"@id\":\"https:\\\/\\\/domisob.art\\\/klienci-flora-art\\\/#breadcrumb\",\"itemListElement\":[{\"@type\":\"ListItem\",\"position\":1,\"name\":\"Strona g\u0142\u00f3wna\",\"item\":\"https:\\\/\\\/domisob.art\\\/\"},{\"@type\":\"ListItem\",\"position\":2,\"name\":\"Flora Art\"}]},{\"@type\":\"WebSite\",\"@id\":\"https:\\\/\\\/domisob.art\\\/#website\",\"url\":\"https:\\\/\\\/domisob.art\\\/\",\"name\":\"domisob\",\"description\":\"\",\"publisher\":{\"@id\":\"https:\\\/\\\/domisob.art\\\/#organization\"},\"potentialAction\":[{\"@type\":\"SearchAction\",\"target\":{\"@type\":\"EntryPoint\",\"urlTemplate\":\"https:\\\/\\\/domisob.art\\\/?s={search_term_string}\"},\"query-input\":{\"@type\":\"PropertyValueSpecification\",\"valueRequired\":true,\"valueName\":\"search_term_string\"}}],\"inLanguage\":\"en-US\"},{\"@type\":\"Organization\",\"@id\":\"https:\\\/\\\/domisob.art\\\/#organization\",\"name\":\"domisob\",\"url\":\"https:\\\/\\\/domisob.art\\\/\",\"logo\":{\"@type\":\"ImageObject\",\"inLanguage\":\"en-US\",\"@id\":\"https:\\\/\\\/domisob.art\\\/#\\\/schema\\\/logo\\\/image\\\/\",\"url\":\"https:\\\/\\\/domisob.art\\\/wp-content\\\/uploads\\\/2025\\\/10\\\/logo-domisob.png\",\"contentUrl\":\"https:\\\/\\\/domisob.art\\\/wp-content\\\/uploads\\\/2025\\\/10\\\/logo-domisob.png\",\"width\":998,\"height\":334,\"caption\":\"domisob\"},\"image\":{\"@id\":\"https:\\\/\\\/domisob.art\\\/#\\\/schema\\\/logo\\\/image\\\/\"}}]}<\/script>\n<!-- \/ Yoast SEO plugin. -->","yoast_head_json":{"title":"Flora Art","robots":{"index":"index","follow":"follow","max-snippet":"max-snippet:-1","max-image-preview":"max-image-preview:large","max-video-preview":"max-video-preview:-1"},"canonical":"https:\/\/domisob.art\/en\/klienci-flora-art\/","og_locale":"en_US","og_type":"article","og_title":"Flora Art","og_description":"Flora Art Celem wsp\u00f3\u0142pracy by\u0142o stworzenie eleganckiej, klasycznej oprawy wizualnej, kt\u00f3ra wyr\u00f3\u017cni mark\u0119 w przestrzeni miejskiej i podkre\u015bli jej estetyczny [&hellip;]","og_url":"https:\/\/domisob.art\/en\/klienci-flora-art\/","article_modified_time":"2026-03-22T20:46:33+00:00","og_image":[{"width":1024,"height":683,"url":"https:\/\/domisob.art\/wp-content\/uploads\/2026\/02\/ulotka-art-1024x683.png","type":"image\/png"}],"twitter_card":"summary_large_image","twitter_misc":{"Est. reading time":"2 minutes"},"schema":{"@context":"https:\/\/schema.org","@graph":[{"@type":"WebPage","@id":"https:\/\/domisob.art\/klienci-flora-art\/","url":"https:\/\/domisob.art\/klienci-flora-art\/","name":"Flora Art","isPartOf":{"@id":"https:\/\/domisob.art\/#website"},"primaryImageOfPage":{"@id":"https:\/\/domisob.art\/klienci-flora-art\/#primaryimage"},"image":{"@id":"https:\/\/domisob.art\/klienci-flora-art\/#primaryimage"},"thumbnailUrl":"https:\/\/domisob.art\/wp-content\/uploads\/2026\/02\/ulotka-art.png","datePublished":"2026-02-22T14:25:07+00:00","dateModified":"2026-03-22T20:46:33+00:00","breadcrumb":{"@id":"https:\/\/domisob.art\/klienci-flora-art\/#breadcrumb"},"inLanguage":"en-US","potentialAction":[{"@type":"ReadAction","target":["https:\/\/domisob.art\/klienci-flora-art\/"]}]},{"@type":"ImageObject","inLanguage":"en-US","@id":"https:\/\/domisob.art\/klienci-flora-art\/#primaryimage","url":"https:\/\/domisob.art\/wp-content\/uploads\/2026\/02\/ulotka-art.png","contentUrl":"https:\/\/domisob.art\/wp-content\/uploads\/2026\/02\/ulotka-art.png"},{"@type":"BreadcrumbList","@id":"https:\/\/domisob.art\/klienci-flora-art\/#breadcrumb","itemListElement":[{"@type":"ListItem","position":1,"name":"Strona g\u0142\u00f3wna","item":"https:\/\/domisob.art\/"},{"@type":"ListItem","position":2,"name":"Flora Art"}]},{"@type":"WebSite","@id":"https:\/\/domisob.art\/#website","url":"https:\/\/domisob.art\/","name":"domisob","description":"","publisher":{"@id":"https:\/\/domisob.art\/#organization"},"potentialAction":[{"@type":"SearchAction","target":{"@type":"EntryPoint","urlTemplate":"https:\/\/domisob.art\/?s={search_term_string}"},"query-input":{"@type":"PropertyValueSpecification","valueRequired":true,"valueName":"search_term_string"}}],"inLanguage":"en-US"},{"@type":"Organization","@id":"https:\/\/domisob.art\/#organization","name":"domisob","url":"https:\/\/domisob.art\/","logo":{"@type":"ImageObject","inLanguage":"en-US","@id":"https:\/\/domisob.art\/#\/schema\/logo\/image\/","url":"https:\/\/domisob.art\/wp-content\/uploads\/2025\/10\/logo-domisob.png","contentUrl":"https:\/\/domisob.art\/wp-content\/uploads\/2025\/10\/logo-domisob.png","width":998,"height":334,"caption":"domisob"},"image":{"@id":"https:\/\/domisob.art\/#\/schema\/logo\/image\/"}}]}},"_links":{"self":[{"href":"https:\/\/domisob.art\/en\/wp-json\/wp\/v2\/pages\/2734","targetHints":{"allow":["GET"]}}],"collection":[{"href":"https:\/\/domisob.art\/en\/wp-json\/wp\/v2\/pages"}],"about":[{"href":"https:\/\/domisob.art\/en\/wp-json\/wp\/v2\/types\/page"}],"author":[{"embeddable":true,"href":"https:\/\/domisob.art\/en\/wp-json\/wp\/v2\/users\/1"}],"replies":[{"embeddable":true,"href":"https:\/\/domisob.art\/en\/wp-json\/wp\/v2\/comments?post=2734"}],"version-history":[{"count":33,"href":"https:\/\/domisob.art\/en\/wp-json\/wp\/v2\/pages\/2734\/revisions"}],"predecessor-version":[{"id":4085,"href":"https:\/\/domisob.art\/en\/wp-json\/wp\/v2\/pages\/2734\/revisions\/4085"}],"wp:attachment":[{"href":"https:\/\/domisob.art\/en\/wp-json\/wp\/v2\/media?parent=2734"}],"curies":[{"name":"wp","href":"https:\/\/api.w.org\/{rel}","templated":true}]}}