{"id":2878,"date":"2026-02-23T15:21:42","date_gmt":"2026-02-23T14:21:42","guid":{"rendered":"https:\/\/domisob.art\/?page_id=2878"},"modified":"2026-03-23T07:42:46","modified_gmt":"2026-03-23T06:42:46","slug":"klienci-valeria-gembara","status":"publish","type":"page","link":"https:\/\/domisob.art\/en\/klienci-valeria-gembara\/","title":{"rendered":"Valeria Gembara"},"content":{"rendered":"<div style=\"height:80px;\"><\/div>\n\n\n\n<h1 class=\"wp-block-heading has-text-align-center has-ast-global-color-0-color has-text-color has-link-color wp-elements-223532efe8d19105303a7d66e5c1e819\" id=\"valeria-gembara\">Valeria Gembara<\/h1>\n\n\n\n<style>\n  .domisob-customers-small{\n    text-align: center;\n    margin: 4px 0 16px;\n    font-family: Inter, system-ui, sans-serif;\n    font-size: 14px;\n    letter-spacing: .14em;\n    text-transform: uppercase;\n    opacity: .65;\n  }\n<\/style>\n\n<div class=\"domisob-customers-small\">\nCelem wsp\u00f3\u0142pracy by\u0142o stworzenie eleganckiej, wyrazistej identyfikacji wizualnej, kt\u00f3ra podkre\u015bli charakter marki osobistej oraz zapewni jej sp\u00f3jno\u015b\u0107 w przestrzeni online, buduj\u0105c profesjonalny i ponadczasowy wizerunek.\n<\/div>\n\n\n\n<div style=\"height:35px;\"><\/div>\n\n\n\n<h2 class=\"wp-block-heading has-text-align-center has-ast-global-color-0-color has-text-color has-link-color wp-elements-3e92a66a1700f42c2596f0d8362eff19\" id=\"spojnosc-marki-w-przestrzeni-online\">Sp\u00f3jno\u015b\u0107 marki w przestrzeni online<\/h2>\n\n\n\n<div style=\"height:15px;\"><\/div>\n\n\n\n<figure class=\"wp-block-gallery has-nested-images columns-1 is-cropped wp-block-gallery-1 is-layout-flex wp-block-gallery-is-layout-flex\">\n<figure class=\"wp-block-image size-full has-custom-border is-style-default\"><img loading=\"lazy\" decoding=\"async\" width=\"1950\" height=\"1463\" data-id=\"1003\" src=\"https:\/\/domisob.art\/wp-content\/uploads\/2025\/11\/vg.png\" alt=\"\" class=\"wp-image-1003\" style=\"border-top-left-radius:25px;border-top-right-radius:25px;border-bottom-left-radius:25px;border-bottom-right-radius:25px;aspect-ratio:1\" srcset=\"https:\/\/domisob.art\/wp-content\/uploads\/2025\/11\/vg.png 1950w, https:\/\/domisob.art\/wp-content\/uploads\/2025\/11\/vg-900x675.png 900w\" sizes=\"auto, (max-width: 1950px) 100vw, 1950px\" \/><\/figure>\n\n\n\n<figure class=\"wp-block-image size-full has-custom-border is-style-default\"><img loading=\"lazy\" decoding=\"async\" width=\"2560\" height=\"1677\" data-id=\"2907\" src=\"https:\/\/domisob.art\/wp-content\/uploads\/2026\/02\/valeria-2.png\" alt=\"\" class=\"wp-image-2907\" style=\"border-top-left-radius:25px;border-top-right-radius:25px;border-bottom-left-radius:25px;border-bottom-right-radius:25px;aspect-ratio:1\" srcset=\"https:\/\/domisob.art\/wp-content\/uploads\/2026\/02\/valeria-2.png 2560w, https:\/\/domisob.art\/wp-content\/uploads\/2026\/02\/valeria-2-900x590.png 900w, https:\/\/domisob.art\/wp-content\/uploads\/2026\/02\/valeria-2-1024x671.png 1024w, https:\/\/domisob.art\/wp-content\/uploads\/2026\/02\/valeria-2-768x503.png 768w, https:\/\/domisob.art\/wp-content\/uploads\/2026\/02\/valeria-2-1536x1006.png 1536w, https:\/\/domisob.art\/wp-content\/uploads\/2026\/02\/valeria-2-2048x1342.png 2048w, https:\/\/domisob.art\/wp-content\/uploads\/2026\/02\/valeria-2-18x12.png 18w\" sizes=\"auto, (max-width: 2560px) 100vw, 2560px\" \/><\/figure>\n\n\n\n<figure class=\"wp-block-image size-full has-custom-border is-style-default\"><img loading=\"lazy\" decoding=\"async\" width=\"1500\" height=\"1125\" data-id=\"1039\" src=\"https:\/\/domisob.art\/wp-content\/uploads\/2025\/11\/vg-c.png\" alt=\"\" class=\"wp-image-1039\" style=\"border-top-left-radius:25px;border-top-right-radius:25px;border-bottom-left-radius:25px;border-bottom-right-radius:25px;aspect-ratio:1\" srcset=\"https:\/\/domisob.art\/wp-content\/uploads\/2025\/11\/vg-c.png 1500w, https:\/\/domisob.art\/wp-content\/uploads\/2025\/11\/vg-c-900x675.png 900w\" sizes=\"auto, (max-width: 1500px) 100vw, 1500px\" \/><\/figure>\n<\/figure>\n\n\n\n<div style=\"height:35px;\"><\/div>\n\n\n\n<h2 class=\"wp-block-heading has-text-align-center has-ast-global-color-0-color has-text-color has-link-color wp-elements-f20a9600e29aaf85bc700cfec3e31960\" id=\"kierunek-wizualny\">Kierunek wizualny<\/h2>\n\n\n\n<div style=\"height:15px;\"><\/div>\n\n\n\n<p style=\"letter-spacing:0.2px\">Projekt oparto na klasycznej, eleganckiej typografii oraz minimalistycznej kompozycji. Dominuj\u0105 czyste uk\u0142ady, klarowna hierarchia tre\u015bci i subtelne akcenty, kt\u00f3re buduj\u0105 poczucie profesjonalizmu. Identyfikacja zosta\u0142a zaprojektowana tak, aby by\u0142a ponadczasowa i \u0142atwa do rozwijania wraz z rozwojem marki.<\/p>\n\n\n\n<div style=\"height:35px;\"><\/div>\n\n\n\n<h2 class=\"wp-block-heading has-text-align-center has-ast-global-color-0-color has-text-color has-link-color wp-elements-641413e93d9e84c7dffa53fa50487858\" id=\"efekt-wspolpracy\">Efekt wsp\u00f3\u0142pracy<\/h2>\n\n\n\n<div style=\"height:15px;\"><\/div>\n\n\n\n<p style=\"letter-spacing:0.2px\">Efektem wsp\u00f3\u0142pracy jest sp\u00f3jny system wizualny, kt\u00f3ry nadaje marce uporz\u0105dkowany i profesjonalny charakter. Strona internetowa sta\u0142a si\u0119 estetycznym i przejrzystym narz\u0119dziem komunikacji, wzmacniaj\u0105cym wizerunek marki osobistej w przestrzeni online.<\/p>\n\n\n\n<div style=\"height:35px;\"><\/div>\n\n\n\n<section class=\"domisob-opinie\">\n  <article class=\"domisob-opinie-karta\">\n    <div class=\"domisob-opinie-wnetrze\">\n      <h2>S\u0142owa klientki<\/h2>\n      <p class=\"domisob-opinie-tekst\">\n        <q>\n        Wsp\u00f3\u0142praca od pocz\u0105tku by\u0142a bardzo profesjonalna.\n        Strona zosta\u0142a wykonana dok\u0142adnie tak jak chcia\u0142am &#8211; estetyczna, przejrzysta i dopracowana w ka\u017cdym detalu.\n        Wida\u0107 pe\u0142ne zaanga\u017cowanie i dba\u0142o\u015b\u0107 o szczeg\u00f3\u0142y.\n        Z czystym sumieniem polecam, rzadko spotyka si\u0119 kogo\u015b kto pracuje tak solidnie i na tak wysokim poziomie.\n        <\/q>\n      <\/p>\n\n      <p class=\"domisob-opinie-autor\">Valeria Gembara<\/p>\n\n      <div class=\"domisob-opinie-akcja\">\n        <a class=\"domisob-brand-page\" href=\"https:\/\/valeriavision.pro\/\" target=\"_blank\" rel=\"noopener\">Odwied\u017a stron\u0119 marki<\/a>\n      <\/div>\n   \n\n  <\/article>\n<\/section>\n\n\n\n<p><\/p>","protected":false},"excerpt":{"rendered":"<p>Valeria Gembara Celem wsp\u00f3\u0142pracy by\u0142o stworzenie eleganckiej, wyrazistej identyfikacji wizualnej, kt\u00f3ra podkre\u015bli charakter marki osobistej oraz zapewni jej sp\u00f3jno\u015b\u0107 w [&hellip;]<\/p>\n","protected":false},"author":1,"featured_media":0,"parent":0,"menu_order":0,"comment_status":"closed","ping_status":"closed","template":"","meta":{"_gspb_post_css":"","site-sidebar-layout":"default","site-content-layout":"","ast-site-content-layout":"","site-content-style":"default","site-sidebar-style":"default","ast-global-header-display":"","ast-banner-title-visibility":"","ast-main-header-display":"","ast-hfb-above-header-display":"","ast-hfb-below-header-display":"","ast-hfb-mobile-header-display":"","site-post-title":"disabled","ast-breadcrumbs-content":"","ast-featured-img":"","footer-sml-layout":"","theme-transparent-header-meta":"","adv-header-id-meta":"","stick-header-meta":"","header-above-stick-meta":"","header-main-stick-meta":"","header-below-stick-meta":"","astra-migrate-meta-layouts":"default","ast-page-background-enabled":"default","ast-page-background-meta":{"desktop":{"background-color":"var(--ast-global-color-5)","background-image":"","background-repeat":"repeat","background-position":"center center","background-size":"auto","background-attachment":"scroll","background-type":"","background-media":"","overlay-type":"","overlay-color":"","overlay-opacity":"","overlay-gradient":""},"tablet":{"background-color":"","background-image":"","background-repeat":"repeat","background-position":"center center","background-size":"auto","background-attachment":"scroll","background-type":"","background-media":"","overlay-type":"","overlay-color":"","overlay-opacity":"","overlay-gradient":""},"mobile":{"background-color":"","background-image":"","background-repeat":"repeat","background-position":"center center","background-size":"auto","background-attachment":"scroll","background-type":"","background-media":"","overlay-type":"","overlay-color":"","overlay-opacity":"","overlay-gradient":""}},"ast-content-background-meta":{"desktop":{"background-color":"var(--ast-global-color-4)","background-image":"","background-repeat":"repeat","background-position":"center center","background-size":"auto","background-attachment":"scroll","background-type":"","background-media":"","overlay-type":"","overlay-color":"","overlay-opacity":"","overlay-gradient":""},"tablet":{"background-color":"var(--ast-global-color-4)","background-image":"","background-repeat":"repeat","background-position":"center center","background-size":"auto","background-attachment":"scroll","background-type":"","background-media":"","overlay-type":"","overlay-color":"","overlay-opacity":"","overlay-gradient":""},"mobile":{"background-color":"var(--ast-global-color-4)","background-image":"","background-repeat":"repeat","background-position":"center center","background-size":"auto","background-attachment":"scroll","background-type":"","background-media":"","overlay-type":"","overlay-color":"","overlay-opacity":"","overlay-gradient":""}},"footnotes":""},"class_list":["post-2878","page","type-page","status-publish","hentry"],"yoast_head":"<!-- This site is optimized with the Yoast SEO plugin v27.4 - https:\/\/yoast.com\/product\/yoast-seo-wordpress\/ -->\n<title>Valeria Gembara<\/title>\n<meta name=\"robots\" content=\"index, follow, max-snippet:-1, max-image-preview:large, max-video-preview:-1\" \/>\n<link rel=\"canonical\" href=\"https:\/\/domisob.art\/en\/klienci-valeria-gembara\/\" \/>\n<meta property=\"og:locale\" content=\"en_US\" \/>\n<meta property=\"og:type\" content=\"article\" \/>\n<meta property=\"og:title\" content=\"Valeria Gembara\" \/>\n<meta property=\"og:description\" content=\"Valeria Gembara Celem wsp\u00f3\u0142pracy by\u0142o stworzenie eleganckiej, wyrazistej identyfikacji wizualnej, kt\u00f3ra podkre\u015bli charakter marki osobistej oraz zapewni jej sp\u00f3jno\u015b\u0107 w [&hellip;]\" \/>\n<meta property=\"og:url\" content=\"https:\/\/domisob.art\/en\/klienci-valeria-gembara\/\" \/>\n<meta property=\"article:modified_time\" content=\"2026-03-23T06:42:46+00:00\" \/>\n<meta property=\"og:image\" content=\"https:\/\/domisob.art\/wp-content\/uploads\/2025\/11\/vg.png\" \/>\n\t<meta property=\"og:image:width\" content=\"1024\" \/>\n\t<meta property=\"og:image:height\" content=\"768\" \/>\n\t<meta property=\"og:image:type\" content=\"image\/png\" \/>\n<meta name=\"twitter:card\" content=\"summary_large_image\" \/>\n<meta name=\"twitter:label1\" content=\"Est. reading time\" \/>\n\t<meta name=\"twitter:data1\" content=\"2 minutes\" \/>\n<script type=\"application\/ld+json\" class=\"yoast-schema-graph\">{\"@context\":\"https:\\\/\\\/schema.org\",\"@graph\":[{\"@type\":\"WebPage\",\"@id\":\"https:\\\/\\\/domisob.art\\\/klienci-valeria-gembara\\\/\",\"url\":\"https:\\\/\\\/domisob.art\\\/klienci-valeria-gembara\\\/\",\"name\":\"Valeria Gembara\",\"isPartOf\":{\"@id\":\"https:\\\/\\\/domisob.art\\\/#website\"},\"primaryImageOfPage\":{\"@id\":\"https:\\\/\\\/domisob.art\\\/klienci-valeria-gembara\\\/#primaryimage\"},\"image\":{\"@id\":\"https:\\\/\\\/domisob.art\\\/klienci-valeria-gembara\\\/#primaryimage\"},\"thumbnailUrl\":\"https:\\\/\\\/domisob.art\\\/wp-content\\\/uploads\\\/2025\\\/11\\\/vg.png\",\"datePublished\":\"2026-02-23T14:21:42+00:00\",\"dateModified\":\"2026-03-23T06:42:46+00:00\",\"breadcrumb\":{\"@id\":\"https:\\\/\\\/domisob.art\\\/klienci-valeria-gembara\\\/#breadcrumb\"},\"inLanguage\":\"en-US\",\"potentialAction\":[{\"@type\":\"ReadAction\",\"target\":[\"https:\\\/\\\/domisob.art\\\/klienci-valeria-gembara\\\/\"]}]},{\"@type\":\"ImageObject\",\"inLanguage\":\"en-US\",\"@id\":\"https:\\\/\\\/domisob.art\\\/klienci-valeria-gembara\\\/#primaryimage\",\"url\":\"https:\\\/\\\/domisob.art\\\/wp-content\\\/uploads\\\/2025\\\/11\\\/vg.png\",\"contentUrl\":\"https:\\\/\\\/domisob.art\\\/wp-content\\\/uploads\\\/2025\\\/11\\\/vg.png\"},{\"@type\":\"BreadcrumbList\",\"@id\":\"https:\\\/\\\/domisob.art\\\/klienci-valeria-gembara\\\/#breadcrumb\",\"itemListElement\":[{\"@type\":\"ListItem\",\"position\":1,\"name\":\"Strona g\u0142\u00f3wna\",\"item\":\"https:\\\/\\\/domisob.art\\\/\"},{\"@type\":\"ListItem\",\"position\":2,\"name\":\"Valeria Gembara\"}]},{\"@type\":\"WebSite\",\"@id\":\"https:\\\/\\\/domisob.art\\\/#website\",\"url\":\"https:\\\/\\\/domisob.art\\\/\",\"name\":\"domisob\",\"description\":\"\",\"publisher\":{\"@id\":\"https:\\\/\\\/domisob.art\\\/#organization\"},\"potentialAction\":[{\"@type\":\"SearchAction\",\"target\":{\"@type\":\"EntryPoint\",\"urlTemplate\":\"https:\\\/\\\/domisob.art\\\/?s={search_term_string}\"},\"query-input\":{\"@type\":\"PropertyValueSpecification\",\"valueRequired\":true,\"valueName\":\"search_term_string\"}}],\"inLanguage\":\"en-US\"},{\"@type\":\"Organization\",\"@id\":\"https:\\\/\\\/domisob.art\\\/#organization\",\"name\":\"domisob\",\"url\":\"https:\\\/\\\/domisob.art\\\/\",\"logo\":{\"@type\":\"ImageObject\",\"inLanguage\":\"en-US\",\"@id\":\"https:\\\/\\\/domisob.art\\\/#\\\/schema\\\/logo\\\/image\\\/\",\"url\":\"https:\\\/\\\/domisob.art\\\/wp-content\\\/uploads\\\/2025\\\/10\\\/logo-domisob.png\",\"contentUrl\":\"https:\\\/\\\/domisob.art\\\/wp-content\\\/uploads\\\/2025\\\/10\\\/logo-domisob.png\",\"width\":998,\"height\":334,\"caption\":\"domisob\"},\"image\":{\"@id\":\"https:\\\/\\\/domisob.art\\\/#\\\/schema\\\/logo\\\/image\\\/\"}}]}<\/script>\n<!-- \/ Yoast SEO plugin. -->","yoast_head_json":{"title":"Valeria Gembara","robots":{"index":"index","follow":"follow","max-snippet":"max-snippet:-1","max-image-preview":"max-image-preview:large","max-video-preview":"max-video-preview:-1"},"canonical":"https:\/\/domisob.art\/en\/klienci-valeria-gembara\/","og_locale":"en_US","og_type":"article","og_title":"Valeria Gembara","og_description":"Valeria Gembara Celem wsp\u00f3\u0142pracy by\u0142o stworzenie eleganckiej, wyrazistej identyfikacji wizualnej, kt\u00f3ra podkre\u015bli charakter marki osobistej oraz zapewni jej sp\u00f3jno\u015b\u0107 w [&hellip;]","og_url":"https:\/\/domisob.art\/en\/klienci-valeria-gembara\/","article_modified_time":"2026-03-23T06:42:46+00:00","og_image":[{"url":"https:\/\/domisob.art\/wp-content\/uploads\/2025\/11\/vg.png","width":1024,"height":768,"type":"image\/png"}],"twitter_card":"summary_large_image","twitter_misc":{"Est. reading time":"2 minutes"},"schema":{"@context":"https:\/\/schema.org","@graph":[{"@type":"WebPage","@id":"https:\/\/domisob.art\/klienci-valeria-gembara\/","url":"https:\/\/domisob.art\/klienci-valeria-gembara\/","name":"Valeria Gembara","isPartOf":{"@id":"https:\/\/domisob.art\/#website"},"primaryImageOfPage":{"@id":"https:\/\/domisob.art\/klienci-valeria-gembara\/#primaryimage"},"image":{"@id":"https:\/\/domisob.art\/klienci-valeria-gembara\/#primaryimage"},"thumbnailUrl":"https:\/\/domisob.art\/wp-content\/uploads\/2025\/11\/vg.png","datePublished":"2026-02-23T14:21:42+00:00","dateModified":"2026-03-23T06:42:46+00:00","breadcrumb":{"@id":"https:\/\/domisob.art\/klienci-valeria-gembara\/#breadcrumb"},"inLanguage":"en-US","potentialAction":[{"@type":"ReadAction","target":["https:\/\/domisob.art\/klienci-valeria-gembara\/"]}]},{"@type":"ImageObject","inLanguage":"en-US","@id":"https:\/\/domisob.art\/klienci-valeria-gembara\/#primaryimage","url":"https:\/\/domisob.art\/wp-content\/uploads\/2025\/11\/vg.png","contentUrl":"https:\/\/domisob.art\/wp-content\/uploads\/2025\/11\/vg.png"},{"@type":"BreadcrumbList","@id":"https:\/\/domisob.art\/klienci-valeria-gembara\/#breadcrumb","itemListElement":[{"@type":"ListItem","position":1,"name":"Strona g\u0142\u00f3wna","item":"https:\/\/domisob.art\/"},{"@type":"ListItem","position":2,"name":"Valeria Gembara"}]},{"@type":"WebSite","@id":"https:\/\/domisob.art\/#website","url":"https:\/\/domisob.art\/","name":"domisob","description":"","publisher":{"@id":"https:\/\/domisob.art\/#organization"},"potentialAction":[{"@type":"SearchAction","target":{"@type":"EntryPoint","urlTemplate":"https:\/\/domisob.art\/?s={search_term_string}"},"query-input":{"@type":"PropertyValueSpecification","valueRequired":true,"valueName":"search_term_string"}}],"inLanguage":"en-US"},{"@type":"Organization","@id":"https:\/\/domisob.art\/#organization","name":"domisob","url":"https:\/\/domisob.art\/","logo":{"@type":"ImageObject","inLanguage":"en-US","@id":"https:\/\/domisob.art\/#\/schema\/logo\/image\/","url":"https:\/\/domisob.art\/wp-content\/uploads\/2025\/10\/logo-domisob.png","contentUrl":"https:\/\/domisob.art\/wp-content\/uploads\/2025\/10\/logo-domisob.png","width":998,"height":334,"caption":"domisob"},"image":{"@id":"https:\/\/domisob.art\/#\/schema\/logo\/image\/"}}]}},"_links":{"self":[{"href":"https:\/\/domisob.art\/en\/wp-json\/wp\/v2\/pages\/2878","targetHints":{"allow":["GET"]}}],"collection":[{"href":"https:\/\/domisob.art\/en\/wp-json\/wp\/v2\/pages"}],"about":[{"href":"https:\/\/domisob.art\/en\/wp-json\/wp\/v2\/types\/page"}],"author":[{"embeddable":true,"href":"https:\/\/domisob.art\/en\/wp-json\/wp\/v2\/users\/1"}],"replies":[{"embeddable":true,"href":"https:\/\/domisob.art\/en\/wp-json\/wp\/v2\/comments?post=2878"}],"version-history":[{"count":17,"href":"https:\/\/domisob.art\/en\/wp-json\/wp\/v2\/pages\/2878\/revisions"}],"predecessor-version":[{"id":4109,"href":"https:\/\/domisob.art\/en\/wp-json\/wp\/v2\/pages\/2878\/revisions\/4109"}],"wp:attachment":[{"href":"https:\/\/domisob.art\/en\/wp-json\/wp\/v2\/media?parent=2878"}],"curies":[{"name":"wp","href":"https:\/\/api.w.org\/{rel}","templated":true}]}}