{"id":2887,"date":"2026-02-23T15:37:51","date_gmt":"2026-02-23T14:37:51","guid":{"rendered":"https:\/\/domisob.art\/?page_id=2887"},"modified":"2026-03-22T21:47:09","modified_gmt":"2026-03-22T20:47:09","slug":"klienci-kancelaria-kardasz","status":"publish","type":"page","link":"https:\/\/domisob.art\/en\/klienci-kancelaria-kardasz\/","title":{"rendered":"Kancelaria Kardasz"},"content":{"rendered":"<div style=\"height:80px;\"><\/div>\n\n\n\n<h1 class=\"wp-block-heading has-text-align-center has-ast-global-color-0-color has-text-color has-link-color wp-elements-ebddd81a3ae0052eea68f5279c325b82\" id=\"kancelaria-kardasz\">Kancelaria Kardasz<\/h1>\n\n\n\n<style>\n  .domisob-customers-small{\n    text-align: center;\n    margin: 4px 0 16px;\n    font-family: Inter, system-ui, sans-serif;\n    font-size: 14px;\n    letter-spacing: .14em;\n    text-transform: uppercase;\n    opacity: .65;\n  }\n<\/style>\n\n<div class=\"domisob-customers-small\">\nCelem wsp\u00f3\u0142pracy by\u0142o opracowanie eleganckiej i profesjonalnej identyfikacji wizualnej, kt\u00f3ra wzmocni wizerunek kancelarii jako stabilnej, rzetelnej i godnej zaufania marki.\n<\/div>\n\n\n\n<div style=\"height:35px;\"><\/div>\n\n\n\n<h2 class=\"wp-block-heading has-text-align-center has-ast-global-color-0-color has-text-color has-link-color wp-elements-f3c124f5677cc984ca76ec500098d3e8\" id=\"spojnosc-marki-w-przestrzeni-profesjonalnej\">Sp\u00f3jno\u015b\u0107 marki w przestrzeni profesjonalnej<\/h2>\n\n\n\n<div style=\"height:15px;\"><\/div>\n\n\n\n<figure class=\"wp-block-gallery has-nested-images columns-1 is-cropped wp-block-gallery-1 is-layout-flex wp-block-gallery-is-layout-flex\">\n<figure class=\"wp-block-image size-full has-custom-border is-style-default\"><img loading=\"lazy\" decoding=\"async\" width=\"2560\" height=\"2560\" data-id=\"3683\" src=\"https:\/\/domisob.art\/wp-content\/uploads\/2026\/03\/filizanka-kardasz.png\" alt=\"\" class=\"wp-image-3683\" style=\"border-top-left-radius:25px;border-top-right-radius:25px;border-bottom-left-radius:25px;border-bottom-right-radius:25px;aspect-ratio:1\" srcset=\"https:\/\/domisob.art\/wp-content\/uploads\/2026\/03\/filizanka-kardasz.png 2560w, https:\/\/domisob.art\/wp-content\/uploads\/2026\/03\/filizanka-kardasz-900x900.png 900w, https:\/\/domisob.art\/wp-content\/uploads\/2026\/03\/filizanka-kardasz-1024x1024.png 1024w, https:\/\/domisob.art\/wp-content\/uploads\/2026\/03\/filizanka-kardasz-800x800.png 800w, https:\/\/domisob.art\/wp-content\/uploads\/2026\/03\/filizanka-kardasz-768x768.png 768w, https:\/\/domisob.art\/wp-content\/uploads\/2026\/03\/filizanka-kardasz-1536x1536.png 1536w, https:\/\/domisob.art\/wp-content\/uploads\/2026\/03\/filizanka-kardasz-2048x2048.png 2048w, https:\/\/domisob.art\/wp-content\/uploads\/2026\/03\/filizanka-kardasz-12x12.png 12w\" sizes=\"auto, (max-width: 2560px) 100vw, 2560px\" \/><\/figure>\n\n\n\n<figure class=\"wp-block-image size-full has-custom-border is-style-default\"><img loading=\"lazy\" decoding=\"async\" width=\"2560\" height=\"2560\" data-id=\"552\" src=\"https:\/\/domisob.art\/wp-content\/uploads\/2025\/09\/dlugopis-kw-scaled.png\" alt=\"\" class=\"wp-image-552\" style=\"border-top-left-radius:25px;border-top-right-radius:25px;border-bottom-left-radius:25px;border-bottom-right-radius:25px;aspect-ratio:1\" srcset=\"https:\/\/domisob.art\/wp-content\/uploads\/2025\/09\/dlugopis-kw-scaled.png 2560w, https:\/\/domisob.art\/wp-content\/uploads\/2025\/09\/dlugopis-kw-900x900.png 900w, https:\/\/domisob.art\/wp-content\/uploads\/2025\/09\/dlugopis-kw-1024x1024.png 1024w, https:\/\/domisob.art\/wp-content\/uploads\/2025\/09\/dlugopis-kw-800x800.png 800w, https:\/\/domisob.art\/wp-content\/uploads\/2025\/09\/dlugopis-kw-768x768.png 768w, https:\/\/domisob.art\/wp-content\/uploads\/2025\/09\/dlugopis-kw-1536x1536.png 1536w\" sizes=\"auto, (max-width: 2560px) 100vw, 2560px\" \/><\/figure>\n\n\n\n<figure class=\"wp-block-image size-full has-custom-border is-style-default\"><img loading=\"lazy\" decoding=\"async\" width=\"2560\" height=\"2560\" data-id=\"3682\" src=\"https:\/\/domisob.art\/wp-content\/uploads\/2026\/03\/szklanka-kardasz.png\" alt=\"\" class=\"wp-image-3682\" style=\"border-top-left-radius:25px;border-top-right-radius:25px;border-bottom-left-radius:25px;border-bottom-right-radius:25px;aspect-ratio:1\" srcset=\"https:\/\/domisob.art\/wp-content\/uploads\/2026\/03\/szklanka-kardasz.png 2560w, https:\/\/domisob.art\/wp-content\/uploads\/2026\/03\/szklanka-kardasz-900x900.png 900w, https:\/\/domisob.art\/wp-content\/uploads\/2026\/03\/szklanka-kardasz-1024x1024.png 1024w, https:\/\/domisob.art\/wp-content\/uploads\/2026\/03\/szklanka-kardasz-800x800.png 800w, https:\/\/domisob.art\/wp-content\/uploads\/2026\/03\/szklanka-kardasz-768x768.png 768w, https:\/\/domisob.art\/wp-content\/uploads\/2026\/03\/szklanka-kardasz-1536x1536.png 1536w, https:\/\/domisob.art\/wp-content\/uploads\/2026\/03\/szklanka-kardasz-2048x2048.png 2048w, https:\/\/domisob.art\/wp-content\/uploads\/2026\/03\/szklanka-kardasz-12x12.png 12w\" sizes=\"auto, (max-width: 2560px) 100vw, 2560px\" \/><\/figure>\n<\/figure>\n\n\n\n<div style=\"height:35px;\"><\/div>\n\n\n\n<h2 class=\"wp-block-heading has-text-align-center has-ast-global-color-0-color has-text-color has-link-color wp-elements-f20a9600e29aaf85bc700cfec3e31960\" id=\"kierunek-wizualny\">Kierunek wizualny<\/h2>\n\n\n\n<div style=\"height:15px;\"><\/div>\n\n\n\n<p style=\"letter-spacing:0.2px\">Projekt oparto na minimalistycznej estetyce oraz stonowanej kolorystyce charakterystycznej dla bran\u017cy prawniczej. Dominuj\u0105ce granaty, biel i subtelne srebrne akcenty buduj\u0105 poczucie stabilno\u015bci, profesjonalizmu i zaufania. Zastosowano czyteln\u0105 typografi\u0119 oraz precyzyjne rozmieszczenie element\u00f3w logo, tak aby zachowa\u0107 elegancj\u0119 i wysok\u0105 jako\u015b\u0107 wizualn\u0105.<\/p>\n\n\n\n<div style=\"height:35px;\"><\/div>\n\n\n\n<h2 class=\"wp-block-heading has-text-align-center has-ast-global-color-0-color has-text-color has-link-color wp-elements-8043ceefc5b8ac54e6abca4565d46963\" id=\"spojnosc-marki-w-detalach\">Sp\u00f3jno\u015b\u0107 marki w detalach<\/h2>\n\n\n\n<div style=\"height:15px;\"><\/div>\n\n\n\n<p style=\"letter-spacing:0.2px\">Materia\u0142y zosta\u0142y zaprojektowane tak, aby funkcjonowa\u0142y zar\u00f3wno jako praktyczne przedmioty u\u017cytkowe, jak i no\u015bniki wizerunku marki. Dba\u0142o\u015b\u0107 o proporcje, rozmieszczenie logo i czytelno\u015b\u0107 nadruk\u00f3w pozwoli\u0142a zachowa\u0107 elegancki, profesjonalny charakter ca\u0142ego zestawu.<\/p>\n\n\n\n<div style=\"height:35px;\"><\/div>\n\n\n\n<h2 class=\"wp-block-heading has-text-align-center has-ast-global-color-0-color has-text-color has-link-color wp-elements-641413e93d9e84c7dffa53fa50487858\" id=\"efekt-wspolpracy\">Efekt wsp\u00f3\u0142pracy<\/h2>\n\n\n\n<div style=\"height:15px;\"><\/div>\n\n\n\n<p style=\"letter-spacing:0.2px\">Efektem wsp\u00f3\u0142pracy jest sp\u00f3jny zestaw materia\u0142\u00f3w promocyjnych, kt\u00f3ry wzmacnia profesjonalny wizerunek kancelarii i buduje rozpoznawalno\u015b\u0107 marki w bezpo\u015brednim kontakcie z klientem.<\/p>\n\n\n\n<p><\/p>","protected":false},"excerpt":{"rendered":"<p>Kancelaria Kardasz Celem wsp\u00f3\u0142pracy by\u0142o opracowanie eleganckiej i profesjonalnej identyfikacji wizualnej, kt\u00f3ra wzmocni wizerunek kancelarii jako stabilnej, rzetelnej i godnej [&hellip;]<\/p>\n","protected":false},"author":1,"featured_media":0,"parent":0,"menu_order":0,"comment_status":"closed","ping_status":"closed","template":"","meta":{"_gspb_post_css":"","site-sidebar-layout":"default","site-content-layout":"","ast-site-content-layout":"","site-content-style":"default","site-sidebar-style":"default","ast-global-header-display":"","ast-banner-title-visibility":"","ast-main-header-display":"","ast-hfb-above-header-display":"","ast-hfb-below-header-display":"","ast-hfb-mobile-header-display":"","site-post-title":"disabled","ast-breadcrumbs-content":"","ast-featured-img":"","footer-sml-layout":"","theme-transparent-header-meta":"","adv-header-id-meta":"","stick-header-meta":"","header-above-stick-meta":"","header-main-stick-meta":"","header-below-stick-meta":"","astra-migrate-meta-layouts":"default","ast-page-background-enabled":"default","ast-page-background-meta":{"desktop":{"background-color":"var(--ast-global-color-5)","background-image":"","background-repeat":"repeat","background-position":"center center","background-size":"auto","background-attachment":"scroll","background-type":"","background-media":"","overlay-type":"","overlay-color":"","overlay-opacity":"","overlay-gradient":""},"tablet":{"background-color":"","background-image":"","background-repeat":"repeat","background-position":"center center","background-size":"auto","background-attachment":"scroll","background-type":"","background-media":"","overlay-type":"","overlay-color":"","overlay-opacity":"","overlay-gradient":""},"mobile":{"background-color":"","background-image":"","background-repeat":"repeat","background-position":"center center","background-size":"auto","background-attachment":"scroll","background-type":"","background-media":"","overlay-type":"","overlay-color":"","overlay-opacity":"","overlay-gradient":""}},"ast-content-background-meta":{"desktop":{"background-color":"var(--ast-global-color-4)","background-image":"","background-repeat":"repeat","background-position":"center center","background-size":"auto","background-attachment":"scroll","background-type":"","background-media":"","overlay-type":"","overlay-color":"","overlay-opacity":"","overlay-gradient":""},"tablet":{"background-color":"var(--ast-global-color-4)","background-image":"","background-repeat":"repeat","background-position":"center center","background-size":"auto","background-attachment":"scroll","background-type":"","background-media":"","overlay-type":"","overlay-color":"","overlay-opacity":"","overlay-gradient":""},"mobile":{"background-color":"var(--ast-global-color-4)","background-image":"","background-repeat":"repeat","background-position":"center center","background-size":"auto","background-attachment":"scroll","background-type":"","background-media":"","overlay-type":"","overlay-color":"","overlay-opacity":"","overlay-gradient":""}},"footnotes":""},"class_list":["post-2887","page","type-page","status-publish","hentry"],"yoast_head":"<!-- This site is optimized with the Yoast SEO plugin v27.4 - https:\/\/yoast.com\/product\/yoast-seo-wordpress\/ -->\n<title>Kancelaria Kardasz<\/title>\n<meta name=\"robots\" content=\"index, follow, max-snippet:-1, max-image-preview:large, max-video-preview:-1\" \/>\n<link rel=\"canonical\" href=\"https:\/\/domisob.art\/en\/klienci-kancelaria-kardasz\/\" \/>\n<meta property=\"og:locale\" content=\"en_US\" \/>\n<meta property=\"og:type\" content=\"article\" \/>\n<meta property=\"og:title\" content=\"Kancelaria Kardasz\" \/>\n<meta property=\"og:description\" content=\"Kancelaria Kardasz Celem wsp\u00f3\u0142pracy by\u0142o opracowanie eleganckiej i profesjonalnej identyfikacji wizualnej, kt\u00f3ra wzmocni wizerunek kancelarii jako stabilnej, rzetelnej i godnej [&hellip;]\" \/>\n<meta property=\"og:url\" content=\"https:\/\/domisob.art\/en\/klienci-kancelaria-kardasz\/\" \/>\n<meta property=\"article:modified_time\" content=\"2026-03-22T20:47:09+00:00\" \/>\n<meta property=\"og:image\" content=\"https:\/\/domisob.art\/wp-content\/uploads\/2026\/03\/filizanka-kardasz-1024x1024.png\" \/>\n\t<meta property=\"og:image:width\" content=\"1024\" \/>\n\t<meta property=\"og:image:height\" content=\"1024\" \/>\n\t<meta property=\"og:image:type\" content=\"image\/png\" \/>\n<meta name=\"twitter:card\" content=\"summary_large_image\" \/>\n<meta name=\"twitter:label1\" content=\"Est. reading time\" \/>\n\t<meta name=\"twitter:data1\" content=\"2 minutes\" \/>\n<script type=\"application\/ld+json\" class=\"yoast-schema-graph\">{\"@context\":\"https:\\\/\\\/schema.org\",\"@graph\":[{\"@type\":\"WebPage\",\"@id\":\"https:\\\/\\\/domisob.art\\\/klienci-kancelaria-kardasz\\\/\",\"url\":\"https:\\\/\\\/domisob.art\\\/klienci-kancelaria-kardasz\\\/\",\"name\":\"Kancelaria Kardasz\",\"isPartOf\":{\"@id\":\"https:\\\/\\\/domisob.art\\\/#website\"},\"primaryImageOfPage\":{\"@id\":\"https:\\\/\\\/domisob.art\\\/klienci-kancelaria-kardasz\\\/#primaryimage\"},\"image\":{\"@id\":\"https:\\\/\\\/domisob.art\\\/klienci-kancelaria-kardasz\\\/#primaryimage\"},\"thumbnailUrl\":\"https:\\\/\\\/domisob.art\\\/wp-content\\\/uploads\\\/2026\\\/03\\\/filizanka-kardasz.png\",\"datePublished\":\"2026-02-23T14:37:51+00:00\",\"dateModified\":\"2026-03-22T20:47:09+00:00\",\"breadcrumb\":{\"@id\":\"https:\\\/\\\/domisob.art\\\/klienci-kancelaria-kardasz\\\/#breadcrumb\"},\"inLanguage\":\"en-US\",\"potentialAction\":[{\"@type\":\"ReadAction\",\"target\":[\"https:\\\/\\\/domisob.art\\\/klienci-kancelaria-kardasz\\\/\"]}]},{\"@type\":\"ImageObject\",\"inLanguage\":\"en-US\",\"@id\":\"https:\\\/\\\/domisob.art\\\/klienci-kancelaria-kardasz\\\/#primaryimage\",\"url\":\"https:\\\/\\\/domisob.art\\\/wp-content\\\/uploads\\\/2026\\\/03\\\/filizanka-kardasz.png\",\"contentUrl\":\"https:\\\/\\\/domisob.art\\\/wp-content\\\/uploads\\\/2026\\\/03\\\/filizanka-kardasz.png\"},{\"@type\":\"BreadcrumbList\",\"@id\":\"https:\\\/\\\/domisob.art\\\/klienci-kancelaria-kardasz\\\/#breadcrumb\",\"itemListElement\":[{\"@type\":\"ListItem\",\"position\":1,\"name\":\"Strona g\u0142\u00f3wna\",\"item\":\"https:\\\/\\\/domisob.art\\\/\"},{\"@type\":\"ListItem\",\"position\":2,\"name\":\"Kancelaria Kardasz\"}]},{\"@type\":\"WebSite\",\"@id\":\"https:\\\/\\\/domisob.art\\\/#website\",\"url\":\"https:\\\/\\\/domisob.art\\\/\",\"name\":\"domisob\",\"description\":\"\",\"publisher\":{\"@id\":\"https:\\\/\\\/domisob.art\\\/#organization\"},\"potentialAction\":[{\"@type\":\"SearchAction\",\"target\":{\"@type\":\"EntryPoint\",\"urlTemplate\":\"https:\\\/\\\/domisob.art\\\/?s={search_term_string}\"},\"query-input\":{\"@type\":\"PropertyValueSpecification\",\"valueRequired\":true,\"valueName\":\"search_term_string\"}}],\"inLanguage\":\"en-US\"},{\"@type\":\"Organization\",\"@id\":\"https:\\\/\\\/domisob.art\\\/#organization\",\"name\":\"domisob\",\"url\":\"https:\\\/\\\/domisob.art\\\/\",\"logo\":{\"@type\":\"ImageObject\",\"inLanguage\":\"en-US\",\"@id\":\"https:\\\/\\\/domisob.art\\\/#\\\/schema\\\/logo\\\/image\\\/\",\"url\":\"https:\\\/\\\/domisob.art\\\/wp-content\\\/uploads\\\/2025\\\/10\\\/logo-domisob.png\",\"contentUrl\":\"https:\\\/\\\/domisob.art\\\/wp-content\\\/uploads\\\/2025\\\/10\\\/logo-domisob.png\",\"width\":998,\"height\":334,\"caption\":\"domisob\"},\"image\":{\"@id\":\"https:\\\/\\\/domisob.art\\\/#\\\/schema\\\/logo\\\/image\\\/\"}}]}<\/script>\n<!-- \/ Yoast SEO plugin. -->","yoast_head_json":{"title":"Kancelaria Kardasz","robots":{"index":"index","follow":"follow","max-snippet":"max-snippet:-1","max-image-preview":"max-image-preview:large","max-video-preview":"max-video-preview:-1"},"canonical":"https:\/\/domisob.art\/en\/klienci-kancelaria-kardasz\/","og_locale":"en_US","og_type":"article","og_title":"Kancelaria Kardasz","og_description":"Kancelaria Kardasz Celem wsp\u00f3\u0142pracy by\u0142o opracowanie eleganckiej i profesjonalnej identyfikacji wizualnej, kt\u00f3ra wzmocni wizerunek kancelarii jako stabilnej, rzetelnej i godnej [&hellip;]","og_url":"https:\/\/domisob.art\/en\/klienci-kancelaria-kardasz\/","article_modified_time":"2026-03-22T20:47:09+00:00","og_image":[{"width":1024,"height":1024,"url":"https:\/\/domisob.art\/wp-content\/uploads\/2026\/03\/filizanka-kardasz-1024x1024.png","type":"image\/png"}],"twitter_card":"summary_large_image","twitter_misc":{"Est. reading time":"2 minutes"},"schema":{"@context":"https:\/\/schema.org","@graph":[{"@type":"WebPage","@id":"https:\/\/domisob.art\/klienci-kancelaria-kardasz\/","url":"https:\/\/domisob.art\/klienci-kancelaria-kardasz\/","name":"Kancelaria Kardasz","isPartOf":{"@id":"https:\/\/domisob.art\/#website"},"primaryImageOfPage":{"@id":"https:\/\/domisob.art\/klienci-kancelaria-kardasz\/#primaryimage"},"image":{"@id":"https:\/\/domisob.art\/klienci-kancelaria-kardasz\/#primaryimage"},"thumbnailUrl":"https:\/\/domisob.art\/wp-content\/uploads\/2026\/03\/filizanka-kardasz.png","datePublished":"2026-02-23T14:37:51+00:00","dateModified":"2026-03-22T20:47:09+00:00","breadcrumb":{"@id":"https:\/\/domisob.art\/klienci-kancelaria-kardasz\/#breadcrumb"},"inLanguage":"en-US","potentialAction":[{"@type":"ReadAction","target":["https:\/\/domisob.art\/klienci-kancelaria-kardasz\/"]}]},{"@type":"ImageObject","inLanguage":"en-US","@id":"https:\/\/domisob.art\/klienci-kancelaria-kardasz\/#primaryimage","url":"https:\/\/domisob.art\/wp-content\/uploads\/2026\/03\/filizanka-kardasz.png","contentUrl":"https:\/\/domisob.art\/wp-content\/uploads\/2026\/03\/filizanka-kardasz.png"},{"@type":"BreadcrumbList","@id":"https:\/\/domisob.art\/klienci-kancelaria-kardasz\/#breadcrumb","itemListElement":[{"@type":"ListItem","position":1,"name":"Strona g\u0142\u00f3wna","item":"https:\/\/domisob.art\/"},{"@type":"ListItem","position":2,"name":"Kancelaria Kardasz"}]},{"@type":"WebSite","@id":"https:\/\/domisob.art\/#website","url":"https:\/\/domisob.art\/","name":"domisob","description":"","publisher":{"@id":"https:\/\/domisob.art\/#organization"},"potentialAction":[{"@type":"SearchAction","target":{"@type":"EntryPoint","urlTemplate":"https:\/\/domisob.art\/?s={search_term_string}"},"query-input":{"@type":"PropertyValueSpecification","valueRequired":true,"valueName":"search_term_string"}}],"inLanguage":"en-US"},{"@type":"Organization","@id":"https:\/\/domisob.art\/#organization","name":"domisob","url":"https:\/\/domisob.art\/","logo":{"@type":"ImageObject","inLanguage":"en-US","@id":"https:\/\/domisob.art\/#\/schema\/logo\/image\/","url":"https:\/\/domisob.art\/wp-content\/uploads\/2025\/10\/logo-domisob.png","contentUrl":"https:\/\/domisob.art\/wp-content\/uploads\/2025\/10\/logo-domisob.png","width":998,"height":334,"caption":"domisob"},"image":{"@id":"https:\/\/domisob.art\/#\/schema\/logo\/image\/"}}]}},"_links":{"self":[{"href":"https:\/\/domisob.art\/en\/wp-json\/wp\/v2\/pages\/2887","targetHints":{"allow":["GET"]}}],"collection":[{"href":"https:\/\/domisob.art\/en\/wp-json\/wp\/v2\/pages"}],"about":[{"href":"https:\/\/domisob.art\/en\/wp-json\/wp\/v2\/types\/page"}],"author":[{"embeddable":true,"href":"https:\/\/domisob.art\/en\/wp-json\/wp\/v2\/users\/1"}],"replies":[{"embeddable":true,"href":"https:\/\/domisob.art\/en\/wp-json\/wp\/v2\/comments?post=2887"}],"version-history":[{"count":16,"href":"https:\/\/domisob.art\/en\/wp-json\/wp\/v2\/pages\/2887\/revisions"}],"predecessor-version":[{"id":4087,"href":"https:\/\/domisob.art\/en\/wp-json\/wp\/v2\/pages\/2887\/revisions\/4087"}],"wp:attachment":[{"href":"https:\/\/domisob.art\/en\/wp-json\/wp\/v2\/media?parent=2887"}],"curies":[{"name":"wp","href":"https:\/\/api.w.org\/{rel}","templated":true}]}}