{"id":2934,"date":"2026-02-25T12:44:11","date_gmt":"2026-02-25T11:44:11","guid":{"rendered":"https:\/\/domisob.art\/?page_id=2934"},"modified":"2026-03-22T21:45:32","modified_gmt":"2026-03-22T20:45:32","slug":"studuim-70-lecie-totalizatora","status":"publish","type":"page","link":"https:\/\/domisob.art\/en\/studuim-70-lecie-totalizatora\/","title":{"rendered":"70 lecie totalizatora"},"content":{"rendered":"<div style=\"height:80px;\"><\/div>\n\n\n\n<h1 class=\"wp-block-heading has-text-align-center has-ast-global-color-0-color has-text-color has-link-color wp-elements-438694bcc7d37d20e84cea3fc1bda9b2\" id=\"70-lecie-totalizatora-sportowego\" style=\"letter-spacing:0.5px\">70-lecie Totalizatora Sportowego<\/h1>\n\n\n\n<style>\n  .domisob-customers-small{\n    text-align: center;\n    margin: 4px 0 16px;\n    font-family: Inter, system-ui, sans-serif;\n    font-size: 14px;\n    letter-spacing: .14em;\n    text-transform: uppercase;\n    opacity: .65;\n  }\n<\/style>\n\n<div class=\"domisob-customers-small\">\nPunktem wyj\u015bcia by\u0142a liczba \u201e70\u201d jako symbol jubileuszu instytucji o ugruntowanej pozycji w obszarze sportu i system\u00f3w losowa\u0144 liczbowych.\n<\/div>\n\n\n\n<div style=\"height:35px;\"><\/div>\n\n\n\n<h2 class=\"wp-block-heading has-text-align-center has-ast-global-color-0-color has-text-color has-link-color wp-elements-693a65822c743ddcf3644af9488b3dae\" id=\"architektura-systemu-wizualnego\" style=\"letter-spacing:0.5px\">Architektura systemu wizualnego<\/h2>\n\n\n\n<div style=\"height:15px;\"><\/div>\n\n\n\n<p class=\"has-text-align-center\" style=\"letter-spacing:0.2px\">Zaprojektowano trzy r\u00f3wnoleg\u0142e interpretacje jubileuszu, tworz\u0105ce wsp\u00f3lny uk\u0142ad tryptyku.<\/p>\n\n\n\n<div style=\"height:15px;\"><\/div>\n\n\n\n<figure class=\"wp-block-gallery has-nested-images columns-default is-cropped wp-block-gallery-1 is-layout-flex wp-block-gallery-is-layout-flex\">\n<figure class=\"wp-block-image size-full has-custom-border\"><img loading=\"lazy\" decoding=\"async\" width=\"2560\" height=\"1920\" data-id=\"2239\" src=\"https:\/\/domisob.art\/wp-content\/uploads\/2026\/02\/totalizator.png\" alt=\"\" class=\"wp-image-2239\" style=\"border-top-left-radius:25px;border-top-right-radius:25px;border-bottom-left-radius:25px;border-bottom-right-radius:25px\" srcset=\"https:\/\/domisob.art\/wp-content\/uploads\/2026\/02\/totalizator.png 2560w, https:\/\/domisob.art\/wp-content\/uploads\/2026\/02\/totalizator-900x675.png 900w, https:\/\/domisob.art\/wp-content\/uploads\/2026\/02\/totalizator-1024x768.png 1024w, https:\/\/domisob.art\/wp-content\/uploads\/2026\/02\/totalizator-768x576.png 768w, https:\/\/domisob.art\/wp-content\/uploads\/2026\/02\/totalizator-1536x1152.png 1536w, https:\/\/domisob.art\/wp-content\/uploads\/2026\/02\/totalizator-2048x1536.png 2048w, https:\/\/domisob.art\/wp-content\/uploads\/2026\/02\/totalizator-16x12.png 16w\" sizes=\"auto, (max-width: 2560px) 100vw, 2560px\" \/><\/figure>\n<\/figure>\n\n\n\n<div style=\"height:15px;\"><\/div>\n\n\n\n<h3 class=\"wp-block-heading has-text-align-center\" id=\"i-interpretacja-rekreacyjna-energia-i-swoboda\" style=\"letter-spacing:0.5px\">I. Interpretacja rekreacyjna &#8211; energia i swoboda<\/h3>\n\n\n\n<div style=\"height:10px;\"><\/div>\n\n\n\n<p style=\"letter-spacing:0.2px\">Forma \u201e7\u201d zosta\u0142a zbudowana z makaronu p\u0142ywackiego, \u201e0\u201d z ko\u0142a ratunkowego. Kompozycja opiera si\u0119 na mi\u0119kkich, organicznych kszta\u0142tach i wyra\u017anym kontra\u015bcie magenty oraz z\u0142otego akcentu. Ta interpretacja operuje emocj\u0105 i kolorem. Odnosi si\u0119 do sportu jako przyjemno\u015bci, ruchu i lekko\u015bci. Liczba nie jest nadrukowana, jest sytuacj\u0105.<\/p>\n\n\n\n<div style=\"height:15px;\"><\/div>\n\n\n\n<h3 class=\"wp-block-heading has-text-align-center\" id=\"ii-interpretacja-systemowa-struktura-i-rytm\" style=\"letter-spacing:0.5px\">II. Interpretacja systemowa &#8211; struktura i rytm<\/h3>\n\n\n\n<div style=\"height:10px;\"><\/div>\n\n\n\n<p style=\"letter-spacing:0.2px\">Centralna kompozycja redukuje form\u0119 do minimum. Okr\u0105g zbudowany z punkt\u00f3w nawi\u0105zuje do kul losowa\u0144, tworz\u0105c niemal emblemowy znak. \u201e70\u201d zostaje wpisane w system, w spos\u00f3b czemu powstaje znak oparty na rytmie, powtarzalno\u015bci i matematycznej konstrukcji. Granat i z\u0142oto buduj\u0105 instytucjonalny ton oraz wra\u017cenie rangi jubileuszu. To najbardziej syntetyczna i znakowa ods\u0142ona ca\u0142ego zestawu.<\/p>\n\n\n\n<div style=\"height:15px;\"><\/div>\n\n\n\n<h3 class=\"wp-block-heading has-text-align-center\" id=\"iii-interpretacja-dyscypliny-precyzja-i-koncentracja\" style=\"letter-spacing:0.5px\">III. Interpretacja dyscypliny &#8211; precyzja i koncentracja<\/h3>\n\n\n\n<div style=\"height:10px;\"><\/div>\n\n\n\n<p style=\"letter-spacing:0.2px\">W trzeciej kompozycji liczba zostaje ukryta w geometrii kija golfowego i pi\u0142ki. Forma \u201e7\u201d wynika z realnego obiektu, a \u201e0\u201d staje si\u0119 elementem akcji. To interpretacja najbardziej oszcz\u0119dna. Operuje cisz\u0105 kompozycyjn\u0105, jasnym t\u0142em i ograniczon\u0105 palet\u0105. Liczba nie dominuje, jest subtelnie odkrywana.<\/p>\n\n\n\n<div style=\"height:35px;\"><\/div>\n\n\n\n<h2 class=\"wp-block-heading has-text-align-center has-ast-global-color-0-color has-text-color has-link-color wp-elements-507f0ea44e814ec978cf301a429cd1aa\" id=\"fundament-koncepcyjny\" style=\"letter-spacing:0.5px\">Fundament koncepcyjny<\/h2>\n\n\n\n<div style=\"height:15px;\"><\/div>\n\n\n\n<p style=\"letter-spacing:0.2px\">Projekt oparto na minimalistycznej estetyce oraz stonowanej kolorystyce charakterystycznej dla bran\u017cy prawniczej. Dominuj\u0105ce granaty, biel i subtelne srebrne akcenty buduj\u0105 poczucie stabilno\u015bci, profesjonalizmu i zaufania. Zastosowano czyteln\u0105 typografi\u0119 oraz precyzyjne rozmieszczenie element\u00f3w logo, tak aby zachowa\u0107 elegancj\u0119 i wysok\u0105 jako\u015b\u0107 wizualn\u0105.<\/p>\n\n\n\n<div style=\"height:35px;\"><\/div>\n\n\n\n<h2 class=\"wp-block-heading has-text-align-center has-ast-global-color-0-color has-text-color has-link-color wp-elements-ef9b01d02bfd10fd593bbcb0ef2356df\" id=\"spojnosc-systemowa\" style=\"letter-spacing:0.5px\">Sp\u00f3jno\u015b\u0107 systemowa<\/h2>\n\n\n\n<div style=\"height:15px;\"><\/div>\n\n\n\n<p style=\"letter-spacing:0.2px\">Pomimo r\u00f3\u017cnic stylistycznych wszystkie trzy kompozycje \u0142\u0105czy:<\/p>\n\n\n\n<ul style=\"letter-spacing:0.2px\" class=\"wp-block-list\">\n<li>z\u0142oty akcent jako symbol jubileuszu,<\/li>\n\n\n\n<li>konstrukcja oparta na liczbie jako strukturze,<\/li>\n\n\n\n<li style=\"letter-spacing:0.2px\">wyra\u017any podzia\u0142 ci\u0119\u017caru wizualnego,<\/li>\n\n\n\n<li>potencja\u0142 funkcjonowania zar\u00f3wno indywidualnie, jak i w uk\u0142adzie sekwencyjnym.<\/li>\n<\/ul>\n\n\n\n<p style=\"letter-spacing:0.2px\">Centralna kompozycja stabilizuje zestaw, tworz\u0105c wizualny punkt ci\u0119\u017cko\u015bci, podczas gdy boczne interpretacje rozszerzaj\u0105 kontekst. Projekt pokazuje, \u017ce jubileusz mo\u017ce by\u0107 rozwijany jako system znacze\u0144, a nie pojedyncza forma graficzna.<\/p>","protected":false},"excerpt":{"rendered":"<p>70-lecie Totalizatora Sportowego Punktem wyj\u015bcia by\u0142a liczba \u201e70\u201d jako symbol jubileuszu instytucji o ugruntowanej pozycji w obszarze sportu i system\u00f3w [&hellip;]<\/p>\n","protected":false},"author":1,"featured_media":0,"parent":0,"menu_order":0,"comment_status":"closed","ping_status":"closed","template":"","meta":{"_gspb_post_css":"","site-sidebar-layout":"default","site-content-layout":"","ast-site-content-layout":"","site-content-style":"default","site-sidebar-style":"default","ast-global-header-display":"","ast-banner-title-visibility":"","ast-main-header-display":"","ast-hfb-above-header-display":"","ast-hfb-below-header-display":"","ast-hfb-mobile-header-display":"","site-post-title":"disabled","ast-breadcrumbs-content":"","ast-featured-img":"","footer-sml-layout":"","theme-transparent-header-meta":"","adv-header-id-meta":"","stick-header-meta":"","header-above-stick-meta":"","header-main-stick-meta":"","header-below-stick-meta":"","astra-migrate-meta-layouts":"default","ast-page-background-enabled":"default","ast-page-background-meta":{"desktop":{"background-color":"var(--ast-global-color-5)","background-image":"","background-repeat":"repeat","background-position":"center center","background-size":"auto","background-attachment":"scroll","background-type":"","background-media":"","overlay-type":"","overlay-color":"","overlay-opacity":"","overlay-gradient":""},"tablet":{"background-color":"","background-image":"","background-repeat":"repeat","background-position":"center center","background-size":"auto","background-attachment":"scroll","background-type":"","background-media":"","overlay-type":"","overlay-color":"","overlay-opacity":"","overlay-gradient":""},"mobile":{"background-color":"","background-image":"","background-repeat":"repeat","background-position":"center center","background-size":"auto","background-attachment":"scroll","background-type":"","background-media":"","overlay-type":"","overlay-color":"","overlay-opacity":"","overlay-gradient":""}},"ast-content-background-meta":{"desktop":{"background-color":"var(--ast-global-color-4)","background-image":"","background-repeat":"repeat","background-position":"center center","background-size":"auto","background-attachment":"scroll","background-type":"","background-media":"","overlay-type":"","overlay-color":"","overlay-opacity":"","overlay-gradient":""},"tablet":{"background-color":"var(--ast-global-color-4)","background-image":"","background-repeat":"repeat","background-position":"center center","background-size":"auto","background-attachment":"scroll","background-type":"","background-media":"","overlay-type":"","overlay-color":"","overlay-opacity":"","overlay-gradient":""},"mobile":{"background-color":"var(--ast-global-color-4)","background-image":"","background-repeat":"repeat","background-position":"center center","background-size":"auto","background-attachment":"scroll","background-type":"","background-media":"","overlay-type":"","overlay-color":"","overlay-opacity":"","overlay-gradient":""}},"footnotes":""},"class_list":["post-2934","page","type-page","status-publish","hentry"],"yoast_head":"<!-- This site is optimized with the Yoast SEO plugin v27.4 - https:\/\/yoast.com\/product\/yoast-seo-wordpress\/ -->\n<title>70 lecie totalizatora<\/title>\n<meta name=\"robots\" content=\"index, follow, max-snippet:-1, max-image-preview:large, max-video-preview:-1\" \/>\n<link rel=\"canonical\" href=\"https:\/\/domisob.art\/en\/studuim-70-lecie-totalizatora\/\" \/>\n<meta property=\"og:locale\" content=\"en_US\" \/>\n<meta property=\"og:type\" content=\"article\" \/>\n<meta property=\"og:title\" content=\"70 lecie totalizatora\" \/>\n<meta property=\"og:description\" content=\"70-lecie Totalizatora Sportowego Punktem wyj\u015bcia by\u0142a liczba \u201e70\u201d jako symbol jubileuszu instytucji o ugruntowanej pozycji w obszarze sportu i system\u00f3w [&hellip;]\" \/>\n<meta property=\"og:url\" content=\"https:\/\/domisob.art\/en\/studuim-70-lecie-totalizatora\/\" \/>\n<meta property=\"article:modified_time\" content=\"2026-03-22T20:45:32+00:00\" \/>\n<meta property=\"og:image\" content=\"https:\/\/domisob.art\/wp-content\/uploads\/2026\/02\/totalizator-1024x768.png\" \/>\n\t<meta property=\"og:image:width\" content=\"1024\" \/>\n\t<meta property=\"og:image:height\" content=\"768\" \/>\n\t<meta property=\"og:image:type\" content=\"image\/png\" \/>\n<meta name=\"twitter:card\" content=\"summary_large_image\" \/>\n<meta name=\"twitter:label1\" content=\"Est. reading time\" \/>\n\t<meta name=\"twitter:data1\" content=\"2 minutes\" \/>\n<script type=\"application\/ld+json\" class=\"yoast-schema-graph\">{\"@context\":\"https:\\\/\\\/schema.org\",\"@graph\":[{\"@type\":\"WebPage\",\"@id\":\"https:\\\/\\\/domisob.art\\\/studuim-70-lecie-totalizatora\\\/\",\"url\":\"https:\\\/\\\/domisob.art\\\/studuim-70-lecie-totalizatora\\\/\",\"name\":\"70 lecie totalizatora\",\"isPartOf\":{\"@id\":\"https:\\\/\\\/domisob.art\\\/#website\"},\"primaryImageOfPage\":{\"@id\":\"https:\\\/\\\/domisob.art\\\/studuim-70-lecie-totalizatora\\\/#primaryimage\"},\"image\":{\"@id\":\"https:\\\/\\\/domisob.art\\\/studuim-70-lecie-totalizatora\\\/#primaryimage\"},\"thumbnailUrl\":\"https:\\\/\\\/domisob.art\\\/wp-content\\\/uploads\\\/2026\\\/02\\\/totalizator.png\",\"datePublished\":\"2026-02-25T11:44:11+00:00\",\"dateModified\":\"2026-03-22T20:45:32+00:00\",\"breadcrumb\":{\"@id\":\"https:\\\/\\\/domisob.art\\\/studuim-70-lecie-totalizatora\\\/#breadcrumb\"},\"inLanguage\":\"en-US\",\"potentialAction\":[{\"@type\":\"ReadAction\",\"target\":[\"https:\\\/\\\/domisob.art\\\/studuim-70-lecie-totalizatora\\\/\"]}]},{\"@type\":\"ImageObject\",\"inLanguage\":\"en-US\",\"@id\":\"https:\\\/\\\/domisob.art\\\/studuim-70-lecie-totalizatora\\\/#primaryimage\",\"url\":\"https:\\\/\\\/domisob.art\\\/wp-content\\\/uploads\\\/2026\\\/02\\\/totalizator.png\",\"contentUrl\":\"https:\\\/\\\/domisob.art\\\/wp-content\\\/uploads\\\/2026\\\/02\\\/totalizator.png\"},{\"@type\":\"BreadcrumbList\",\"@id\":\"https:\\\/\\\/domisob.art\\\/studuim-70-lecie-totalizatora\\\/#breadcrumb\",\"itemListElement\":[{\"@type\":\"ListItem\",\"position\":1,\"name\":\"Strona g\u0142\u00f3wna\",\"item\":\"https:\\\/\\\/domisob.art\\\/\"},{\"@type\":\"ListItem\",\"position\":2,\"name\":\"70 lecie totalizatora\"}]},{\"@type\":\"WebSite\",\"@id\":\"https:\\\/\\\/domisob.art\\\/#website\",\"url\":\"https:\\\/\\\/domisob.art\\\/\",\"name\":\"domisob\",\"description\":\"\",\"publisher\":{\"@id\":\"https:\\\/\\\/domisob.art\\\/#organization\"},\"potentialAction\":[{\"@type\":\"SearchAction\",\"target\":{\"@type\":\"EntryPoint\",\"urlTemplate\":\"https:\\\/\\\/domisob.art\\\/?s={search_term_string}\"},\"query-input\":{\"@type\":\"PropertyValueSpecification\",\"valueRequired\":true,\"valueName\":\"search_term_string\"}}],\"inLanguage\":\"en-US\"},{\"@type\":\"Organization\",\"@id\":\"https:\\\/\\\/domisob.art\\\/#organization\",\"name\":\"domisob\",\"url\":\"https:\\\/\\\/domisob.art\\\/\",\"logo\":{\"@type\":\"ImageObject\",\"inLanguage\":\"en-US\",\"@id\":\"https:\\\/\\\/domisob.art\\\/#\\\/schema\\\/logo\\\/image\\\/\",\"url\":\"https:\\\/\\\/domisob.art\\\/wp-content\\\/uploads\\\/2025\\\/10\\\/logo-domisob.png\",\"contentUrl\":\"https:\\\/\\\/domisob.art\\\/wp-content\\\/uploads\\\/2025\\\/10\\\/logo-domisob.png\",\"width\":998,\"height\":334,\"caption\":\"domisob\"},\"image\":{\"@id\":\"https:\\\/\\\/domisob.art\\\/#\\\/schema\\\/logo\\\/image\\\/\"}}]}<\/script>\n<!-- \/ Yoast SEO plugin. -->","yoast_head_json":{"title":"70 lecie totalizatora","robots":{"index":"index","follow":"follow","max-snippet":"max-snippet:-1","max-image-preview":"max-image-preview:large","max-video-preview":"max-video-preview:-1"},"canonical":"https:\/\/domisob.art\/en\/studuim-70-lecie-totalizatora\/","og_locale":"en_US","og_type":"article","og_title":"70 lecie totalizatora","og_description":"70-lecie Totalizatora Sportowego Punktem wyj\u015bcia by\u0142a liczba \u201e70\u201d jako symbol jubileuszu instytucji o ugruntowanej pozycji w obszarze sportu i system\u00f3w [&hellip;]","og_url":"https:\/\/domisob.art\/en\/studuim-70-lecie-totalizatora\/","article_modified_time":"2026-03-22T20:45:32+00:00","og_image":[{"width":1024,"height":768,"url":"https:\/\/domisob.art\/wp-content\/uploads\/2026\/02\/totalizator-1024x768.png","type":"image\/png"}],"twitter_card":"summary_large_image","twitter_misc":{"Est. reading time":"2 minutes"},"schema":{"@context":"https:\/\/schema.org","@graph":[{"@type":"WebPage","@id":"https:\/\/domisob.art\/studuim-70-lecie-totalizatora\/","url":"https:\/\/domisob.art\/studuim-70-lecie-totalizatora\/","name":"70 lecie totalizatora","isPartOf":{"@id":"https:\/\/domisob.art\/#website"},"primaryImageOfPage":{"@id":"https:\/\/domisob.art\/studuim-70-lecie-totalizatora\/#primaryimage"},"image":{"@id":"https:\/\/domisob.art\/studuim-70-lecie-totalizatora\/#primaryimage"},"thumbnailUrl":"https:\/\/domisob.art\/wp-content\/uploads\/2026\/02\/totalizator.png","datePublished":"2026-02-25T11:44:11+00:00","dateModified":"2026-03-22T20:45:32+00:00","breadcrumb":{"@id":"https:\/\/domisob.art\/studuim-70-lecie-totalizatora\/#breadcrumb"},"inLanguage":"en-US","potentialAction":[{"@type":"ReadAction","target":["https:\/\/domisob.art\/studuim-70-lecie-totalizatora\/"]}]},{"@type":"ImageObject","inLanguage":"en-US","@id":"https:\/\/domisob.art\/studuim-70-lecie-totalizatora\/#primaryimage","url":"https:\/\/domisob.art\/wp-content\/uploads\/2026\/02\/totalizator.png","contentUrl":"https:\/\/domisob.art\/wp-content\/uploads\/2026\/02\/totalizator.png"},{"@type":"BreadcrumbList","@id":"https:\/\/domisob.art\/studuim-70-lecie-totalizatora\/#breadcrumb","itemListElement":[{"@type":"ListItem","position":1,"name":"Strona g\u0142\u00f3wna","item":"https:\/\/domisob.art\/"},{"@type":"ListItem","position":2,"name":"70 lecie totalizatora"}]},{"@type":"WebSite","@id":"https:\/\/domisob.art\/#website","url":"https:\/\/domisob.art\/","name":"domisob","description":"","publisher":{"@id":"https:\/\/domisob.art\/#organization"},"potentialAction":[{"@type":"SearchAction","target":{"@type":"EntryPoint","urlTemplate":"https:\/\/domisob.art\/?s={search_term_string}"},"query-input":{"@type":"PropertyValueSpecification","valueRequired":true,"valueName":"search_term_string"}}],"inLanguage":"en-US"},{"@type":"Organization","@id":"https:\/\/domisob.art\/#organization","name":"domisob","url":"https:\/\/domisob.art\/","logo":{"@type":"ImageObject","inLanguage":"en-US","@id":"https:\/\/domisob.art\/#\/schema\/logo\/image\/","url":"https:\/\/domisob.art\/wp-content\/uploads\/2025\/10\/logo-domisob.png","contentUrl":"https:\/\/domisob.art\/wp-content\/uploads\/2025\/10\/logo-domisob.png","width":998,"height":334,"caption":"domisob"},"image":{"@id":"https:\/\/domisob.art\/#\/schema\/logo\/image\/"}}]}},"_links":{"self":[{"href":"https:\/\/domisob.art\/en\/wp-json\/wp\/v2\/pages\/2934","targetHints":{"allow":["GET"]}}],"collection":[{"href":"https:\/\/domisob.art\/en\/wp-json\/wp\/v2\/pages"}],"about":[{"href":"https:\/\/domisob.art\/en\/wp-json\/wp\/v2\/types\/page"}],"author":[{"embeddable":true,"href":"https:\/\/domisob.art\/en\/wp-json\/wp\/v2\/users\/1"}],"replies":[{"embeddable":true,"href":"https:\/\/domisob.art\/en\/wp-json\/wp\/v2\/comments?post=2934"}],"version-history":[{"count":26,"href":"https:\/\/domisob.art\/en\/wp-json\/wp\/v2\/pages\/2934\/revisions"}],"predecessor-version":[{"id":4082,"href":"https:\/\/domisob.art\/en\/wp-json\/wp\/v2\/pages\/2934\/revisions\/4082"}],"wp:attachment":[{"href":"https:\/\/domisob.art\/en\/wp-json\/wp\/v2\/media?parent=2934"}],"curies":[{"name":"wp","href":"https:\/\/api.w.org\/{rel}","templated":true}]}}