{"id":2981,"date":"2026-02-25T18:24:30","date_gmt":"2026-02-25T17:24:30","guid":{"rendered":"https:\/\/domisob.art\/?page_id=2981"},"modified":"2026-03-22T21:46:09","modified_gmt":"2026-03-22T20:46:09","slug":"studium-gminy-poswietne","status":"publish","type":"page","link":"https:\/\/domisob.art\/en\/studium-gminy-poswietne\/","title":{"rendered":"Gmina Po\u015bwi\u0119tne"},"content":{"rendered":"<div style=\"height:80px;\"><\/div>\n\n\n\n<h1 class=\"wp-block-heading has-text-align-center has-ast-global-color-0-color has-text-color has-link-color wp-elements-ac6c0c237ed382388ffd0aa920262b36\" id=\"gmina-poswietne\" style=\"letter-spacing:0.5px\">Gmina Po\u015bwi\u0119tne<\/h1>\n\n\n\n<style>\n  .domisob-customers-small{\n    text-align: center;\n    margin: 4px 0 16px;\n    font-family: Inter, system-ui, sans-serif;\n    font-size: 14px;\n    letter-spacing: .14em;\n    text-transform: uppercase;\n    opacity: .65;\n  }\n<\/style>\n\n<div class=\"domisob-customers-small\">\nPunktem wyj\u015bcia projektu by\u0142a analiza krajobrazu i rolniczego charakteru gminy, kt\u00f3re buduj\u0105 jej wsp\u00f3\u0142czesn\u0105 to\u017csamo\u015b\u0107.\n<\/div>\n\n\n\n<div style=\"height:35px;\"><\/div>\n\n\n\n<h2 class=\"wp-block-heading has-text-align-center has-ast-global-color-0-color has-text-color has-link-color wp-elements-693a65822c743ddcf3644af9488b3dae\" id=\"architektura-systemu-wizualnego\" style=\"letter-spacing:0.5px\">Architektura systemu wizualnego<\/h2>\n\n\n\n<div style=\"height:15px;\"><\/div>\n\n\n\n<figure class=\"wp-block-gallery has-nested-images columns-1 is-cropped wp-block-gallery-1 is-layout-flex wp-block-gallery-is-layout-flex\">\n<figure class=\"wp-block-image size-full has-custom-border\"><img loading=\"lazy\" decoding=\"async\" width=\"2000\" height=\"1500\" data-id=\"3004\" src=\"https:\/\/domisob.art\/wp-content\/uploads\/2026\/02\/gmina-poswietne-identyfikacja.png\" alt=\"\" class=\"wp-image-3004\" style=\"border-top-left-radius:25px;border-top-right-radius:25px;border-bottom-left-radius:25px;border-bottom-right-radius:25px;aspect-ratio:1\" srcset=\"https:\/\/domisob.art\/wp-content\/uploads\/2026\/02\/gmina-poswietne-identyfikacja.png 2000w, https:\/\/domisob.art\/wp-content\/uploads\/2026\/02\/gmina-poswietne-identyfikacja-900x675.png 900w, https:\/\/domisob.art\/wp-content\/uploads\/2026\/02\/gmina-poswietne-identyfikacja-1024x768.png 1024w, https:\/\/domisob.art\/wp-content\/uploads\/2026\/02\/gmina-poswietne-identyfikacja-768x576.png 768w, https:\/\/domisob.art\/wp-content\/uploads\/2026\/02\/gmina-poswietne-identyfikacja-1536x1152.png 1536w, https:\/\/domisob.art\/wp-content\/uploads\/2026\/02\/gmina-poswietne-identyfikacja-16x12.png 16w\" sizes=\"auto, (max-width: 2000px) 100vw, 2000px\" \/><\/figure>\n\n\n\n<figure class=\"wp-block-image size-full has-custom-border\"><img loading=\"lazy\" decoding=\"async\" width=\"2000\" height=\"1333\" data-id=\"3005\" src=\"https:\/\/domisob.art\/wp-content\/uploads\/2026\/02\/gmina-poswietne-info.png\" alt=\"\" class=\"wp-image-3005\" style=\"border-top-left-radius:25px;border-top-right-radius:25px;border-bottom-left-radius:25px;border-bottom-right-radius:25px;aspect-ratio:1\" srcset=\"https:\/\/domisob.art\/wp-content\/uploads\/2026\/02\/gmina-poswietne-info.png 2000w, https:\/\/domisob.art\/wp-content\/uploads\/2026\/02\/gmina-poswietne-info-900x600.png 900w, https:\/\/domisob.art\/wp-content\/uploads\/2026\/02\/gmina-poswietne-info-1024x682.png 1024w, https:\/\/domisob.art\/wp-content\/uploads\/2026\/02\/gmina-poswietne-info-768x512.png 768w, https:\/\/domisob.art\/wp-content\/uploads\/2026\/02\/gmina-poswietne-info-1536x1024.png 1536w, https:\/\/domisob.art\/wp-content\/uploads\/2026\/02\/gmina-poswietne-info-18x12.png 18w\" sizes=\"auto, (max-width: 2000px) 100vw, 2000px\" \/><\/figure>\n\n\n\n<figure class=\"wp-block-image size-full has-custom-border\"><img loading=\"lazy\" decoding=\"async\" width=\"2000\" height=\"1333\" data-id=\"3006\" src=\"https:\/\/domisob.art\/wp-content\/uploads\/2026\/02\/gmina-poswietne-lezaki.png\" alt=\"\" class=\"wp-image-3006\" style=\"border-top-left-radius:25px;border-top-right-radius:25px;border-bottom-left-radius:25px;border-bottom-right-radius:25px;aspect-ratio:1\" srcset=\"https:\/\/domisob.art\/wp-content\/uploads\/2026\/02\/gmina-poswietne-lezaki.png 2000w, https:\/\/domisob.art\/wp-content\/uploads\/2026\/02\/gmina-poswietne-lezaki-900x600.png 900w, https:\/\/domisob.art\/wp-content\/uploads\/2026\/02\/gmina-poswietne-lezaki-1024x682.png 1024w, https:\/\/domisob.art\/wp-content\/uploads\/2026\/02\/gmina-poswietne-lezaki-768x512.png 768w, https:\/\/domisob.art\/wp-content\/uploads\/2026\/02\/gmina-poswietne-lezaki-1536x1024.png 1536w, https:\/\/domisob.art\/wp-content\/uploads\/2026\/02\/gmina-poswietne-lezaki-18x12.png 18w\" sizes=\"auto, (max-width: 2000px) 100vw, 2000px\" \/><\/figure>\n\n\n\n<figure class=\"wp-block-image size-full has-custom-border\"><img loading=\"lazy\" decoding=\"async\" width=\"2000\" height=\"1500\" data-id=\"3007\" src=\"https:\/\/domisob.art\/wp-content\/uploads\/2026\/02\/gmina-poswietne-roll-up.png\" alt=\"\" class=\"wp-image-3007\" style=\"border-top-left-radius:25px;border-top-right-radius:25px;border-bottom-left-radius:25px;border-bottom-right-radius:25px;aspect-ratio:1\" srcset=\"https:\/\/domisob.art\/wp-content\/uploads\/2026\/02\/gmina-poswietne-roll-up.png 2000w, https:\/\/domisob.art\/wp-content\/uploads\/2026\/02\/gmina-poswietne-roll-up-900x675.png 900w, https:\/\/domisob.art\/wp-content\/uploads\/2026\/02\/gmina-poswietne-roll-up-1024x768.png 1024w, https:\/\/domisob.art\/wp-content\/uploads\/2026\/02\/gmina-poswietne-roll-up-768x576.png 768w, https:\/\/domisob.art\/wp-content\/uploads\/2026\/02\/gmina-poswietne-roll-up-1536x1152.png 1536w, https:\/\/domisob.art\/wp-content\/uploads\/2026\/02\/gmina-poswietne-roll-up-16x12.png 16w\" sizes=\"auto, (max-width: 2000px) 100vw, 2000px\" \/><\/figure>\n<\/figure>\n\n\n\n<div style=\"height:15px;\"><\/div>\n\n\n\n<p style=\"letter-spacing:0.2px\">Centralnym elementem znaku jest uproszczona kompozycja pola z lini\u0105 horyzontu oraz czterema drzewami. Forma zosta\u0142a zbudowana w oparciu o stabiln\u0105, geometryczn\u0105 struktur\u0119, zapewniaj\u0105c\u0105 czytelno\u015b\u0107 i skalowalno\u015b\u0107. Cztery drzewa symbolizuj\u0105 trwa\u0142o\u015b\u0107 wsp\u00f3lnoty oraz r\u00f3wnowag\u0119. Uk\u0142ad kompozycyjny oparty jest na rytmie i symetrii, co nadaje znakowi wizualn\u0105 stabilno\u015b\u0107.<\/p>\n\n\n\n<div style=\"height:35px;\"><\/div>\n\n\n\n<h2 class=\"wp-block-heading has-text-align-center has-ast-global-color-0-color has-text-color has-link-color wp-elements-507f0ea44e814ec978cf301a429cd1aa\" id=\"fundament-koncepcyjny\" style=\"letter-spacing:0.5px\">Fundament koncepcyjny<\/h2>\n\n\n\n<div style=\"height:15px;\"><\/div>\n\n\n\n<p style=\"letter-spacing:0.2px\">System identyfikacji opiera si\u0119 na trzech warto\u015bciach:<\/p>\n\n\n\n<ul class=\"wp-block-list\">\n<li>naturze<\/li>\n\n\n\n<li>wsp\u00f3lnocie<\/li>\n\n\n\n<li>rozw\u00f3ju<\/li>\n<\/ul>\n\n\n\n<p>Zastosowany intensywny odcie\u0144 zieleni buduje skojarzenia z rolnictwem, wzrostem i energi\u0105. Kolor ten nadaje marce gminy wsp\u00f3\u0142czesny, przyjazny i aktywny charakter. Z\u0142ote s\u0142o\u0144ce stanowi symbol potencja\u0142u oraz warto\u015bci lokalnej spo\u0142eczno\u015bci.<\/p>\n\n\n\n<div style=\"height:35px;\"><\/div>\n\n\n\n<h2 class=\"wp-block-heading has-text-align-center has-ast-global-color-0-color has-text-color has-link-color wp-elements-2094a5bdeeedb15f324219984a4f9cb9\" id=\"systemowosc-i-elastycznosc\" style=\"letter-spacing:0.5px\">Systemowo\u015b\u0107 i elastyczno\u015b\u0107<\/h2>\n\n\n\n<div style=\"height:15px;\"><\/div>\n\n\n\n<p>Znak funkcjonuje w trzech wariantach:<\/p>\n\n\n\n<ul class=\"wp-block-list\">\n<li>wersji podstawowej kolorystycznej,<\/li>\n\n\n\n<li>wersji monochromatycznej,<\/li>\n\n\n\n<li>wersji achromatycznej.<\/li>\n<\/ul>\n\n\n\n<p>Znak funkcjonuje w wersji podstawowej, monochromatycznej oraz achromatycznej. Prosta konstrukcja geometryczna umo\u017cliwia zastosowanie w materia\u0142ach drukowanych, cyfrowych oraz przestrzennych. Wariant poziomy zapewnia elastyczno\u015b\u0107 wdro\u017ceniow\u0105 w komunikacji urz\u0119dowej i promocyjnej.<\/p>\n\n\n\n<div style=\"height:35px;\"><\/div>\n\n\n\n<h2 class=\"wp-block-heading has-text-align-center has-ast-global-color-0-color has-text-color has-link-color wp-elements-715dce6594cfad4ea02c0632c54e8bdb\" id=\"spojnosc-komunikacyjna\" style=\"letter-spacing:0.5px\">Sp\u00f3jno\u015b\u0107 komunikacyjna<\/h2>\n\n\n\n<div style=\"height:15px;\"><\/div>\n\n\n\n<p style=\"letter-spacing:0.2px\">Identyfikacja zosta\u0142a zaprojektowana jako system, kt\u00f3ry funkcjonuje zar\u00f3wno w przestrzeni instytucjonalnej, jak i plenerowej. Le\u017caki, materia\u0142y promocyjne oraz no\u015bniki publiczne pokazuj\u0105, \u017ce marka gminy mo\u017ce by\u0107 jednocze\u015bnie oficjalna i przyjazna.<\/p>\n\n\n\n<p><\/p>","protected":false},"excerpt":{"rendered":"<p>Gmina Po\u015bwi\u0119tne Punktem wyj\u015bcia projektu by\u0142a analiza krajobrazu i rolniczego charakteru gminy, kt\u00f3re buduj\u0105 jej wsp\u00f3\u0142czesn\u0105 to\u017csamo\u015b\u0107. Architektura systemu wizualnego [&hellip;]<\/p>\n","protected":false},"author":1,"featured_media":0,"parent":0,"menu_order":0,"comment_status":"closed","ping_status":"closed","template":"","meta":{"_gspb_post_css":"","site-sidebar-layout":"default","site-content-layout":"","ast-site-content-layout":"","site-content-style":"default","site-sidebar-style":"default","ast-global-header-display":"","ast-banner-title-visibility":"","ast-main-header-display":"","ast-hfb-above-header-display":"","ast-hfb-below-header-display":"","ast-hfb-mobile-header-display":"","site-post-title":"disabled","ast-breadcrumbs-content":"","ast-featured-img":"","footer-sml-layout":"","theme-transparent-header-meta":"","adv-header-id-meta":"","stick-header-meta":"","header-above-stick-meta":"","header-main-stick-meta":"","header-below-stick-meta":"","astra-migrate-meta-layouts":"default","ast-page-background-enabled":"default","ast-page-background-meta":{"desktop":{"background-color":"var(--ast-global-color-5)","background-image":"","background-repeat":"repeat","background-position":"center center","background-size":"auto","background-attachment":"scroll","background-type":"","background-media":"","overlay-type":"","overlay-color":"","overlay-opacity":"","overlay-gradient":""},"tablet":{"background-color":"","background-image":"","background-repeat":"repeat","background-position":"center center","background-size":"auto","background-attachment":"scroll","background-type":"","background-media":"","overlay-type":"","overlay-color":"","overlay-opacity":"","overlay-gradient":""},"mobile":{"background-color":"","background-image":"","background-repeat":"repeat","background-position":"center center","background-size":"auto","background-attachment":"scroll","background-type":"","background-media":"","overlay-type":"","overlay-color":"","overlay-opacity":"","overlay-gradient":""}},"ast-content-background-meta":{"desktop":{"background-color":"var(--ast-global-color-4)","background-image":"","background-repeat":"repeat","background-position":"center center","background-size":"auto","background-attachment":"scroll","background-type":"","background-media":"","overlay-type":"","overlay-color":"","overlay-opacity":"","overlay-gradient":""},"tablet":{"background-color":"var(--ast-global-color-4)","background-image":"","background-repeat":"repeat","background-position":"center center","background-size":"auto","background-attachment":"scroll","background-type":"","background-media":"","overlay-type":"","overlay-color":"","overlay-opacity":"","overlay-gradient":""},"mobile":{"background-color":"var(--ast-global-color-4)","background-image":"","background-repeat":"repeat","background-position":"center center","background-size":"auto","background-attachment":"scroll","background-type":"","background-media":"","overlay-type":"","overlay-color":"","overlay-opacity":"","overlay-gradient":""}},"footnotes":""},"class_list":["post-2981","page","type-page","status-publish","hentry"],"yoast_head":"<!-- This site is optimized with the Yoast SEO plugin v27.4 - https:\/\/yoast.com\/product\/yoast-seo-wordpress\/ -->\n<title>Gmina Po\u015bwi\u0119tne<\/title>\n<meta name=\"robots\" content=\"index, follow, max-snippet:-1, max-image-preview:large, max-video-preview:-1\" \/>\n<link rel=\"canonical\" href=\"https:\/\/domisob.art\/en\/studium-gminy-poswietne\/\" \/>\n<meta property=\"og:locale\" content=\"en_US\" \/>\n<meta property=\"og:type\" content=\"article\" \/>\n<meta property=\"og:title\" content=\"Gmina Po\u015bwi\u0119tne\" \/>\n<meta property=\"og:description\" content=\"Gmina Po\u015bwi\u0119tne Punktem wyj\u015bcia projektu by\u0142a analiza krajobrazu i rolniczego charakteru gminy, kt\u00f3re buduj\u0105 jej wsp\u00f3\u0142czesn\u0105 to\u017csamo\u015b\u0107. Architektura systemu wizualnego [&hellip;]\" \/>\n<meta property=\"og:url\" content=\"https:\/\/domisob.art\/en\/studium-gminy-poswietne\/\" \/>\n<meta property=\"article:modified_time\" content=\"2026-03-22T20:46:09+00:00\" \/>\n<meta property=\"og:image\" content=\"https:\/\/domisob.art\/wp-content\/uploads\/2026\/02\/gmina-poswietne-identyfikacja-1024x768.png\" \/>\n\t<meta property=\"og:image:width\" content=\"1024\" \/>\n\t<meta property=\"og:image:height\" content=\"768\" \/>\n\t<meta property=\"og:image:type\" content=\"image\/png\" \/>\n<meta name=\"twitter:card\" content=\"summary_large_image\" \/>\n<meta name=\"twitter:label1\" content=\"Est. reading time\" \/>\n\t<meta name=\"twitter:data1\" content=\"2 minutes\" \/>\n<script type=\"application\/ld+json\" class=\"yoast-schema-graph\">{\"@context\":\"https:\\\/\\\/schema.org\",\"@graph\":[{\"@type\":\"WebPage\",\"@id\":\"https:\\\/\\\/domisob.art\\\/studium-gminy-poswietne\\\/\",\"url\":\"https:\\\/\\\/domisob.art\\\/studium-gminy-poswietne\\\/\",\"name\":\"Gmina Po\u015bwi\u0119tne\",\"isPartOf\":{\"@id\":\"https:\\\/\\\/domisob.art\\\/#website\"},\"primaryImageOfPage\":{\"@id\":\"https:\\\/\\\/domisob.art\\\/studium-gminy-poswietne\\\/#primaryimage\"},\"image\":{\"@id\":\"https:\\\/\\\/domisob.art\\\/studium-gminy-poswietne\\\/#primaryimage\"},\"thumbnailUrl\":\"https:\\\/\\\/domisob.art\\\/wp-content\\\/uploads\\\/2026\\\/02\\\/gmina-poswietne-identyfikacja.png\",\"datePublished\":\"2026-02-25T17:24:30+00:00\",\"dateModified\":\"2026-03-22T20:46:09+00:00\",\"breadcrumb\":{\"@id\":\"https:\\\/\\\/domisob.art\\\/studium-gminy-poswietne\\\/#breadcrumb\"},\"inLanguage\":\"en-US\",\"potentialAction\":[{\"@type\":\"ReadAction\",\"target\":[\"https:\\\/\\\/domisob.art\\\/studium-gminy-poswietne\\\/\"]}]},{\"@type\":\"ImageObject\",\"inLanguage\":\"en-US\",\"@id\":\"https:\\\/\\\/domisob.art\\\/studium-gminy-poswietne\\\/#primaryimage\",\"url\":\"https:\\\/\\\/domisob.art\\\/wp-content\\\/uploads\\\/2026\\\/02\\\/gmina-poswietne-identyfikacja.png\",\"contentUrl\":\"https:\\\/\\\/domisob.art\\\/wp-content\\\/uploads\\\/2026\\\/02\\\/gmina-poswietne-identyfikacja.png\"},{\"@type\":\"BreadcrumbList\",\"@id\":\"https:\\\/\\\/domisob.art\\\/studium-gminy-poswietne\\\/#breadcrumb\",\"itemListElement\":[{\"@type\":\"ListItem\",\"position\":1,\"name\":\"Strona g\u0142\u00f3wna\",\"item\":\"https:\\\/\\\/domisob.art\\\/\"},{\"@type\":\"ListItem\",\"position\":2,\"name\":\"Gmina Po\u015bwi\u0119tne\"}]},{\"@type\":\"WebSite\",\"@id\":\"https:\\\/\\\/domisob.art\\\/#website\",\"url\":\"https:\\\/\\\/domisob.art\\\/\",\"name\":\"domisob\",\"description\":\"\",\"publisher\":{\"@id\":\"https:\\\/\\\/domisob.art\\\/#organization\"},\"potentialAction\":[{\"@type\":\"SearchAction\",\"target\":{\"@type\":\"EntryPoint\",\"urlTemplate\":\"https:\\\/\\\/domisob.art\\\/?s={search_term_string}\"},\"query-input\":{\"@type\":\"PropertyValueSpecification\",\"valueRequired\":true,\"valueName\":\"search_term_string\"}}],\"inLanguage\":\"en-US\"},{\"@type\":\"Organization\",\"@id\":\"https:\\\/\\\/domisob.art\\\/#organization\",\"name\":\"domisob\",\"url\":\"https:\\\/\\\/domisob.art\\\/\",\"logo\":{\"@type\":\"ImageObject\",\"inLanguage\":\"en-US\",\"@id\":\"https:\\\/\\\/domisob.art\\\/#\\\/schema\\\/logo\\\/image\\\/\",\"url\":\"https:\\\/\\\/domisob.art\\\/wp-content\\\/uploads\\\/2025\\\/10\\\/logo-domisob.png\",\"contentUrl\":\"https:\\\/\\\/domisob.art\\\/wp-content\\\/uploads\\\/2025\\\/10\\\/logo-domisob.png\",\"width\":998,\"height\":334,\"caption\":\"domisob\"},\"image\":{\"@id\":\"https:\\\/\\\/domisob.art\\\/#\\\/schema\\\/logo\\\/image\\\/\"}}]}<\/script>\n<!-- \/ Yoast SEO plugin. -->","yoast_head_json":{"title":"Gmina Po\u015bwi\u0119tne","robots":{"index":"index","follow":"follow","max-snippet":"max-snippet:-1","max-image-preview":"max-image-preview:large","max-video-preview":"max-video-preview:-1"},"canonical":"https:\/\/domisob.art\/en\/studium-gminy-poswietne\/","og_locale":"en_US","og_type":"article","og_title":"Gmina Po\u015bwi\u0119tne","og_description":"Gmina Po\u015bwi\u0119tne Punktem wyj\u015bcia projektu by\u0142a analiza krajobrazu i rolniczego charakteru gminy, kt\u00f3re buduj\u0105 jej wsp\u00f3\u0142czesn\u0105 to\u017csamo\u015b\u0107. Architektura systemu wizualnego [&hellip;]","og_url":"https:\/\/domisob.art\/en\/studium-gminy-poswietne\/","article_modified_time":"2026-03-22T20:46:09+00:00","og_image":[{"width":1024,"height":768,"url":"https:\/\/domisob.art\/wp-content\/uploads\/2026\/02\/gmina-poswietne-identyfikacja-1024x768.png","type":"image\/png"}],"twitter_card":"summary_large_image","twitter_misc":{"Est. reading time":"2 minutes"},"schema":{"@context":"https:\/\/schema.org","@graph":[{"@type":"WebPage","@id":"https:\/\/domisob.art\/studium-gminy-poswietne\/","url":"https:\/\/domisob.art\/studium-gminy-poswietne\/","name":"Gmina Po\u015bwi\u0119tne","isPartOf":{"@id":"https:\/\/domisob.art\/#website"},"primaryImageOfPage":{"@id":"https:\/\/domisob.art\/studium-gminy-poswietne\/#primaryimage"},"image":{"@id":"https:\/\/domisob.art\/studium-gminy-poswietne\/#primaryimage"},"thumbnailUrl":"https:\/\/domisob.art\/wp-content\/uploads\/2026\/02\/gmina-poswietne-identyfikacja.png","datePublished":"2026-02-25T17:24:30+00:00","dateModified":"2026-03-22T20:46:09+00:00","breadcrumb":{"@id":"https:\/\/domisob.art\/studium-gminy-poswietne\/#breadcrumb"},"inLanguage":"en-US","potentialAction":[{"@type":"ReadAction","target":["https:\/\/domisob.art\/studium-gminy-poswietne\/"]}]},{"@type":"ImageObject","inLanguage":"en-US","@id":"https:\/\/domisob.art\/studium-gminy-poswietne\/#primaryimage","url":"https:\/\/domisob.art\/wp-content\/uploads\/2026\/02\/gmina-poswietne-identyfikacja.png","contentUrl":"https:\/\/domisob.art\/wp-content\/uploads\/2026\/02\/gmina-poswietne-identyfikacja.png"},{"@type":"BreadcrumbList","@id":"https:\/\/domisob.art\/studium-gminy-poswietne\/#breadcrumb","itemListElement":[{"@type":"ListItem","position":1,"name":"Strona g\u0142\u00f3wna","item":"https:\/\/domisob.art\/"},{"@type":"ListItem","position":2,"name":"Gmina Po\u015bwi\u0119tne"}]},{"@type":"WebSite","@id":"https:\/\/domisob.art\/#website","url":"https:\/\/domisob.art\/","name":"domisob","description":"","publisher":{"@id":"https:\/\/domisob.art\/#organization"},"potentialAction":[{"@type":"SearchAction","target":{"@type":"EntryPoint","urlTemplate":"https:\/\/domisob.art\/?s={search_term_string}"},"query-input":{"@type":"PropertyValueSpecification","valueRequired":true,"valueName":"search_term_string"}}],"inLanguage":"en-US"},{"@type":"Organization","@id":"https:\/\/domisob.art\/#organization","name":"domisob","url":"https:\/\/domisob.art\/","logo":{"@type":"ImageObject","inLanguage":"en-US","@id":"https:\/\/domisob.art\/#\/schema\/logo\/image\/","url":"https:\/\/domisob.art\/wp-content\/uploads\/2025\/10\/logo-domisob.png","contentUrl":"https:\/\/domisob.art\/wp-content\/uploads\/2025\/10\/logo-domisob.png","width":998,"height":334,"caption":"domisob"},"image":{"@id":"https:\/\/domisob.art\/#\/schema\/logo\/image\/"}}]}},"_links":{"self":[{"href":"https:\/\/domisob.art\/en\/wp-json\/wp\/v2\/pages\/2981","targetHints":{"allow":["GET"]}}],"collection":[{"href":"https:\/\/domisob.art\/en\/wp-json\/wp\/v2\/pages"}],"about":[{"href":"https:\/\/domisob.art\/en\/wp-json\/wp\/v2\/types\/page"}],"author":[{"embeddable":true,"href":"https:\/\/domisob.art\/en\/wp-json\/wp\/v2\/users\/1"}],"replies":[{"embeddable":true,"href":"https:\/\/domisob.art\/en\/wp-json\/wp\/v2\/comments?post=2981"}],"version-history":[{"count":17,"href":"https:\/\/domisob.art\/en\/wp-json\/wp\/v2\/pages\/2981\/revisions"}],"predecessor-version":[{"id":4084,"href":"https:\/\/domisob.art\/en\/wp-json\/wp\/v2\/pages\/2981\/revisions\/4084"}],"wp:attachment":[{"href":"https:\/\/domisob.art\/en\/wp-json\/wp\/v2\/media?parent=2981"}],"curies":[{"name":"wp","href":"https:\/\/api.w.org\/{rel}","templated":true}]}}