{"id":415,"date":"2025-10-10T12:46:17","date_gmt":"2025-10-10T10:46:17","guid":{"rendered":"https:\/\/domisob.art\/?page_id=415"},"modified":"2026-03-12T08:46:16","modified_gmt":"2026-03-12T07:46:16","slug":"duo-drip","status":"publish","type":"page","link":"https:\/\/domisob.art\/en\/duo-drip\/","title":{"rendered":"Duo Drip"},"content":{"rendered":"<style><\/style><style><\/style>\n<div style=\"height: 60px;\"><\/div>\n\n\n\n<div class=\"wp-block-media-text is-stacked-on-mobile\"><figure class=\"wp-block-media-text__media\"><img loading=\"lazy\" decoding=\"async\" width=\"1024\" height=\"1024\" src=\"https:\/\/domisob.art\/wp-content\/uploads\/2026\/01\/duodrip-1024x1024.png\" alt=\"\" class=\"wp-image-1839 size-full\" srcset=\"https:\/\/domisob.art\/wp-content\/uploads\/2026\/01\/duodrip-1024x1024.png 1024w, https:\/\/domisob.art\/wp-content\/uploads\/2026\/01\/duodrip-900x900.png 900w, https:\/\/domisob.art\/wp-content\/uploads\/2026\/01\/duodrip-800x800.png 800w, https:\/\/domisob.art\/wp-content\/uploads\/2026\/01\/duodrip-768x768.png 768w, https:\/\/domisob.art\/wp-content\/uploads\/2026\/01\/duodrip-1536x1536.png 1536w, https:\/\/domisob.art\/wp-content\/uploads\/2026\/01\/duodrip-2048x2048.png 2048w, https:\/\/domisob.art\/wp-content\/uploads\/2026\/01\/duodrip-12x12.png 12w\" sizes=\"auto, (max-width: 1024px) 100vw, 1024px\" \/><\/figure><div class=\"wp-block-media-text__content\">\n<p style=\"letter-spacing:0.2px\">Duo Drip to marka modowa oparta na idei relacji, kontrastu i wsp\u00f3lnego rytmu. Projekt zosta\u0142 stworzony jako wizualna interpretacja spotkania dw\u00f3ch energii zmys\u0142owej i dynamicznej, kontrolowanej i ekspresyjnej.<\/p>\n\n\n\n<p style=\"letter-spacing:0.2px\">Celem by\u0142o zbudowanie to\u017csamo\u015bci, kt\u00f3ra wyra\u017ca dialog mi\u0119dzy przeciwie\u0144stwami, nie poprzez chaos, lecz poprzez \u015bwiadomie zaprojektowany kontrast. Marka mia\u0142a by\u0107 odwa\u017cna, ale sp\u00f3jna. Ekspresyjna, ale uporz\u0105dkowana.<\/p>\n\n\n\n<p style=\"letter-spacing:0.2px\">Centralnym elementem systemu sta\u0142 si\u0119 znak oparty na relacji liter DD, wzmocniony gradientow\u0105 symbolik\u0105 dw\u00f3ch planet. Motyw czere\u015bni rozwija narracj\u0119 podw\u00f3jno\u015bci, tworz\u0105c powtarzalny pattern kolekcji i rozszerzaj\u0105c j\u0119zyk wizualny marki.<\/p>\n\n\n\n<p style=\"letter-spacing:0.2px\">Ca\u0142o\u015b\u0107 zosta\u0142a zaprojektowana jako elastyczny system brandingu, kt\u00f3ry mo\u017ce funkcjonowa\u0107 zar\u00f3wno w modzie u\u017cytkowej, jak i w komunikacji promocyjnej, buduj\u0105c rozpoznawalno\u015b\u0107 i wyra\u017any charakter marki.<\/p>\n<\/div><\/div>\n\n\n\n<h1 class=\"wp-block-heading has-text-align-center has-black-color has-text-color has-link-color wp-elements-e9c240196e07128a8a29b83af0d9532f\" id=\"branding-w-przestrzeni\" style=\"letter-spacing:1px\">Branding w przestrzeni<\/h1>\n\n\n\n<div style=\"height: 25px;\"><\/div>\n\n\n\n<figure class=\"wp-block-gallery has-nested-images columns-1 is-cropped wp-block-gallery-1 is-layout-flex wp-block-gallery-is-layout-flex\">\n<figure class=\"wp-block-image size-full has-custom-border\"><img loading=\"lazy\" decoding=\"async\" width=\"2560\" height=\"1707\" data-id=\"1893\" src=\"https:\/\/domisob.art\/wp-content\/uploads\/2026\/01\/duodrip-1.png\" alt=\"\" class=\"wp-image-1893\" style=\"border-top-left-radius:25px;border-top-right-radius:25px;border-bottom-left-radius:25px;border-bottom-right-radius:25px\" srcset=\"https:\/\/domisob.art\/wp-content\/uploads\/2026\/01\/duodrip-1.png 2560w, https:\/\/domisob.art\/wp-content\/uploads\/2026\/01\/duodrip-1-900x600.png 900w, https:\/\/domisob.art\/wp-content\/uploads\/2026\/01\/duodrip-1-1024x683.png 1024w, https:\/\/domisob.art\/wp-content\/uploads\/2026\/01\/duodrip-1-768x512.png 768w, https:\/\/domisob.art\/wp-content\/uploads\/2026\/01\/duodrip-1-1536x1024.png 1536w, https:\/\/domisob.art\/wp-content\/uploads\/2026\/01\/duodrip-1-2048x1366.png 2048w, https:\/\/domisob.art\/wp-content\/uploads\/2026\/01\/duodrip-1-18x12.png 18w\" sizes=\"auto, (max-width: 2560px) 100vw, 2560px\" \/><\/figure>\n\n\n\n<figure class=\"wp-block-image size-full has-custom-border\"><img loading=\"lazy\" decoding=\"async\" width=\"2560\" height=\"2560\" data-id=\"455\" src=\"https:\/\/domisob.art\/wp-content\/uploads\/2025\/09\/duodrip-2.png\" alt=\"\" class=\"wp-image-455\" style=\"border-top-left-radius:25px;border-top-right-radius:25px;border-bottom-left-radius:25px;border-bottom-right-radius:25px\" srcset=\"https:\/\/domisob.art\/wp-content\/uploads\/2025\/09\/duodrip-2.png 2560w, https:\/\/domisob.art\/wp-content\/uploads\/2025\/09\/duodrip-2-900x900.png 900w, https:\/\/domisob.art\/wp-content\/uploads\/2025\/09\/duodrip-2-1024x1024.png 1024w, https:\/\/domisob.art\/wp-content\/uploads\/2025\/09\/duodrip-2-800x800.png 800w, https:\/\/domisob.art\/wp-content\/uploads\/2025\/09\/duodrip-2-768x768.png 768w, https:\/\/domisob.art\/wp-content\/uploads\/2025\/09\/duodrip-2-1536x1536.png 1536w, https:\/\/domisob.art\/wp-content\/uploads\/2025\/09\/duodrip-2-2048x2048.png 2048w, https:\/\/domisob.art\/wp-content\/uploads\/2025\/09\/duodrip-2-12x12.png 12w\" sizes=\"auto, (max-width: 2560px) 100vw, 2560px\" \/><\/figure>\n\n\n\n<figure class=\"wp-block-image size-full has-custom-border\"><img loading=\"lazy\" decoding=\"async\" width=\"2560\" height=\"2560\" data-id=\"459\" src=\"https:\/\/domisob.art\/wp-content\/uploads\/2025\/09\/duodrip-3.png\" alt=\"\" class=\"wp-image-459\" style=\"border-top-left-radius:25px;border-top-right-radius:25px;border-bottom-left-radius:25px;border-bottom-right-radius:25px\" srcset=\"https:\/\/domisob.art\/wp-content\/uploads\/2025\/09\/duodrip-3.png 2560w, https:\/\/domisob.art\/wp-content\/uploads\/2025\/09\/duodrip-3-900x900.png 900w, https:\/\/domisob.art\/wp-content\/uploads\/2025\/09\/duodrip-3-1024x1024.png 1024w, https:\/\/domisob.art\/wp-content\/uploads\/2025\/09\/duodrip-3-800x800.png 800w, https:\/\/domisob.art\/wp-content\/uploads\/2025\/09\/duodrip-3-768x768.png 768w, https:\/\/domisob.art\/wp-content\/uploads\/2025\/09\/duodrip-3-1536x1536.png 1536w\" sizes=\"auto, (max-width: 2560px) 100vw, 2560px\" \/><\/figure>\n\n\n\n<figure class=\"wp-block-image size-full has-custom-border\"><img loading=\"lazy\" decoding=\"async\" width=\"2560\" height=\"1707\" data-id=\"451\" src=\"https:\/\/domisob.art\/wp-content\/uploads\/2025\/09\/duodrip-4.png\" alt=\"\" class=\"wp-image-451\" style=\"border-top-left-radius:25px;border-top-right-radius:25px;border-bottom-left-radius:25px;border-bottom-right-radius:25px\" srcset=\"https:\/\/domisob.art\/wp-content\/uploads\/2025\/09\/duodrip-4.png 2560w, https:\/\/domisob.art\/wp-content\/uploads\/2025\/09\/duodrip-4-900x600.png 900w, https:\/\/domisob.art\/wp-content\/uploads\/2025\/09\/duodrip-4-1024x683.png 1024w, https:\/\/domisob.art\/wp-content\/uploads\/2025\/09\/duodrip-4-768x512.png 768w, https:\/\/domisob.art\/wp-content\/uploads\/2025\/09\/duodrip-4-1536x1024.png 1536w, https:\/\/domisob.art\/wp-content\/uploads\/2025\/09\/duodrip-4-2048x1365.png 2048w, https:\/\/domisob.art\/wp-content\/uploads\/2025\/09\/duodrip-4-18x12.png 18w\" sizes=\"auto, (max-width: 2560px) 100vw, 2560px\" \/><\/figure>\n\n\n\n<figure class=\"wp-block-image size-full has-custom-border\"><img loading=\"lazy\" decoding=\"async\" width=\"2560\" height=\"1920\" data-id=\"468\" src=\"https:\/\/domisob.art\/wp-content\/uploads\/2025\/09\/duodrip-7.png\" alt=\"\" class=\"wp-image-468\" style=\"border-top-left-radius:25px;border-top-right-radius:25px;border-bottom-left-radius:25px;border-bottom-right-radius:25px\" srcset=\"https:\/\/domisob.art\/wp-content\/uploads\/2025\/09\/duodrip-7.png 2560w, https:\/\/domisob.art\/wp-content\/uploads\/2025\/09\/duodrip-7-900x675.png 900w, https:\/\/domisob.art\/wp-content\/uploads\/2025\/09\/duodrip-7-1024x768.png 1024w, https:\/\/domisob.art\/wp-content\/uploads\/2025\/09\/duodrip-7-768x576.png 768w, https:\/\/domisob.art\/wp-content\/uploads\/2025\/09\/duodrip-7-1536x1152.png 1536w, https:\/\/domisob.art\/wp-content\/uploads\/2025\/09\/duodrip-7-2048x1536.png 2048w, https:\/\/domisob.art\/wp-content\/uploads\/2025\/09\/duodrip-7-16x12.png 16w\" sizes=\"auto, (max-width: 2560px) 100vw, 2560px\" \/><\/figure>\n\n\n\n<figure class=\"wp-block-image size-full has-custom-border\"><img loading=\"lazy\" decoding=\"async\" width=\"2560\" height=\"2560\" data-id=\"471\" src=\"https:\/\/domisob.art\/wp-content\/uploads\/2025\/09\/duodrip-6.png\" alt=\"\" class=\"wp-image-471\" style=\"border-top-left-radius:25px;border-top-right-radius:25px;border-bottom-left-radius:25px;border-bottom-right-radius:25px\" srcset=\"https:\/\/domisob.art\/wp-content\/uploads\/2025\/09\/duodrip-6.png 2560w, https:\/\/domisob.art\/wp-content\/uploads\/2025\/09\/duodrip-6-900x900.png 900w, https:\/\/domisob.art\/wp-content\/uploads\/2025\/09\/duodrip-6-1024x1024.png 1024w, https:\/\/domisob.art\/wp-content\/uploads\/2025\/09\/duodrip-6-800x800.png 800w, https:\/\/domisob.art\/wp-content\/uploads\/2025\/09\/duodrip-6-768x768.png 768w, https:\/\/domisob.art\/wp-content\/uploads\/2025\/09\/duodrip-6-1536x1536.png 1536w, https:\/\/domisob.art\/wp-content\/uploads\/2025\/09\/duodrip-6-2048x2048.png 2048w, https:\/\/domisob.art\/wp-content\/uploads\/2025\/09\/duodrip-6-12x12.png 12w\" sizes=\"auto, (max-width: 2560px) 100vw, 2560px\" \/><\/figure>\n\n\n\n<figure class=\"wp-block-image size-full has-custom-border\"><img loading=\"lazy\" decoding=\"async\" width=\"2000\" height=\"2000\" data-id=\"567\" src=\"https:\/\/domisob.art\/wp-content\/uploads\/2025\/10\/duodrip-9.png\" alt=\"\" class=\"wp-image-567\" style=\"border-top-left-radius:25px;border-top-right-radius:25px;border-bottom-left-radius:25px;border-bottom-right-radius:25px\" srcset=\"https:\/\/domisob.art\/wp-content\/uploads\/2025\/10\/duodrip-9.png 2000w, https:\/\/domisob.art\/wp-content\/uploads\/2025\/10\/duodrip-9-900x900.png 900w, https:\/\/domisob.art\/wp-content\/uploads\/2025\/10\/duodrip-9-1024x1024.png 1024w, https:\/\/domisob.art\/wp-content\/uploads\/2025\/10\/duodrip-9-800x800.png 800w, https:\/\/domisob.art\/wp-content\/uploads\/2025\/10\/duodrip-9-768x768.png 768w\" sizes=\"auto, (max-width: 2000px) 100vw, 2000px\" \/><\/figure>\n\n\n\n<figure class=\"wp-block-image size-full has-custom-border\"><img loading=\"lazy\" decoding=\"async\" width=\"2560\" height=\"1920\" data-id=\"565\" src=\"https:\/\/domisob.art\/wp-content\/uploads\/2025\/10\/duodrip-8.png\" alt=\"\" class=\"wp-image-565\" style=\"border-top-left-radius:25px;border-top-right-radius:25px;border-bottom-left-radius:25px;border-bottom-right-radius:25px\" srcset=\"https:\/\/domisob.art\/wp-content\/uploads\/2025\/10\/duodrip-8.png 2560w, https:\/\/domisob.art\/wp-content\/uploads\/2025\/10\/duodrip-8-900x675.png 900w, https:\/\/domisob.art\/wp-content\/uploads\/2025\/10\/duodrip-8-1024x768.png 1024w, https:\/\/domisob.art\/wp-content\/uploads\/2025\/10\/duodrip-8-768x576.png 768w, https:\/\/domisob.art\/wp-content\/uploads\/2025\/10\/duodrip-8-1536x1152.png 1536w, https:\/\/domisob.art\/wp-content\/uploads\/2025\/10\/duodrip-8-2048x1536.png 2048w, https:\/\/domisob.art\/wp-content\/uploads\/2025\/10\/duodrip-8-16x12.png 16w\" sizes=\"auto, (max-width: 2560px) 100vw, 2560px\" \/><\/figure>\n\n\n\n<figure class=\"wp-block-image size-full has-custom-border\"><img loading=\"lazy\" decoding=\"async\" width=\"2560\" height=\"1920\" data-id=\"686\" src=\"https:\/\/domisob.art\/wp-content\/uploads\/2025\/10\/duodrip-5.png\" alt=\"\" class=\"wp-image-686\" style=\"border-top-left-radius:25px;border-top-right-radius:25px;border-bottom-left-radius:25px;border-bottom-right-radius:25px\" srcset=\"https:\/\/domisob.art\/wp-content\/uploads\/2025\/10\/duodrip-5.png 2560w, https:\/\/domisob.art\/wp-content\/uploads\/2025\/10\/duodrip-5-900x675.png 900w, https:\/\/domisob.art\/wp-content\/uploads\/2025\/10\/duodrip-5-1024x768.png 1024w, https:\/\/domisob.art\/wp-content\/uploads\/2025\/10\/duodrip-5-768x576.png 768w, https:\/\/domisob.art\/wp-content\/uploads\/2025\/10\/duodrip-5-1536x1152.png 1536w, https:\/\/domisob.art\/wp-content\/uploads\/2025\/10\/duodrip-5-2048x1536.png 2048w, https:\/\/domisob.art\/wp-content\/uploads\/2025\/10\/duodrip-5-16x12.png 16w\" sizes=\"auto, (max-width: 2560px) 100vw, 2560px\" \/><\/figure>\n<\/figure>\n\n\n\n<div style=\"height: 50px;\"><\/div>\n\n\n\n<h1 class=\"wp-block-heading has-text-align-center has-black-color has-text-color has-link-color wp-elements-d0f009c58b76ef15a1bbee0f0a50e8af\" id=\"fundament-brandingu\" style=\"letter-spacing:0.5px\">Fundament brandingu<\/h1>\n\n\n\n<div style=\"height: 25px;\"><\/div>\n\n\n\n<p style=\"letter-spacing:0px\">Fundament brandingu Duo Drip opiera si\u0119 na kontrolowanym kontra\u015bcie oraz powtarzalnych zasadach kompozycyjnych. Gradientowa paleta r\u00f3\u017cu i czerwieni w zestawieniu z czerni\u0105 i biel\u0105 tworzy dynamiczny, ale uporz\u0105dkowany system wizualny. Motyw podw\u00f3jno\u015bci oraz relacji mi\u0119dzy formami buduje sp\u00f3jno\u015b\u0107 na poziomie symbolu, typografii i materia\u0142\u00f3w u\u017cytkowych. Ca\u0142o\u015b\u0107 funkcjonuje jako skalowalny system, kt\u00f3ry mo\u017ce rozwija\u0107 si\u0119 w r\u00f3\u017cnych liniach produktowych, zachowuj\u0105c wyrazist\u0105 to\u017csamo\u015b\u0107.<\/p>\n\n\n\n<div style=\"height: 60px;\"><\/div>\n\n\n\n<h1 class=\"wp-block-heading has-text-align-center has-black-color has-text-color has-link-color wp-elements-593fe7c00f98fcb224910f17d7841101\" id=\"system-typografii-i-koloru\" style=\"letter-spacing:0.5px\">System typografii i koloru<\/h1>\n\n\n\n<div style=\"height: 25px;\"><\/div>\n\n\n\n<div class=\"wp-block-columns is-layout-flex wp-container-core-columns-is-layout-28f84493 wp-block-columns-is-layout-flex\">\n<div class=\"wp-block-column is-layout-flow wp-block-column-is-layout-flow\">\n<figure class=\"wp-block-image size-large\"><img loading=\"lazy\" decoding=\"async\" width=\"724\" height=\"1024\" src=\"https:\/\/domisob.art\/wp-content\/uploads\/2025\/10\/typografia-dd-724x1024.png\" alt=\"\" class=\"wp-image-688\" srcset=\"https:\/\/domisob.art\/wp-content\/uploads\/2025\/10\/typografia-dd-724x1024.png 724w, https:\/\/domisob.art\/wp-content\/uploads\/2025\/10\/typografia-dd-636x900.png 636w, https:\/\/domisob.art\/wp-content\/uploads\/2025\/10\/typografia-dd-768x1086.png 768w, https:\/\/domisob.art\/wp-content\/uploads\/2025\/10\/typografia-dd-1086x1536.png 1086w, https:\/\/domisob.art\/wp-content\/uploads\/2025\/10\/typografia-dd-8x12.png 8w, https:\/\/domisob.art\/wp-content\/uploads\/2025\/10\/typografia-dd.png 1414w\" sizes=\"auto, (max-width: 724px) 100vw, 724px\" \/><\/figure>\n<\/div>\n\n\n\n<div class=\"wp-block-column is-layout-flow wp-block-column-is-layout-flow\">\n<figure class=\"wp-block-image size-large\"><img loading=\"lazy\" decoding=\"async\" width=\"724\" height=\"1024\" src=\"https:\/\/domisob.art\/wp-content\/uploads\/2025\/10\/DD-paleta-1-724x1024.png\" alt=\"\" class=\"wp-image-700\" srcset=\"https:\/\/domisob.art\/wp-content\/uploads\/2025\/10\/DD-paleta-1-724x1024.png 724w, https:\/\/domisob.art\/wp-content\/uploads\/2025\/10\/DD-paleta-1-636x900.png 636w, https:\/\/domisob.art\/wp-content\/uploads\/2025\/10\/DD-paleta-1-768x1086.png 768w, https:\/\/domisob.art\/wp-content\/uploads\/2025\/10\/DD-paleta-1-1086x1536.png 1086w, https:\/\/domisob.art\/wp-content\/uploads\/2025\/10\/DD-paleta-1-8x12.png 8w, https:\/\/domisob.art\/wp-content\/uploads\/2025\/10\/DD-paleta-1.png 1414w\" sizes=\"auto, (max-width: 724px) 100vw, 724px\" \/><\/figure>\n<\/div>\n<\/div>\n\n\n\n<div style=\"height: 5px;\"><\/div>\n\n\n\n<h1 class=\"wp-block-heading has-text-align-center has-black-color has-text-color has-link-color wp-elements-bf721149109294d06fc4fc05d53ba617\" id=\"efekt-brandingu\" style=\"letter-spacing:0.5px\">Efekt brandingu<\/h1>\n\n\n\n<div style=\"height: 25px;\"><\/div\n\n\n\n<p>Efektem brandingu Duo Drip jest wyrazisty, sp\u00f3jny system wizualny, kt\u00f3ry buduje siln\u0105 to\u017csamo\u015b\u0107 marki modowej opartej na relacji i kontra\u015bcie. Marka zyskuje rozpoznawalny j\u0119zyk estetyczny, kt\u00f3ry mo\u017ce funkcjonowa\u0107 w kolekcjach odzie\u017cowych, materia\u0142ach promocyjnych i przestrzeni cyfrowej. Projekt pokazuje, \u017ce branding w modzie nie musi opiera\u0107 si\u0119 wy\u0142\u0105cznie na estetyce, ale mo\u017ce by\u0107 \u015bwiadomie zaprojektowanym systemem, kt\u00f3ry organizuje komunikacj\u0119 i buduje d\u0142ugofalow\u0105 rozpoznawalno\u015b\u0107.<\/p>\n\n\n\n<p><\/p>\n\n\n\n<p><\/p>","protected":false},"excerpt":{"rendered":"<p>Duo Drip to marka modowa oparta na idei relacji, kontrastu i wsp\u00f3lnego rytmu. Projekt zosta\u0142 stworzony jako wizualna interpretacja spotkania [&hellip;]<\/p>\n","protected":false},"author":1,"featured_media":0,"parent":0,"menu_order":0,"comment_status":"closed","ping_status":"closed","template":"","meta":{"_gspb_post_css":"","site-sidebar-layout":"default","site-content-layout":"","ast-site-content-layout":"","site-content-style":"default","site-sidebar-style":"default","ast-global-header-display":"","ast-banner-title-visibility":"","ast-main-header-display":"","ast-hfb-above-header-display":"","ast-hfb-below-header-display":"","ast-hfb-mobile-header-display":"","site-post-title":"disabled","ast-breadcrumbs-content":"","ast-featured-img":"","footer-sml-layout":"","theme-transparent-header-meta":"","adv-header-id-meta":"","stick-header-meta":"","header-above-stick-meta":"","header-main-stick-meta":"","header-below-stick-meta":"","astra-migrate-meta-layouts":"default","ast-page-background-enabled":"default","ast-page-background-meta":{"desktop":{"background-color":"var(--ast-global-color-5)","background-image":"","background-repeat":"repeat","background-position":"center center","background-size":"auto","background-attachment":"scroll","background-type":"","background-media":"","overlay-type":"","overlay-color":"","overlay-opacity":"","overlay-gradient":""},"tablet":{"background-color":"","background-image":"","background-repeat":"repeat","background-position":"center center","background-size":"auto","background-attachment":"scroll","background-type":"","background-media":"","overlay-type":"","overlay-color":"","overlay-opacity":"","overlay-gradient":""},"mobile":{"background-color":"","background-image":"","background-repeat":"repeat","background-position":"center center","background-size":"auto","background-attachment":"scroll","background-type":"","background-media":"","overlay-type":"","overlay-color":"","overlay-opacity":"","overlay-gradient":""}},"ast-content-background-meta":{"desktop":{"background-color":"var(--ast-global-color-4)","background-image":"","background-repeat":"repeat","background-position":"center center","background-size":"auto","background-attachment":"scroll","background-type":"","background-media":"","overlay-type":"","overlay-color":"","overlay-opacity":"","overlay-gradient":""},"tablet":{"background-color":"var(--ast-global-color-4)","background-image":"","background-repeat":"repeat","background-position":"center center","background-size":"auto","background-attachment":"scroll","background-type":"","background-media":"","overlay-type":"","overlay-color":"","overlay-opacity":"","overlay-gradient":""},"mobile":{"background-color":"var(--ast-global-color-4)","background-image":"","background-repeat":"repeat","background-position":"center center","background-size":"auto","background-attachment":"scroll","background-type":"","background-media":"","overlay-type":"","overlay-color":"","overlay-opacity":"","overlay-gradient":""}},"footnotes":""},"class_list":["post-415","page","type-page","status-publish","hentry"],"yoast_head":"<!-- This site is optimized with the Yoast SEO plugin v27.4 - https:\/\/yoast.com\/product\/yoast-seo-wordpress\/ -->\n<title>Duo Drip<\/title>\n<meta name=\"robots\" content=\"index, follow, max-snippet:-1, max-image-preview:large, max-video-preview:-1\" \/>\n<link rel=\"canonical\" href=\"https:\/\/domisob.art\/en\/duo-drip\/\" \/>\n<meta property=\"og:locale\" content=\"en_US\" \/>\n<meta property=\"og:type\" content=\"article\" \/>\n<meta property=\"og:title\" content=\"Duo Drip\" \/>\n<meta property=\"og:description\" content=\"Duo Drip to marka modowa oparta na idei relacji, kontrastu i wsp\u00f3lnego rytmu. Projekt zosta\u0142 stworzony jako wizualna interpretacja spotkania [&hellip;]\" \/>\n<meta property=\"og:url\" content=\"https:\/\/domisob.art\/en\/duo-drip\/\" \/>\n<meta property=\"article:modified_time\" content=\"2026-03-12T07:46:16+00:00\" \/>\n<meta property=\"og:image\" content=\"https:\/\/domisob.art\/wp-content\/uploads\/2026\/01\/duodrip-scaled.png\" \/>\n\t<meta property=\"og:image:width\" content=\"2560\" \/>\n\t<meta property=\"og:image:height\" content=\"2560\" \/>\n\t<meta property=\"og:image:type\" content=\"image\/png\" \/>\n<meta name=\"twitter:card\" content=\"summary_large_image\" \/>\n<script type=\"application\/ld+json\" class=\"yoast-schema-graph\">{\"@context\":\"https:\\\/\\\/schema.org\",\"@graph\":[{\"@type\":\"WebPage\",\"@id\":\"https:\\\/\\\/domisob.art\\\/duo-drip\\\/\",\"url\":\"https:\\\/\\\/domisob.art\\\/duo-drip\\\/\",\"name\":\"Duo Drip\",\"isPartOf\":{\"@id\":\"https:\\\/\\\/domisob.art\\\/#website\"},\"primaryImageOfPage\":{\"@id\":\"https:\\\/\\\/domisob.art\\\/duo-drip\\\/#primaryimage\"},\"image\":{\"@id\":\"https:\\\/\\\/domisob.art\\\/duo-drip\\\/#primaryimage\"},\"thumbnailUrl\":\"https:\\\/\\\/domisob.art\\\/wp-content\\\/uploads\\\/2026\\\/01\\\/duodrip-1024x1024.png\",\"datePublished\":\"2025-10-10T10:46:17+00:00\",\"dateModified\":\"2026-03-12T07:46:16+00:00\",\"breadcrumb\":{\"@id\":\"https:\\\/\\\/domisob.art\\\/duo-drip\\\/#breadcrumb\"},\"inLanguage\":\"en-US\",\"potentialAction\":[{\"@type\":\"ReadAction\",\"target\":[\"https:\\\/\\\/domisob.art\\\/duo-drip\\\/\"]}]},{\"@type\":\"ImageObject\",\"inLanguage\":\"en-US\",\"@id\":\"https:\\\/\\\/domisob.art\\\/duo-drip\\\/#primaryimage\",\"url\":\"https:\\\/\\\/domisob.art\\\/wp-content\\\/uploads\\\/2026\\\/01\\\/duodrip-1024x1024.png\",\"contentUrl\":\"https:\\\/\\\/domisob.art\\\/wp-content\\\/uploads\\\/2026\\\/01\\\/duodrip-1024x1024.png\"},{\"@type\":\"BreadcrumbList\",\"@id\":\"https:\\\/\\\/domisob.art\\\/duo-drip\\\/#breadcrumb\",\"itemListElement\":[{\"@type\":\"ListItem\",\"position\":1,\"name\":\"Strona g\u0142\u00f3wna\",\"item\":\"https:\\\/\\\/domisob.art\\\/\"},{\"@type\":\"ListItem\",\"position\":2,\"name\":\"Duo Drip\"}]},{\"@type\":\"WebSite\",\"@id\":\"https:\\\/\\\/domisob.art\\\/#website\",\"url\":\"https:\\\/\\\/domisob.art\\\/\",\"name\":\"domisob\",\"description\":\"\",\"publisher\":{\"@id\":\"https:\\\/\\\/domisob.art\\\/#organization\"},\"potentialAction\":[{\"@type\":\"SearchAction\",\"target\":{\"@type\":\"EntryPoint\",\"urlTemplate\":\"https:\\\/\\\/domisob.art\\\/?s={search_term_string}\"},\"query-input\":{\"@type\":\"PropertyValueSpecification\",\"valueRequired\":true,\"valueName\":\"search_term_string\"}}],\"inLanguage\":\"en-US\"},{\"@type\":\"Organization\",\"@id\":\"https:\\\/\\\/domisob.art\\\/#organization\",\"name\":\"domisob\",\"url\":\"https:\\\/\\\/domisob.art\\\/\",\"logo\":{\"@type\":\"ImageObject\",\"inLanguage\":\"en-US\",\"@id\":\"https:\\\/\\\/domisob.art\\\/#\\\/schema\\\/logo\\\/image\\\/\",\"url\":\"https:\\\/\\\/domisob.art\\\/wp-content\\\/uploads\\\/2025\\\/10\\\/logo-domisob.png\",\"contentUrl\":\"https:\\\/\\\/domisob.art\\\/wp-content\\\/uploads\\\/2025\\\/10\\\/logo-domisob.png\",\"width\":998,\"height\":334,\"caption\":\"domisob\"},\"image\":{\"@id\":\"https:\\\/\\\/domisob.art\\\/#\\\/schema\\\/logo\\\/image\\\/\"}}]}<\/script>\n<!-- \/ Yoast SEO plugin. -->","yoast_head_json":{"title":"Duo Drip","robots":{"index":"index","follow":"follow","max-snippet":"max-snippet:-1","max-image-preview":"max-image-preview:large","max-video-preview":"max-video-preview:-1"},"canonical":"https:\/\/domisob.art\/en\/duo-drip\/","og_locale":"en_US","og_type":"article","og_title":"Duo Drip","og_description":"Duo Drip to marka modowa oparta na idei relacji, kontrastu i wsp\u00f3lnego rytmu. Projekt zosta\u0142 stworzony jako wizualna interpretacja spotkania [&hellip;]","og_url":"https:\/\/domisob.art\/en\/duo-drip\/","article_modified_time":"2026-03-12T07:46:16+00:00","og_image":[{"width":2560,"height":2560,"url":"https:\/\/domisob.art\/wp-content\/uploads\/2026\/01\/duodrip-scaled.png","type":"image\/png"}],"twitter_card":"summary_large_image","schema":{"@context":"https:\/\/schema.org","@graph":[{"@type":"WebPage","@id":"https:\/\/domisob.art\/duo-drip\/","url":"https:\/\/domisob.art\/duo-drip\/","name":"Duo Drip","isPartOf":{"@id":"https:\/\/domisob.art\/#website"},"primaryImageOfPage":{"@id":"https:\/\/domisob.art\/duo-drip\/#primaryimage"},"image":{"@id":"https:\/\/domisob.art\/duo-drip\/#primaryimage"},"thumbnailUrl":"https:\/\/domisob.art\/wp-content\/uploads\/2026\/01\/duodrip-1024x1024.png","datePublished":"2025-10-10T10:46:17+00:00","dateModified":"2026-03-12T07:46:16+00:00","breadcrumb":{"@id":"https:\/\/domisob.art\/duo-drip\/#breadcrumb"},"inLanguage":"en-US","potentialAction":[{"@type":"ReadAction","target":["https:\/\/domisob.art\/duo-drip\/"]}]},{"@type":"ImageObject","inLanguage":"en-US","@id":"https:\/\/domisob.art\/duo-drip\/#primaryimage","url":"https:\/\/domisob.art\/wp-content\/uploads\/2026\/01\/duodrip-1024x1024.png","contentUrl":"https:\/\/domisob.art\/wp-content\/uploads\/2026\/01\/duodrip-1024x1024.png"},{"@type":"BreadcrumbList","@id":"https:\/\/domisob.art\/duo-drip\/#breadcrumb","itemListElement":[{"@type":"ListItem","position":1,"name":"Strona g\u0142\u00f3wna","item":"https:\/\/domisob.art\/"},{"@type":"ListItem","position":2,"name":"Duo Drip"}]},{"@type":"WebSite","@id":"https:\/\/domisob.art\/#website","url":"https:\/\/domisob.art\/","name":"domisob","description":"","publisher":{"@id":"https:\/\/domisob.art\/#organization"},"potentialAction":[{"@type":"SearchAction","target":{"@type":"EntryPoint","urlTemplate":"https:\/\/domisob.art\/?s={search_term_string}"},"query-input":{"@type":"PropertyValueSpecification","valueRequired":true,"valueName":"search_term_string"}}],"inLanguage":"en-US"},{"@type":"Organization","@id":"https:\/\/domisob.art\/#organization","name":"domisob","url":"https:\/\/domisob.art\/","logo":{"@type":"ImageObject","inLanguage":"en-US","@id":"https:\/\/domisob.art\/#\/schema\/logo\/image\/","url":"https:\/\/domisob.art\/wp-content\/uploads\/2025\/10\/logo-domisob.png","contentUrl":"https:\/\/domisob.art\/wp-content\/uploads\/2025\/10\/logo-domisob.png","width":998,"height":334,"caption":"domisob"},"image":{"@id":"https:\/\/domisob.art\/#\/schema\/logo\/image\/"}}]}},"_links":{"self":[{"href":"https:\/\/domisob.art\/en\/wp-json\/wp\/v2\/pages\/415","targetHints":{"allow":["GET"]}}],"collection":[{"href":"https:\/\/domisob.art\/en\/wp-json\/wp\/v2\/pages"}],"about":[{"href":"https:\/\/domisob.art\/en\/wp-json\/wp\/v2\/types\/page"}],"author":[{"embeddable":true,"href":"https:\/\/domisob.art\/en\/wp-json\/wp\/v2\/users\/1"}],"replies":[{"embeddable":true,"href":"https:\/\/domisob.art\/en\/wp-json\/wp\/v2\/comments?post=415"}],"version-history":[{"count":63,"href":"https:\/\/domisob.art\/en\/wp-json\/wp\/v2\/pages\/415\/revisions"}],"predecessor-version":[{"id":4417,"href":"https:\/\/domisob.art\/en\/wp-json\/wp\/v2\/pages\/415\/revisions\/4417"}],"wp:attachment":[{"href":"https:\/\/domisob.art\/en\/wp-json\/wp\/v2\/media?parent=415"}],"curies":[{"name":"wp","href":"https:\/\/api.w.org\/{rel}","templated":true}]}}