{"id":941,"date":"2025-10-28T13:07:39","date_gmt":"2025-10-28T12:07:39","guid":{"rendered":"https:\/\/domisob.art\/?page_id=941"},"modified":"2026-03-24T08:02:01","modified_gmt":"2026-03-24T07:02:01","slug":"polityka-prywatnosci","status":"publish","type":"page","link":"https:\/\/domisob.art\/en\/polityka-prywatnosci\/","title":{"rendered":"Privacy Policy"},"content":{"rendered":"<style>.kb-row-layout-id941_241d30-f7 > .kt-row-column-wrap{align-content:center;}:where(.kb-row-layout-id941_241d30-f7 > .kt-row-column-wrap) > .wp-block-kadence-column{justify-content:center;}.kb-row-layout-id941_241d30-f7 > .kt-row-column-wrap{column-gap:var(--global-kb-gap-md, 2rem);row-gap:var(--global-kb-gap-md, 2rem);max-width:var(--wp--style--global--content-size);min-height:40vh;grid-template-columns:minmax(0, 1fr);}.kb-row-layout-id941_241d30-f7 > .kt-row-layout-overlay{opacity:0.30;}@media all and (max-width: 1024px){.kb-row-layout-id941_241d30-f7 > .kt-row-column-wrap{min-height:40vh;grid-template-columns:minmax(0, 1fr);}}@media all and (max-width: 767px){.kb-row-layout-id941_241d30-f7 > .kt-row-column-wrap{min-height:40vh;grid-template-columns:minmax(0, 1fr);}}<\/style><div class=\"kb-row-layout-wrap kb-row-layout-id941_241d30-f7 alignnone kt-row-has-bg dark-toggle wp-block-kadence-rowlayout\"><div class=\"kt-blocks-carousel kb-blocks-bg-slider kt-carousel-container-dotstyle-dark\"><div class=\"kt-blocks-carousel-init splide kb-blocks-bg-slider-init kt-carousel-arrowstyle-none kt-carousel-dotstyle-dark\" data-slider-anim-speed=\"400\" data-slider-type=\"slider\" data-slider-scroll=\"1\" data-slider-arrows=\"false\" data-slider-fade=\"true\" data-slider-dots=\"true\" data-slider-hover-pause=\"false\" data-slider-auto=\"false\" data-slider-speed=\"7000\" data-show-pause-button=\"false\"><div class=\"splide__track\"><ul class=\"splide__list\"><li class=\"splide__slide kb-bg-slide-contain\"><div  class=\"kb-bg-slide kb-bg-slide-0\" style=\"background-image:url(https:\/\/domisob.art\/wp-content\/uploads\/2026\/03\/gradeint.png); background-size:cover; background-position:center center; background-repeat:no-repeat;\"><\/div><\/li><\/ul><\/div><\/div><\/div><div class=\"kt-row-column-wrap kt-has-1-columns kt-row-layout-equal kt-tab-layout-inherit kt-mobile-layout-row kt-row-valign-middle kb-theme-content-width\">\n<style>.kadence-column941_991c76-60 > .kt-inside-inner-col,.kadence-column941_991c76-60 > .kt-inside-inner-col:before{border-top-left-radius:0px;border-top-right-radius:0px;border-bottom-right-radius:0px;border-bottom-left-radius:0px;}.kadence-column941_991c76-60 > .kt-inside-inner-col{column-gap:var(--global-kb-gap-sm, 1rem);}.kadence-column941_991c76-60 > .kt-inside-inner-col{flex-direction:column;}.kadence-column941_991c76-60 > .kt-inside-inner-col > .aligncenter{width:100%;}.kadence-column941_991c76-60 > .kt-inside-inner-col:before{opacity:0.3;}.kadence-column941_991c76-60, .kadence-column941_991c76-60 h1, .kadence-column941_991c76-60 h2, .kadence-column941_991c76-60 h3, .kadence-column941_991c76-60 h4, .kadence-column941_991c76-60 h5, .kadence-column941_991c76-60 h6{color:var(--ast-global-color-4);}.kadence-column941_991c76-60:hover, .kadence-column941_991c76-60:hover h1, .kadence-column941_991c76-60:hover h2, .kadence-column941_991c76-60:hover h3, .kadence-column941_991c76-60:hover h4, .kadence-column941_991c76-60:hover h5, .kadence-column941_991c76-60:hover h6{color:var(--ast-global-color-4);}.kadence-column941_991c76-60{position:relative;}@media all and (max-width: 1024px){.kadence-column941_991c76-60 > .kt-inside-inner-col{flex-direction:column;justify-content:center;}}@media all and (max-width: 767px){.kadence-column941_991c76-60 > .kt-inside-inner-col{flex-direction:column;justify-content:center;}}<\/style>\n<div class=\"wp-block-kadence-column kadence-column941_991c76-60\"><div class=\"kt-inside-inner-col\">\n<h1 class=\"gsbp-5ca132b\">Privacy Policy<\/h1>\n\n\n\n<style>\n  .domisob-customers-small{\n    text-align: center;\n    margin: 4px 0 16px;\n    font-family: Inter, system-ui, sans-serif;\n    font-size: 15.5px;\n    letter-spacing: .04em;\n    opacity: 0.85;\n    max-width: 820px;\n    margin-left: auto;\n    margin-right: auto;\n  }\n\n  \/* MOBILE *\/\n  @media (max-width: 640px){\n    .domisob-customers-small{\n      font-size: 13px;\n      letter-spacing: .14em;\n      line-height: 1.5;\n      padding: 0 18px;\n    }\n  }\n<\/style>\n<div class=\"domisob-customers-small\">\nInformacje o przetwarzaniu danych i zasadach prywatno\u015bci na stronie domisob.art\n<\/div>\n<\/div><\/div>\n\n<\/div><\/div>\n\n<style>.kadence-column941_63e77b-0c > .kt-inside-inner-col,.kadence-column941_63e77b-0c > .kt-inside-inner-col:before{border-top-left-radius:0px;border-top-right-radius:0px;border-bottom-right-radius:0px;border-bottom-left-radius:0px;}.kadence-column941_63e77b-0c > .kt-inside-inner-col{column-gap:var(--global-kb-gap-sm, 1rem);}.kadence-column941_63e77b-0c > .kt-inside-inner-col{flex-direction:column;}.kadence-column941_63e77b-0c > .kt-inside-inner-col > .aligncenter{width:100%;}.kadence-column941_63e77b-0c > .kt-inside-inner-col:before{opacity:0.3;}.kadence-column941_63e77b-0c{position:relative;}@media all and (max-width: 1024px){.kadence-column941_63e77b-0c > .kt-inside-inner-col{flex-direction:column;justify-content:center;}}@media all and (max-width: 767px){.kadence-column941_63e77b-0c > .kt-inside-inner-col{flex-direction:column;justify-content:center;}}<\/style>\n<div class=\"wp-block-kadence-column kadence-column941_63e77b-0c\"><div class=\"kt-inside-inner-col\"><style>.kb-row-layout-id941_688e83-25 > .kt-row-column-wrap{align-content:start;}:where(.kb-row-layout-id941_688e83-25 > .kt-row-column-wrap) > .wp-block-kadence-column{justify-content:start;}.kb-row-layout-id941_688e83-25 > .kt-row-column-wrap{column-gap:var(--global-kb-gap-md, 2rem);row-gap:var(--global-kb-gap-md, 2rem);padding-top:var(--global-kb-spacing-sm, 1.5rem);padding-bottom:var(--global-kb-spacing-sm, 1.5rem);grid-template-columns:minmax(0, 1fr);}.kb-row-layout-id941_688e83-25 > .kt-row-layout-overlay{opacity:0.30;}@media all and (max-width: 1024px){.kb-row-layout-id941_688e83-25 > .kt-row-column-wrap{grid-template-columns:minmax(0, 1fr);}}@media all and (max-width: 767px){.kb-row-layout-id941_688e83-25 > .kt-row-column-wrap{grid-template-columns:minmax(0, 1fr);}}<\/style><div class=\"kb-row-layout-wrap kb-row-layout-id941_688e83-25 alignnone wp-block-kadence-rowlayout\"><div class=\"kt-row-column-wrap kt-has-1-columns kt-row-layout-equal kt-tab-layout-inherit kt-mobile-layout-row kt-row-valign-top\">\n<style>.kadence-column941_82268e-fc > .kt-inside-inner-col,.kadence-column941_82268e-fc > .kt-inside-inner-col:before{border-top-left-radius:0px;border-top-right-radius:0px;border-bottom-right-radius:0px;border-bottom-left-radius:0px;}.kadence-column941_82268e-fc > .kt-inside-inner-col{column-gap:var(--global-kb-gap-sm, 1rem);}.kadence-column941_82268e-fc > .kt-inside-inner-col{flex-direction:column;}.kadence-column941_82268e-fc > .kt-inside-inner-col > .aligncenter{width:100%;}.kadence-column941_82268e-fc > .kt-inside-inner-col:before{opacity:0.3;}.kadence-column941_82268e-fc{position:relative;}@media all and (max-width: 1024px){.kadence-column941_82268e-fc > .kt-inside-inner-col{flex-direction:column;justify-content:center;}}@media all and (max-width: 767px){.kadence-column941_82268e-fc > .kt-inside-inner-col{flex-direction:column;justify-content:center;}}<\/style>\n<div class=\"wp-block-kadence-column kadence-column941_82268e-fc\"><div class=\"kt-inside-inner-col\">\n<section class=\"ds-legal-content\">\n\n  <p class=\"ds-legal-intro\">\n    The website <strong>domisob.art<\/strong> cares about the privacy of its users.\nThis policy explains what data may be collected while using the website and for what purpose it is used.\n  <\/p>\n\n  <div class=\"ds-legal-block\">\n    <h2>1. Data Controller<\/h2>\n    <p>\n      Administratorem danych osobowych jest w\u0142a\u015bciciel studia brandingowego <strong>domisob<\/strong> &#8211; Dominik Sobolewski.\n      Kontakt w sprawach dotycz\u0105cych prywatno\u015bci:\n      <a href=\"mailto:domisob.business@gmail.com\">domisob.business@gmail.com<\/a>\n    <\/p>\n  <\/div>\n\n  <div class=\"ds-legal-block\">\n    <h2>2. Scope and Purpose of Data Processing<\/h2>\n    <p>Strona internetowa domisob.art umo\u017cliwia kontakt za po\u015brednictwem formularzy kontaktowych.<\/p>\n\n    <p>W ramach formularzy mog\u0105 by\u0107 przetwarzane nast\u0119puj\u0105ce dane:<\/p>\n    <ul>\n      <li>first and last name,<\/li>\n      <li>email address,<\/li>\n      <li>numer telefonu (opcjonalnie),<\/li>\n      <li>message content \/ description of needs,<\/li>\n      <li>informacje dotycz\u0105ce wsp\u00f3\u0142pracy (np. bud\u017cet, zakres, termin).<\/li>\n    <\/ul>\n\n    <p>Personal data is processed solely for the purpose of:<\/p>\n    <ul>\n      <li>kontaktu zwrotnego w odpowiedzi na przes\u0142ane zapytanie.<\/li>\n    <\/ul>\n\n    <p>Podanie danych jest dobrowolne, ale niezb\u0119dne do uzyskania odpowiedzi.<\/p>\n  <\/div>\n\n  <div class=\"ds-legal-block\">\n    <h2>3. Contact Form<\/h2>\n    <p>\n      Strona umo\u017cliwia kontakt za po\u015brednictwem formularzy kontaktowych. Dane przes\u0142ane przez formularze trafiaj\u0105 bezpo\u015brednio do administratora i s\u0105 wykorzystywane wy\u0142\u0105cznie w celu odpowiedzi na zapytanie oraz dalszego kontaktu.\n      Dane s\u0105 przechowywane przez czas niezb\u0119dny do obs\u0142ugi zapytania.\n    <\/p>\n  <\/div>\n\n  <div class=\"ds-legal-block\">\n    <h2>4. Cookies<\/h2>\n    <p>\n      Strona mo\u017ce korzysta\u0107 z plik\u00f3w cookies (tzw. ciasteczek) w celu prawid\u0142owego dzia\u0142ania witryny, analizy ruchu oraz poprawy do\u015bwiadczenia u\u017cytkownika. U\u017cytkownik mo\u017ce w ka\u017cdej chwili zmieni\u0107 ustawienia cookies w swojej przegl\u0105darce.\n    <\/p>\n  <\/div>\n\n  <div class=\"ds-legal-block\">\n    <h2>5. External Links and Content<\/h2>\n    <p>\n      Witryna zawiera odno\u015bniki do serwis\u00f3w zewn\u0119trznych (m.in. LinkedIn, Instagram oraz WhatsApp). Po przej\u015bciu na inne strony polityka prywatno\u015bci domisob.art przestaje obowi\u0105zywa\u0107. Zalecamy zapoznanie si\u0119 z zasadami prywatno\u015bci poszczeg\u00f3lnych platform.\n    <\/p>\n  <\/div>\n\n  <div class=\"ds-legal-block\">\n    <h2>6. Data Security<\/h2>\n    <p>\n      Strona korzysta z bezpiecznego po\u0142\u0105czenia szyfrowanego HTTPS. Wszelkie dane przekazywane dobrowolnie przez u\u017cytkownika s\u0105 wykorzystywane wy\u0142\u0105cznie w celu kontaktu zwrotnego.\n    <\/p>\n  <\/div>\n\n  <div class=\"ds-legal-block\">\n    <h2>7. User Rights<\/h2>\n    <p>\n      U\u017cytkownik ma prawo do dost\u0119pu do swoich danych osobowych, ich poprawiania, \u017c\u0105dania usuni\u0119cia lub ograniczenia przetwarzania. W celu realizacji swoich praw u\u017cytkownik mo\u017ce skontaktowa\u0107 si\u0119 z administratorem pod adresem e-mail:\n      <a href=\"mailto:domisob.business@gmail.com\">domisob.business@gmail.com<\/a>\n    <\/p>\n  <\/div>\n\n  <div class=\"ds-legal-block\">\n    <h2>8. Changes to the Privacy Policy<\/h2>\n    <p>\n      The administrator reserves the right to make changes to this policy, particularly in the event of website development or changes in applicable laws.\n    <\/p>\n  <\/div>\n\n<\/section>\n<\/div><\/div>\n\n<\/div><\/div><\/div><\/div>","protected":false},"excerpt":{"rendered":"<p>Informacje o przetwarzaniu danych i zasadach prywatno\u015bci na stronie domisob.art Strona internetowa domisob.art dba o prywatno\u015b\u0107 swoich u\u017cytkownik\u00f3w. Niniejsza polityka [&hellip;]<\/p>\n","protected":false},"author":1,"featured_media":0,"parent":0,"menu_order":0,"comment_status":"closed","ping_status":"closed","template":"","meta":{"_gspb_post_css":".gsbp-5ca132b{text-align:center;color:var(--wp--preset--color--ast-global-color-4, var(--ast-global-color-4));position:relative}","site-sidebar-layout":"default","site-content-layout":"","ast-site-content-layout":"full-width-container","site-content-style":"default","site-sidebar-style":"default","ast-global-header-display":"","ast-banner-title-visibility":"","ast-main-header-display":"","ast-hfb-above-header-display":"","ast-hfb-below-header-display":"","ast-hfb-mobile-header-display":"","site-post-title":"disabled","ast-breadcrumbs-content":"","ast-featured-img":"","footer-sml-layout":"","theme-transparent-header-meta":"","adv-header-id-meta":"","stick-header-meta":"","header-above-stick-meta":"","header-main-stick-meta":"","header-below-stick-meta":"","astra-migrate-meta-layouts":"default","ast-page-background-enabled":"default","ast-page-background-meta":{"desktop":{"background-color":"var(--ast-global-color-5)","background-image":"","background-repeat":"repeat","background-position":"center center","background-size":"auto","background-attachment":"scroll","background-type":"","background-media":"","overlay-type":"","overlay-color":"","overlay-opacity":"","overlay-gradient":""},"tablet":{"background-color":"","background-image":"","background-repeat":"repeat","background-position":"center center","background-size":"auto","background-attachment":"scroll","background-type":"","background-media":"","overlay-type":"","overlay-color":"","overlay-opacity":"","overlay-gradient":""},"mobile":{"background-color":"","background-image":"","background-repeat":"repeat","background-position":"center center","background-size":"auto","background-attachment":"scroll","background-type":"","background-media":"","overlay-type":"","overlay-color":"","overlay-opacity":"","overlay-gradient":""}},"ast-content-background-meta":{"desktop":{"background-color":"var(--ast-global-color-4)","background-image":"","background-repeat":"repeat","background-position":"center center","background-size":"auto","background-attachment":"scroll","background-type":"","background-media":"","overlay-type":"","overlay-color":"","overlay-opacity":"","overlay-gradient":""},"tablet":{"background-color":"var(--ast-global-color-4)","background-image":"","background-repeat":"repeat","background-position":"center center","background-size":"auto","background-attachment":"scroll","background-type":"","background-media":"","overlay-type":"","overlay-color":"","overlay-opacity":"","overlay-gradient":""},"mobile":{"background-color":"var(--ast-global-color-4)","background-image":"","background-repeat":"repeat","background-position":"center center","background-size":"auto","background-attachment":"scroll","background-type":"","background-media":"","overlay-type":"","overlay-color":"","overlay-opacity":"","overlay-gradient":""}},"footnotes":""},"class_list":["post-941","page","type-page","status-publish","hentry"],"yoast_head":"<!-- This site is optimized with the Yoast SEO plugin v27.4 - https:\/\/yoast.com\/product\/yoast-seo-wordpress\/ -->\n<title>Polityka prywatno\u015bci<\/title>\n<meta name=\"robots\" content=\"index, follow, max-snippet:-1, max-image-preview:large, max-video-preview:-1\" \/>\n<link rel=\"canonical\" href=\"https:\/\/domisob.art\/en\/polityka-prywatnosci\/\" \/>\n<meta property=\"og:locale\" content=\"en_US\" \/>\n<meta property=\"og:type\" content=\"article\" \/>\n<meta property=\"og:title\" content=\"Polityka prywatno\u015bci\" \/>\n<meta property=\"og:description\" content=\"Informacje o przetwarzaniu danych i zasadach prywatno\u015bci na stronie domisob.art Strona internetowa domisob.art dba o prywatno\u015b\u0107 swoich u\u017cytkownik\u00f3w. Niniejsza polityka [&hellip;]\" \/>\n<meta property=\"og:url\" content=\"https:\/\/domisob.art\/en\/polityka-prywatnosci\/\" \/>\n<meta property=\"article:modified_time\" content=\"2026-03-24T07:02:01+00:00\" \/>\n<meta name=\"twitter:card\" content=\"summary_large_image\" \/>\n<meta name=\"twitter:label1\" content=\"Est. reading time\" \/>\n\t<meta name=\"twitter:data1\" content=\"2 minutes\" \/>\n<script type=\"application\/ld+json\" class=\"yoast-schema-graph\">{\"@context\":\"https:\\\/\\\/schema.org\",\"@graph\":[{\"@type\":\"WebPage\",\"@id\":\"https:\\\/\\\/domisob.art\\\/polityka-prywatnosci\\\/\",\"url\":\"https:\\\/\\\/domisob.art\\\/polityka-prywatnosci\\\/\",\"name\":\"Polityka prywatno\u015bci\",\"isPartOf\":{\"@id\":\"https:\\\/\\\/domisob.art\\\/#website\"},\"datePublished\":\"2025-10-28T12:07:39+00:00\",\"dateModified\":\"2026-03-24T07:02:01+00:00\",\"breadcrumb\":{\"@id\":\"https:\\\/\\\/domisob.art\\\/polityka-prywatnosci\\\/#breadcrumb\"},\"inLanguage\":\"en-US\",\"potentialAction\":[{\"@type\":\"ReadAction\",\"target\":[\"https:\\\/\\\/domisob.art\\\/polityka-prywatnosci\\\/\"]}]},{\"@type\":\"BreadcrumbList\",\"@id\":\"https:\\\/\\\/domisob.art\\\/polityka-prywatnosci\\\/#breadcrumb\",\"itemListElement\":[{\"@type\":\"ListItem\",\"position\":1,\"name\":\"Strona g\u0142\u00f3wna\",\"item\":\"https:\\\/\\\/domisob.art\\\/\"},{\"@type\":\"ListItem\",\"position\":2,\"name\":\"Polityka prywatno\u015bci\"}]},{\"@type\":\"WebSite\",\"@id\":\"https:\\\/\\\/domisob.art\\\/#website\",\"url\":\"https:\\\/\\\/domisob.art\\\/\",\"name\":\"domisob\",\"description\":\"\",\"publisher\":{\"@id\":\"https:\\\/\\\/domisob.art\\\/#organization\"},\"potentialAction\":[{\"@type\":\"SearchAction\",\"target\":{\"@type\":\"EntryPoint\",\"urlTemplate\":\"https:\\\/\\\/domisob.art\\\/?s={search_term_string}\"},\"query-input\":{\"@type\":\"PropertyValueSpecification\",\"valueRequired\":true,\"valueName\":\"search_term_string\"}}],\"inLanguage\":\"en-US\"},{\"@type\":\"Organization\",\"@id\":\"https:\\\/\\\/domisob.art\\\/#organization\",\"name\":\"domisob\",\"url\":\"https:\\\/\\\/domisob.art\\\/\",\"logo\":{\"@type\":\"ImageObject\",\"inLanguage\":\"en-US\",\"@id\":\"https:\\\/\\\/domisob.art\\\/#\\\/schema\\\/logo\\\/image\\\/\",\"url\":\"https:\\\/\\\/domisob.art\\\/wp-content\\\/uploads\\\/2025\\\/10\\\/logo-domisob.png\",\"contentUrl\":\"https:\\\/\\\/domisob.art\\\/wp-content\\\/uploads\\\/2025\\\/10\\\/logo-domisob.png\",\"width\":998,\"height\":334,\"caption\":\"domisob\"},\"image\":{\"@id\":\"https:\\\/\\\/domisob.art\\\/#\\\/schema\\\/logo\\\/image\\\/\"}}]}<\/script>\n<!-- \/ Yoast SEO plugin. -->","yoast_head_json":{"title":"Privacy Policy","robots":{"index":"index","follow":"follow","max-snippet":"max-snippet:-1","max-image-preview":"max-image-preview:large","max-video-preview":"max-video-preview:-1"},"canonical":"https:\/\/domisob.art\/en\/polityka-prywatnosci\/","og_locale":"en_US","og_type":"article","og_title":"Polityka prywatno\u015bci","og_description":"Informacje o przetwarzaniu danych i zasadach prywatno\u015bci na stronie domisob.art Strona internetowa domisob.art dba o prywatno\u015b\u0107 swoich u\u017cytkownik\u00f3w. Niniejsza polityka [&hellip;]","og_url":"https:\/\/domisob.art\/en\/polityka-prywatnosci\/","article_modified_time":"2026-03-24T07:02:01+00:00","twitter_card":"summary_large_image","twitter_misc":{"Est. reading time":"2 minutes"},"schema":{"@context":"https:\/\/schema.org","@graph":[{"@type":"WebPage","@id":"https:\/\/domisob.art\/polityka-prywatnosci\/","url":"https:\/\/domisob.art\/polityka-prywatnosci\/","name":"Privacy Policy","isPartOf":{"@id":"https:\/\/domisob.art\/#website"},"datePublished":"2025-10-28T12:07:39+00:00","dateModified":"2026-03-24T07:02:01+00:00","breadcrumb":{"@id":"https:\/\/domisob.art\/polityka-prywatnosci\/#breadcrumb"},"inLanguage":"en-US","potentialAction":[{"@type":"ReadAction","target":["https:\/\/domisob.art\/polityka-prywatnosci\/"]}]},{"@type":"BreadcrumbList","@id":"https:\/\/domisob.art\/polityka-prywatnosci\/#breadcrumb","itemListElement":[{"@type":"ListItem","position":1,"name":"Strona g\u0142\u00f3wna","item":"https:\/\/domisob.art\/"},{"@type":"ListItem","position":2,"name":"Polityka prywatno\u015bci"}]},{"@type":"WebSite","@id":"https:\/\/domisob.art\/#website","url":"https:\/\/domisob.art\/","name":"domisob","description":"","publisher":{"@id":"https:\/\/domisob.art\/#organization"},"potentialAction":[{"@type":"SearchAction","target":{"@type":"EntryPoint","urlTemplate":"https:\/\/domisob.art\/?s={search_term_string}"},"query-input":{"@type":"PropertyValueSpecification","valueRequired":true,"valueName":"search_term_string"}}],"inLanguage":"en-US"},{"@type":"Organization","@id":"https:\/\/domisob.art\/#organization","name":"domisob","url":"https:\/\/domisob.art\/","logo":{"@type":"ImageObject","inLanguage":"en-US","@id":"https:\/\/domisob.art\/#\/schema\/logo\/image\/","url":"https:\/\/domisob.art\/wp-content\/uploads\/2025\/10\/logo-domisob.png","contentUrl":"https:\/\/domisob.art\/wp-content\/uploads\/2025\/10\/logo-domisob.png","width":998,"height":334,"caption":"domisob"},"image":{"@id":"https:\/\/domisob.art\/#\/schema\/logo\/image\/"}}]}},"_links":{"self":[{"href":"https:\/\/domisob.art\/en\/wp-json\/wp\/v2\/pages\/941","targetHints":{"allow":["GET"]}}],"collection":[{"href":"https:\/\/domisob.art\/en\/wp-json\/wp\/v2\/pages"}],"about":[{"href":"https:\/\/domisob.art\/en\/wp-json\/wp\/v2\/types\/page"}],"author":[{"embeddable":true,"href":"https:\/\/domisob.art\/en\/wp-json\/wp\/v2\/users\/1"}],"replies":[{"embeddable":true,"href":"https:\/\/domisob.art\/en\/wp-json\/wp\/v2\/comments?post=941"}],"version-history":[{"count":30,"href":"https:\/\/domisob.art\/en\/wp-json\/wp\/v2\/pages\/941\/revisions"}],"predecessor-version":[{"id":4149,"href":"https:\/\/domisob.art\/en\/wp-json\/wp\/v2\/pages\/941\/revisions\/4149"}],"wp:attachment":[{"href":"https:\/\/domisob.art\/en\/wp-json\/wp\/v2\/media?parent=941"}],"curies":[{"name":"wp","href":"https:\/\/api.w.org\/{rel}","templated":true}]}}